{"id":5974,"date":"2025-03-26T09:26:22","date_gmt":"2025-03-26T09:26:22","guid":{"rendered":"https:\/\/www.hotelarcadia.net\/lhotel-le-plus-romantique-de-venise\/passeggiata-romantica-a-piazza-san-marco\/"},"modified":"2025-04-03T12:49:41","modified_gmt":"2025-04-03T12:49:41","slug":"promenade-romantique-a-piazza-san-marco","status":"publish","type":"page","link":"https:\/\/hotelarcadia.net\/fr\/hotel-le-plus-romantique-de-venise\/promenade-romantique-a-piazza-san-marco\/","title":{"rendered":"Promenade romantique \u00e0 Piazza San Marco: majest\u00e9 et intimit\u00e9"},"content":{"rendered":"\n<p class=\"has-text-align-left\"><em>Piazza San Marco<\/em> est l\u2019\u00e2me de Venise. Avec sa grandeur, la <strong>Basilique de Saint-Marc<\/strong> et le <strong><em>Campanile<\/em><\/strong>, c\u2019est un lieu qui vous coupe le souffle par sa beaut\u00e9 historique. Mais au-del\u00e0 de sa renomm\u00e9e mondiale et de sa taille, il existe un c\u00f4t\u00e9 plus intime et cach\u00e9 de <em>Piazza San Marco<\/em> qui se r\u00e9v\u00e8le uniquement aux c\u0153urs les plus romantiques. Se promener au coucher du soleil, lorsque la place se vide et que les lumi\u00e8res commencent \u00e0 s\u2019allumer, est une <strong>exp\u00e9rience incontournable<\/strong> pour tous les couples qui souhaitent vivre la magie de Venise.<\/p>\n\n\n\n<h3 class=\"has-text-align-left wp-block-heading\">La majest\u00e9 de Piazza San Marco<\/h3>\n\n\n\n<p class=\"has-text-align-left\"><strong><em>Piazza San Marco<\/em><\/strong> est l\u2019une des plus belles et des plus reconnaissables places au monde. C\u2019est le c\u0153ur de la ville, avec la <strong><a href=\"https:\/\/hotelarcadia.net\/fr\/exhibition\/curiosites-sur-la-basilique-saint-marc\/\" data-type=\"URL\" data-id=\"https:\/\/hotelarcadia.net\/fr\/exhibition\/curiosites-sur-la-basilique-saint-marc\/\">Basilique de Saint-Marc<\/a><\/strong> qui domine la sc\u00e8ne, le <strong><em>Campanile<\/em><\/strong> qui se dresse au-dessus des toits et le <strong><a href=\"https:\/\/hotelarcadia.net\/fr\/exhibition\/billets-pour-le-palais-des-doges\/\" data-type=\"URL\" data-id=\"https:\/\/hotelarcadia.net\/fr\/exhibition\/billets-pour-le-palais-des-doges\/\">Palais des Doges<\/a><\/strong> qui raconte des si\u00e8cles d\u2019histoire v\u00e9nitienne. La place est grande et souvent bond\u00e9e, mais il y a toujours un coin tranquille o\u00f9 vous pouvez vous arr\u00eater, ne serait-ce que pour un instant, et admirer la beaut\u00e9 qui vous entoure.<\/p>\n\n\n\n<blockquote class=\"wp-block-quote has-text-align-left is-layout-flow wp-block-quote-is-layout-flow\"><p><strong>Conseil romantique<\/strong>: promenez-vous sur la place au coucher du soleil, lorsque la lumi\u00e8re douce se refl\u00e8te sur le marbre et les colonnes, cr\u00e9ant une atmosph\u00e8re unique et romantique.<\/p><\/blockquote>\n\n\n\n<h3 class=\"has-text-align-left wp-block-heading\">Les d\u00e9tails qui font la diff\u00e9rence<\/h3>\n\n\n\n<p class=\"has-text-align-left\">Alors que <em>Piazza San Marco<\/em> est c\u00e9l\u00e8bre pour sa grandeur et ses monuments, <strong>c\u2019est dans les d\u00e9tails que r\u00e9side sa v\u00e9ritable beaut\u00e9<\/strong>. Les <strong>bancs orn\u00e9s<\/strong>, les <strong>espaces cach\u00e9s<\/strong>, et la vue sur les <strong><em>Fondamenta<\/em><\/strong> longeant le canal sont des endroits id\u00e9aux pour s\u2019arr\u00eater et prendre un caf\u00e9 ou une photo romantique. Les <strong>colonnes du Palais des Doges<\/strong>, les <strong>fleurs<\/strong> sur les balcons, les <strong>mouettes<\/strong> qui volent au-dessus de la place: chaque petit d\u00e9tail raconte une histoire et ajoute au charme du lieu.<\/p>\n\n\n\n<blockquote class=\"wp-block-quote has-text-align-left is-layout-flow wp-block-quote-is-layout-flow\"><p><strong>Conseil romantique<\/strong>: arr\u00eatez-vous sur un banc pr\u00e8s du <strong>Caff\u00e8 Florian<\/strong>, l\u2019un des caf\u00e9s les plus historiques de la place, et profitez d\u2019un caf\u00e9 v\u00e9nitien tout en observant le coucher du soleil sur la place.<\/p><\/blockquote>\n\n\n\n<h3 class=\"has-text-align-left wp-block-heading\">La magie du <strong>Campanile<\/strong> au coucher du soleil<\/h3>\n\n\n\n<p class=\"has-text-align-left\">Le <strong>Campanile de Saint-Marc<\/strong> est l\u2019une des structures les plus \u00e9lev\u00e9es de Venise et offre l\u2019un des meilleurs panoramas de la ville. C\u2019est l\u2019endroit id\u00e9al pour prendre des <strong>photos romantiques<\/strong> et profiter de la vue sur toute la ville. D\u2019ici, vous pouvez voir les toits v\u00e9nitiens, les canaux et la lagune, avec une vue imprenable.<\/p>\n\n\n\n<blockquote class=\"wp-block-quote has-text-align-left is-layout-flow wp-block-quote-is-layout-flow\"><p><strong>Conseil romantique<\/strong>: si vous \u00eates aventureux, montez \u00e0 la <strong>Tour du Campanile<\/strong> pour une vue panoramique inoubliable. Le coucher du soleil depuis cet endroit est incroyable.<\/p><\/blockquote>\n\n\n\n<h3 class=\"has-text-align-left wp-block-heading\">Le calme de la place la nuit<\/h3>\n\n\n\n<p class=\"has-text-align-left\">Bien que <em>Piazza San Marco<\/em> soit souvent bond\u00e9e pendant la journ\u00e9e, elle se transforme en un endroit <strong>romantique et calme<\/strong> la nuit. Les lumi\u00e8res des r\u00e9verb\u00e8res se refl\u00e8tent sur le sol en pierre, et le son des <strong>musiciens<\/strong> qui jouent sous les arcades se m\u00eale au bruit des vagues du canal. <strong>La place vide<\/strong> et le son des cloches marquant l\u2019heure cr\u00e9ent une atmosph\u00e8re unique, id\u00e9ale pour une <strong>promenade nocturne \u00e0 deux<\/strong>.<\/p>\n\n\n\n<blockquote class=\"wp-block-quote has-text-align-left is-layout-flow wp-block-quote-is-layout-flow\"><p><strong>Conseil romantique<\/strong>: faites une promenade <strong>sous les arcades<\/strong> du Palais des Doges, o\u00f9 il y a peu de monde et vous pourrez profiter de l\u2019atmosph\u00e8re magique de Venise la nuit.<\/p><\/blockquote>\n\n\n\n<h3 class=\"has-text-align-left wp-block-heading\">L\u2019ap\u00e9ritif \u00e0 Piazza San Marco<\/h3>\n\n\n\n<p class=\"has-text-align-left\">Apr\u00e8s une promenade romantique, quoi de mieux que de s\u2019arr\u00eater dans l\u2019un des <strong>caf\u00e9s historiques<\/strong> de <em>Piazza San Marco<\/em> pour un <strong>ap\u00e9ritif v\u00e9nitien<\/strong>? Le <strong><em>Caff\u00e8 Florian<\/em><\/strong> et le <strong><em>Caff\u00e8 Quadri<\/em><\/strong>, tous deux avec vue sur la place, sont des lieux embl\u00e9matiques pour d\u00e9guster un verre typique de Venise. Ici, le temps semble ralentir et tout devient plus intime.<\/p>\n\n\n\n<blockquote class=\"wp-block-quote has-text-align-left is-layout-flow wp-block-quote-is-layout-flow\"><p><strong>Conseil romantique<\/strong>: optez pour un <strong>ap\u00e9ritif \u00e0 base de Spritz<\/strong> et profitez de la musique live, tandis que la place s\u2019illumine en soir\u00e9e.<\/p><\/blockquote>\n\n\n\n<h3 class=\"has-text-align-left wp-block-heading\">Le charme intemporel de Venise<\/h3>\n\n\n\n<p class=\"has-text-align-left\"><em>Piazza San Marco<\/em> est le c\u0153ur de la ville, mais au coucher du soleil ou la nuit, elle <strong>se transforme en un coin plus intime et secret<\/strong>, o\u00f9 les moments romantiques deviennent plus intenses. Ici, chaque couple peut se sentir partie int\u00e9grante de l\u2019histoire de Venise, o\u00f9 chaque pierre, chaque coin, et chaque vue vous invite \u00e0 vivre la magie de la ville.<\/p>\n\n\n\n<blockquote class=\"wp-block-quote has-text-align-left is-layout-flow wp-block-quote-is-layout-flow\"><p><strong>Conseil romantique<\/strong>: arr\u00eatez-vous pour <strong>regarder le reflet<\/strong> du Palais des Doges et de la Basilique dans les canaux, une image qui restera dans votre c\u0153ur et vos souvenirs.<\/p><\/blockquote>\n\n\n\n<h3 class=\"has-text-align-left wp-block-heading\">T\u00e9moignages de nos h\u00f4tes de l\u2019Arcadia<\/h3>\n\n\n\n<blockquote class=\"wp-block-quote has-text-align-left is-layout-flow wp-block-quote-is-layout-flow\"><p class=\"\">\u201cNous avons pass\u00e9 toute la soir\u00e9e \u00e0 marcher sur la place au coucher du soleil, puis nous nous sommes assis au Caff\u00e8 Florian pour un verre de Prosecco. Le moment parfait.\u201d<br>\u201cNotre photo sous le Campanile est la plus belle de notre lune de miel. Piazza San Marco au coucher du soleil est l\u2019une des exp\u00e9riences les plus romantiques que nous ayons v\u00e9cues.\u201d<br>\u201cIl n\u2019y a rien de plus magique que Piazza San Marco la nuit. Nous avons march\u00e9 sous les arcades, dans la tranquillit\u00e9, avec seulement la musique en fond sonore.\u201d<\/p><\/blockquote>\n\n\n\n<h3 class=\"has-text-align-left wp-block-heading\">Conseils de l\u2019\u00e9quipe Arcadia<\/h3>\n\n\n\n<blockquote class=\"wp-block-quote has-text-align-left is-layout-flow wp-block-quote-is-layout-flow\"><p class=\"\">\u201cSi vous voulez profiter de la place sans la foule, allez-y t\u00f4t le matin ou tard dans la nuit.\u201d<br>\u201cN\u2019oubliez pas de vous arr\u00eater au <strong>Caff\u00e8 Florian<\/strong> pour un ap\u00e9ritif avec vue.\u201d<br>\u201cFaites une pause sur le banc en face de la <strong>Basilique de Saint-Marc<\/strong> et admirez le panorama : c\u2019est l\u2019endroit id\u00e9al pour un moment intime.\u201d<\/p><\/blockquote>\n\n\n\n<p class=\"has-text-align-left\"><strong>R\u00e9servez votre s\u00e9jour \u00e0 l\u2019Arcadia Boutique Hotel<\/strong> et commencez votre promenade romantique \u00e0 Venise depuis <em>Piazza San Marco<\/em>.<br>Ou <strong><a href=\"https:\/\/hotelarcadia.net\/fr\/\" data-type=\"URL\" data-id=\"https:\/\/hotelarcadia.net\/fr\/\">contactez-nous<\/a><\/strong> pour des conseils personnalis\u00e9s sur les lieux les plus romantiques de Venise \u00e0 visiter \u00e0 pied.<\/p>\n","protected":false},"excerpt":{"rendered":"<p>Piazza San Marco est l\u2019\u00e2me de Venise. Avec sa grandeur, la Basilique de Saint-Marc et le Campanile, c\u2019est un lieu qui vous coupe le souffle par sa beaut\u00e9 historique. Mais au-del\u00e0 de sa renomm\u00e9e mondiale et de sa taille, il existe un c\u00f4t\u00e9 plus intime et cach\u00e9 de Piazza San Marco qui se r\u00e9v\u00e8le uniquement [&hellip;]<\/p>\n","protected":false},"author":1,"featured_media":6370,"parent":5618,"menu_order":0,"comment_status":"closed","ping_status":"closed","template":"","meta":{"_acf_changed":false,"footnotes":""},"class_list":["post-5974","page","type-page","status-publish","has-post-thumbnail","hentry"],"acf":[],"_links":{"self":[{"href":"https:\/\/hotelarcadia.net\/fr\/wp-json\/wp\/v2\/pages\/5974","targetHints":{"allow":["GET"]}}],"collection":[{"href":"https:\/\/hotelarcadia.net\/fr\/wp-json\/wp\/v2\/pages"}],"about":[{"href":"https:\/\/hotelarcadia.net\/fr\/wp-json\/wp\/v2\/types\/page"}],"author":[{"embeddable":true,"href":"https:\/\/hotelarcadia.net\/fr\/wp-json\/wp\/v2\/users\/1"}],"replies":[{"embeddable":true,"href":"https:\/\/hotelarcadia.net\/fr\/wp-json\/wp\/v2\/comments?post=5974"}],"version-history":[{"count":0,"href":"https:\/\/hotelarcadia.net\/fr\/wp-json\/wp\/v2\/pages\/5974\/revisions"}],"up":[{"embeddable":true,"href":"https:\/\/hotelarcadia.net\/fr\/wp-json\/wp\/v2\/pages\/5618"}],"wp:featuredmedia":[{"embeddable":true,"href":"https:\/\/hotelarcadia.net\/fr\/wp-json\/wp\/v2\/media\/6370"}],"wp:attachment":[{"href":"https:\/\/hotelarcadia.net\/fr\/wp-json\/wp\/v2\/media?parent=5974"}],"curies":[{"name":"wp","href":"https:\/\/api.w.org\/{rel}","templated":true}]}}