{"id":6009,"date":"2025-03-26T10:28:10","date_gmt":"2025-03-26T10:28:10","guid":{"rendered":"https:\/\/www.hotelarcadia.net\/?page_id=6009"},"modified":"2025-04-16T12:35:17","modified_gmt":"2025-04-16T12:35:17","slug":"promenade-romantique-le-long-des-fondamenta-delle-zattere","status":"publish","type":"page","link":"https:\/\/hotelarcadia.net\/fr\/hotel-le-plus-romantique-de-venise\/promenade-romantique-le-long-des-fondamenta-delle-zattere\/","title":{"rendered":"Promenade romantique le long des Fondamenta delle Zattere: art, eau et couchers de soleil \u00e0 couper le souffle"},"content":{"rendered":"\n<p class=\"has-text-align-left\">Les <strong><em>Fondamenta della Zattere<\/em><\/strong> sont l\u2019un des endroits les plus pittoresques de Venise, parfaits pour une <strong>promenade romantique<\/strong> loin de la foule. Faisant face \u00e0 <strong><em>l\u2019\u00eele de la Giudecca<\/em><\/strong>, ces longues rives offrent une vue spectaculaire sur le <strong><em>Canal della Giudecca<\/em><\/strong> et sont un coin de s\u00e9r\u00e9nit\u00e9 id\u00e9al pour les couples qui veulent d\u00e9couvrir la ville sous un angle plus calme et intime. La beaut\u00e9 de la <strong>lagune v\u00e9nitienne<\/strong> au coucher du soleil est quelque chose qui restera dans vos c\u0153urs pour toujours.<\/p>\n\n\n\n<h3 class=\"has-text-align-left wp-block-heading\">Fondamenta della Zattere: la meilleure vue sur Giudecca<\/h3>\n\n\n\n<p class=\"has-text-align-left\">Les <strong><em>Fondamenta della Zattere<\/em><\/strong> s\u2019\u00e9tendent le long du <strong><em>Canal della Giudecca<\/em><\/strong>, un large et paisible canal bord\u00e9 de b\u00e2timents historiques. Cette partie de Venise est l\u2019une des <strong>plus tranquilles et pittoresques<\/strong>, avec une vue sur la <strong>lagune<\/strong> qui se fond harmonieusement avec l\u2019architecture des palais qui bordent l\u2019embarcad\u00e8re. La pr\u00e9sence des bateaux qui glissent lentement sur l\u2019eau cr\u00e9e une atmosph\u00e8re unique, parfaite pour une promenade romantique.<\/p>\n\n\n\n<blockquote class=\"wp-block-quote has-text-align-left is-layout-flow wp-block-quote-is-layout-flow\"><p><strong>Conseil romantique<\/strong>: promenez-vous le long des Fondamenta au coucher du soleil, lorsque le ciel se refl\u00e8te sur l\u2019eau et que la ville est baign\u00e9e de lumi\u00e8re dor\u00e9e, cr\u00e9ant une atmosph\u00e8re magique et romantique.<\/p><\/blockquote>\n\n\n\n<h3 class=\"has-text-align-left wp-block-heading\">L\u2019art et l\u2019histoire le long de la Zattere<\/h3>\n\n\n\n<p class=\"has-text-align-left\">Les <strong><em>Fondamenta della Zattere<\/em><\/strong> ne sont pas seulement un endroit spectaculaire pour admirer la lagune, mais aussi un coin riche en histoire et en art. En vous promenant le long de la rive, vous rencontrerez certaines des \u00e9glises les plus importantes de Venise, telles que <strong><em>l\u2019\u00e9glise de San Trovaso<\/em><\/strong> et <strong><em>l\u2019\u00e9glise de la Santissima Trinit\u00e0<\/em><\/strong>. En chemin, vous trouverez aussi le <em><strong>Mus\u00e9e de la Giudecca<\/strong>,<\/em> qui raconte l\u2019histoire de l\u2019\u00eele et de ses habitants.<\/p>\n\n\n\n<blockquote class=\"wp-block-quote has-text-align-left is-layout-flow wp-block-quote-is-layout-flow\"><p><strong>Conseil romantique<\/strong>: arr\u00eatez-vous pour visiter l\u2019une des \u00e9glises ou l\u2019un des mus\u00e9es le long des Fondamenta pour un moment de tranquillit\u00e9, loin de la foule touristique, avant de poursuivre votre promenade.<\/p><\/blockquote>\n\n\n\n<h3 class=\"has-text-align-left wp-block-heading\">Un coin cach\u00e9 de Venise \u00e0 d\u00e9couvrir<\/h3>\n\n\n\n<p class=\"has-text-align-left\">Contrairement aux zones plus touristiques, les <strong><em>Fondamenta della Zattere<\/em><\/strong> sont plus calmes, permettant aux visiteurs de s\u2019immerger dans la <strong>Vraie Venise<\/strong>. Tout au long de la promenade, vous pourrez admirer les <strong><a href=\"https:\/\/hotelarcadia.net\/exhibition\/venice-islands-which-to-visit\/\" data-type=\"URL\" data-id=\"https:\/\/hotelarcadia.net\/exhibition\/venice-islands-which-to-visit\/\">\u00eeles voisines<\/a><\/strong>, telles que <strong>Murano<\/strong> et <strong>Burano<\/strong>, et profiter de la <strong>paix et de la s\u00e9r\u00e9nit\u00e9<\/strong> que peu d\u2019endroits \u00e0 Venise peuvent offrir. C\u2019est l\u2019endroit id\u00e9al pour s\u2019arr\u00eater, respirer la beaut\u00e9 qui entoure la ville, prendre une photo romantique ou simplement <strong>s\u2019asseoir et regarder les bateaux passer<\/strong>.<\/p>\n\n\n\n<blockquote class=\"wp-block-quote has-text-align-left is-layout-flow wp-block-quote-is-layout-flow\"><p><strong>Conseil romantique<\/strong>: asseyez-vous sur un banc le long de la rive et profitez de la <strong>vue sur la lagune<\/strong> tout en vous relaxant, \u00e9coutant le bruit des vagues qui caressent le rivage.<\/p><\/blockquote>\n\n\n\n<h3 class=\"has-text-align-left wp-block-heading\">La beaut\u00e9 du coucher de soleil sur la lagune<\/h3>\n\n\n\n<p class=\"has-text-align-left\">L\u2019une des exp\u00e9riences les plus romantiques que vous puissiez vivre le long des <strong><em>Fondamenta della Zattere<\/em><\/strong> est de <strong>regarder le coucher de soleil<\/strong> sur la lagune. Lorsque le soleil commence \u00e0 se coucher et que le ciel se pare de teintes roses, oranges et dor\u00e9es, la vue sur la <strong>lagune v\u00e9nitienne<\/strong> est v\u00e9ritablement unique. C\u2019est le moment id\u00e9al pour vous arr\u00eater avec votre partenaire, prendre un verre de vin ou un ap\u00e9ritif, et profiter de la beaut\u00e9 de Venise au coucher du soleil.<\/p>\n\n\n\n<blockquote class=\"wp-block-quote has-text-align-left is-layout-flow wp-block-quote-is-layout-flow\"><p><strong>Conseil romantique<\/strong>: apportez une bouteille de <strong><em>Prosecco<\/em><\/strong> ou un <strong>cocktail<\/strong>, arr\u00eatez-vous dans l\u2019un des caf\u00e9s avec vue sur le canal, et portez un toast au coucher du soleil pendant que le ciel se colore de teintes dor\u00e9es.<\/p><\/blockquote>\n\n\n\n<h3 class=\"has-text-align-left wp-block-heading\">Les bacari le long des Fondamenta: ap\u00e9ritifs v\u00e9nitiens et cicchetti<\/h3>\n\n\n\n<p class=\"has-text-align-left\">Une autre mani\u00e8re parfaite de compl\u00e9ter votre promenade romantique est de vous arr\u00eater dans l\u2019un des typiques <strong><em>bacari<\/em><\/strong> (bars traditionnels) le long des <em>Fondamenta della Zattere<\/em>. Ces petits \u00e9tablissements sont id\u00e9aux pour d\u00e9guster des <strong><em>cicchetti<\/em><\/strong> (tapas v\u00e9nitiennes) et <strong>boire un verre de vin<\/strong> tout en \u00e9tant assis au bord de l\u2019eau. L\u2019atmosph\u00e8re conviviale et familiale des bacari ajoute une touche authentique \u00e0 votre exp\u00e9rience romantique.<\/p>\n\n\n\n<blockquote class=\"wp-block-quote has-text-align-left is-layout-flow wp-block-quote-is-layout-flow\"><p><strong>Conseil romantique<\/strong>: choisissez un <em>bacaro<\/em> avec vue sur le canal, d\u00e9gustez des <strong><em>cicchetti<\/em><\/strong> frais et trinquez \u00e0 l\u2019amour tout en admirant la vue sur le <strong><em>Canal della Giudecca<\/em><\/strong>.<\/p><\/blockquote>\n\n\n\n<h3 class=\"has-text-align-left wp-block-heading\">Un chemin parfait pour deux<\/h3>\n\n\n\n<p class=\"has-text-align-left\">Les <strong><em>Fondamenta della Zattere<\/em><\/strong> offrent <strong>un coin intime<\/strong> de Venise qui est parfait pour les couples \u00e0 la recherche de tranquillit\u00e9 et de beaut\u00e9. La promenade est longue et facile \u00e0 parcourir, sans h\u00e2te ni stress, ce qui en fait le lieu id\u00e9al pour <strong>une balade \u00e0 deux<\/strong>. De l\u00e0, vous pourrez admirer les <strong>magnifiques reflets sur la lagune<\/strong> et vivre la ville sous un angle plus intime et romantique.<\/p>\n\n\n\n<blockquote class=\"wp-block-quote has-text-align-left is-layout-flow wp-block-quote-is-layout-flow\"><p><strong>Conseil romantique<\/strong>: promenez-vous jusqu\u2019au <strong>Ponte della Dogana<\/strong>, o\u00f9 le panorama de <strong>Piazza San Marco<\/strong> et du <strong>Canal Grande<\/strong> vous surprendra.<\/p><\/blockquote>\n\n\n\n<h3 class=\"has-text-align-left wp-block-heading\">T\u00e9moignages romantiques de nos h\u00f4tes de l\u2019Arcadia<\/h3>\n\n\n\n<blockquote class=\"wp-block-quote has-text-align-left is-layout-flow wp-block-quote-is-layout-flow\"><p class=\"\">\u201cNous avons fait une promenade romantique le long des Zattere au coucher du soleil. La lumi\u00e8re \u00e9tait magique et la vue sur la lagune inoubliable.\u201d<br>\u201cNous nous sommes arr\u00eat\u00e9s dans un bacaro traditionnel et avons trinqu\u00e9 au coucher du soleil. C\u2019\u00e9tait le moment parfait pour terminer notre journ\u00e9e romantique.\u201d<br>\u201cLes Zattere sont l\u2019endroit id\u00e9al pour une promenade tranquille, loin de la foule. Nous avons pris de magnifiques photos au bord de l\u2019eau.\u201d<\/p><\/blockquote>\n\n\n\n<h3 class=\"has-text-align-left wp-block-heading\">Conseils de l\u2019\u00e9quipe Arcadia<\/h3>\n\n\n\n<blockquote class=\"wp-block-quote has-text-align-left is-layout-flow wp-block-quote-is-layout-flow\"><p class=\"\">\u201cLes Zattere sont un endroit romantique que peu de touristes connaissent. Allez-y au coucher du soleil pour une vue spectaculaire.\u201d<br>\u201cSi vous cherchez un endroit calme, les Fondamenta della Zattere sont id\u00e9ales.\u201d<br>\u201cN\u2019oubliez pas de vous arr\u00eater dans l\u2019un des bacari pour un cicchetto avec vue sur le Canal della Giudecca.\u201d<\/p><\/blockquote>\n\n\n\n<p class=\"has-text-align-left\"><strong>R\u00e9servez votre s\u00e9jour \u00e0 l\u2019Arcadia Boutique Hotel<\/strong> et profitez d\u2019une promenade romantique le long des <em>Fondamenta della Zattere<\/em>, avec des couchers de soleil, des vues sur l\u2019eau et des traditions v\u00e9nitiennes.<br>Ou <strong><a href=\"https:\/\/hotelarcadia.net\/fr\/\" data-type=\"URL\" data-id=\"https:\/\/hotelarcadia.net\/fr\/\">contactez-nous<\/a><\/strong> pour des conseils sur la mani\u00e8re de rendre votre s\u00e9jour encore plus sp\u00e9cial.<\/p>\n","protected":false},"excerpt":{"rendered":"<p>Les Fondamenta della Zattere sont l\u2019un des endroits les plus pittoresques de Venise, parfaits pour une promenade romantique loin de la foule. Faisant face \u00e0 l\u2019\u00eele de la Giudecca, ces longues rives offrent une vue spectaculaire sur le Canal della Giudecca et sont un coin de s\u00e9r\u00e9nit\u00e9 id\u00e9al pour les couples qui veulent d\u00e9couvrir la [&hellip;]<\/p>\n","protected":false},"author":1,"featured_media":6387,"parent":5618,"menu_order":0,"comment_status":"closed","ping_status":"closed","template":"","meta":{"_acf_changed":false,"footnotes":""},"class_list":["post-6009","page","type-page","status-publish","has-post-thumbnail","hentry"],"acf":[],"_links":{"self":[{"href":"https:\/\/hotelarcadia.net\/fr\/wp-json\/wp\/v2\/pages\/6009","targetHints":{"allow":["GET"]}}],"collection":[{"href":"https:\/\/hotelarcadia.net\/fr\/wp-json\/wp\/v2\/pages"}],"about":[{"href":"https:\/\/hotelarcadia.net\/fr\/wp-json\/wp\/v2\/types\/page"}],"author":[{"embeddable":true,"href":"https:\/\/hotelarcadia.net\/fr\/wp-json\/wp\/v2\/users\/1"}],"replies":[{"embeddable":true,"href":"https:\/\/hotelarcadia.net\/fr\/wp-json\/wp\/v2\/comments?post=6009"}],"version-history":[{"count":0,"href":"https:\/\/hotelarcadia.net\/fr\/wp-json\/wp\/v2\/pages\/6009\/revisions"}],"up":[{"embeddable":true,"href":"https:\/\/hotelarcadia.net\/fr\/wp-json\/wp\/v2\/pages\/5618"}],"wp:featuredmedia":[{"embeddable":true,"href":"https:\/\/hotelarcadia.net\/fr\/wp-json\/wp\/v2\/media\/6387"}],"wp:attachment":[{"href":"https:\/\/hotelarcadia.net\/fr\/wp-json\/wp\/v2\/media?parent=6009"}],"curies":[{"name":"wp","href":"https:\/\/api.w.org\/{rel}","templated":true}]}}