{"id":6044,"date":"2025-03-26T11:40:14","date_gmt":"2025-03-26T11:40:14","guid":{"rendered":"https:\/\/www.hotelarcadia.net\/lhotel-le-plus-romantique-de-venise\/passeggiata-romantica-a-cannaregio\/"},"modified":"2025-04-04T07:22:13","modified_gmt":"2025-04-04T07:22:13","slug":"promenade-romantique-a-cannaregio","status":"publish","type":"page","link":"https:\/\/hotelarcadia.net\/fr\/hotel-le-plus-romantique-de-venise\/promenade-romantique-a-cannaregio\/","title":{"rendered":"Promenade romantique \u00e0 Cannaregio: histoire, tradition et coins secrets"},"content":{"rendered":"\n<p class=\"has-text-align-left\"><strong><em><a href=\"https:\/\/hotelarcadia.net\/fr\/exhibition\/5-raisons-choisir-cannaregio-pour-ton-sejour-a-venise\/\" data-type=\"URL\" data-id=\"https:\/\/hotelarcadia.net\/fr\/exhibition\/5-raisons-choisir-cannaregio-pour-ton-sejour-a-venise\/\">Cannaregio<\/a><\/em><\/strong> est l\u2019un des quartiers les plus charmants et authentiques de Venise, parfait pour une <strong>promenade romantique<\/strong> \u00e0 travers <strong>histoire, tradition et coins cach\u00e9s<\/strong>. Loin des foules touristiques, ce quartier vous permet de d\u00e9couvrir un c\u00f4t\u00e9 plus intime de Venise, o\u00f9 les ruelles \u00e9troites et les <em>fondamenta<\/em> tranquilles se m\u00e9langent avec de petites boutiques, des caf\u00e9s traditionnels et des palais historiques. Se promener dans <em>Cannaregio<\/em>, c\u2019est s\u2019immerger dans l\u2019atmosph\u00e8re unique d\u2019un quartier qui conserve son \u00e2me v\u00e9nitienne.<\/p>\n\n\n\n<p class=\"has-text-align-left\">\u00c0 quelques pas de l\u2019<strong>Arcadia Boutique Hotel<\/strong>, le quartier de <strong><em>Cannaregio<\/em><\/strong> est une destination id\u00e9ale pour une promenade \u00e0 deux, o\u00f9 l\u2019histoire de la ville et la tranquillit\u00e9 de ses ruelles offrent une exp\u00e9rience romantique loin du tumulte de la ville.<\/p>\n\n\n\n<h3 class=\"has-text-align-left wp-block-heading\">Cannaregio: un coin authentique de Venise<\/h3>\n\n\n\n<p class=\"has-text-align-left\"><em>Cannaregio<\/em> est l\u2019un des quartiers les moins touristiques de Venise, ce qui le rend parfait pour ceux qui recherchent une exp\u00e9rience plus authentique. Ici, la vie quotidienne se d\u00e9roule sans h\u00e2te, entre magasins historiques, petites boutiques artisanales et traditions transmises depuis des si\u00e8cles. En marchant le long des <strong><em>fondamenta<\/em><\/strong>, vous pourrez profiter de l\u2019un des plus beaux panoramas de Venise, avec le <strong><em>Canal della Misericordia<\/em><\/strong> et les anciens b\u00e2timents qui se refl\u00e8tent sur l\u2019eau.<\/p>\n\n\n\n<blockquote class=\"wp-block-quote has-text-align-left is-layout-flow wp-block-quote-is-layout-flow\"><p><strong>Conseil romantique<\/strong>: promenez-vous le long de la <strong><em>Fondamenta della Misericordia<\/em><\/strong> et arr\u00eatez-vous pour prendre une photo romantique sur l\u2019un des ponts qui traversent le canal. La tranquillit\u00e9 et la beaut\u00e9 de cet endroit en font le lieu id\u00e9al pour un moment \u00e0 deux.<\/p><\/blockquote>\n\n\n\n<h3 class=\"has-text-align-left wp-block-heading\">Le Ghetto Juif: histoire et beaut\u00e9 intemporelle<\/h3>\n\n\n\n<p class=\"has-text-align-left\">Le <strong>Ghetto Juif<\/strong>, situ\u00e9 au c\u0153ur de <em>Cannaregio<\/em>, est l\u2019un des lieux les plus fascinants et historiquement significatifs de Venise. Fond\u00e9 en 1516, il est le premier <a href=\"https:\/\/hotelarcadia.net\/fr\/lhotel-le-plus-romantique-de-venise\/ghetto-juif\/\" data-type=\"URL\" data-id=\"https:\/\/hotelarcadia.net\/fr\/lhotel-le-plus-romantique-de-venise\/ghetto-juif\/\">ghetto juif<\/a> au monde et conserve encore aujourd\u2019hui son charme antique. En vous promenant dans ses <strong>ruelles \u00e9troites<\/strong> et ses <strong>petits ponts<\/strong>, vous pourrez ressentir l\u2019atmosph\u00e8re unique qui se d\u00e9gage de cet endroit. Les <strong>synagogues historiques<\/strong>, les magasins artisanaux et les anciennes r\u00e9sidences racontent l\u2019histoire d\u2019une communaut\u00e9 qui a v\u00e9cu et prosp\u00e9r\u00e9 \u00e0 Venise pendant des si\u00e8cles.<\/p>\n\n\n\n<blockquote class=\"wp-block-quote has-text-align-left is-layout-flow wp-block-quote-is-layout-flow\"><p><strong>Conseil romantique<\/strong>: arr\u00eatez-vous pour visiter les <strong>synagogues<\/strong> du Ghetto et plongez-vous dans l\u2019histoire et la spiritualit\u00e9 de cet endroit de Venise. Apr\u00e8s la visite, profitez d\u2019une promenade dans le parc du Ghetto, o\u00f9 la paix r\u00e8gne.<\/p><\/blockquote>\n\n\n\n<h3 class=\"has-text-align-left wp-block-heading\">Les caf\u00e9s historiques de Cannaregio: pour un ap\u00e9ritif romantique<\/h3>\n\n\n\n<p class=\"has-text-align-left\"><em>Cannaregio<\/em> est c\u00e9l\u00e8bre pour ses <strong>caf\u00e9s historiques<\/strong> et ses <strong>bacari traditionnels<\/strong>. De nombreux lieux du quartier offrent une atmosph\u00e8re intime et accueillante, id\u00e9ale pour un <strong><a href=\"https:\/\/hotelarcadia.net\/fr\/exhibition\/ou-manger-comme-un-venitien-a-cannaregio-6-adresses-locales-et-authentiques\/\" data-type=\"URL\" data-id=\"https:\/\/hotelarcadia.net\/fr\/exhibition\/ou-manger-comme-un-venitien-a-cannaregio-6-adresses-locales-et-authentiques\/\">ap\u00e9ritif romantique<\/a><\/strong>. Le quartier regorge de petits bars et de tavernes o\u00f9 vous pouvez savourer un <strong>Spritz<\/strong> ou quelques <strong><em>cicchetti<\/em><\/strong>, les tapas v\u00e9nitiennes typiques. L\u2019ambiance de ces endroits, souvent caract\u00e9ris\u00e9e par un d\u00e9cor vintage et des lumi\u00e8res tamis\u00e9es, rend chaque instant sp\u00e9cial.<\/p>\n\n\n\n<blockquote class=\"wp-block-quote has-text-align-left is-layout-flow wp-block-quote-is-layout-flow\"><p><strong>Conseil romantique<\/strong>: arr\u00eatez-vous dans un petit <strong>bacaro<\/strong> le long du canal et savourez un verre de vin, en \u00e9changeant des sourires tandis que la ville s\u2019endort lentement.<\/p><\/blockquote>\n\n\n\n<h3 class=\"has-text-align-left wp-block-heading\">La tranquillit\u00e9 du Canal della Misericordia<\/h3>\n\n\n\n<p class=\"has-text-align-left\">Le <strong><em>Canal della Misericordia<\/em><\/strong> est l\u2019un des canaux les plus tranquilles de Venise, mais il offre l\u2019un des panoramas les plus pittoresques de la ville. En vous promenant le long des <strong><a href=\"https:\/\/hotelarcadia.net\/fr\/lhotel-le-plus-romantique-de-venise\/fondamenta-della-misericordia\/\" data-type=\"URL\" data-id=\"https:\/\/hotelarcadia.net\/fr\/lhotel-le-plus-romantique-de-venise\/fondamenta-della-misericordia\/\"><em>fondamenta<\/em><\/a><\/strong>, avec l\u2019eau qui s\u2019\u00e9coule lentement sous vos pieds et les reflets des palais sur l\u2019eau calme, vous vivrez la <strong>s\u00e9r\u00e9nit\u00e9 d\u2019un coin cach\u00e9<\/strong> de Venise. Ici, le rythme de la vie semble ralentir et la seule compagnie que vous aurez sera celle de votre partenaire et du doux bruit de l\u2019eau qui se brise contre les murs des b\u00e2timents.<\/p>\n\n\n\n<blockquote class=\"wp-block-quote has-text-align-left is-layout-flow wp-block-quote-is-layout-flow\"><p><strong>Conseil romantique<\/strong>: promenez-vous le long du <strong>Canal della Misericordia<\/strong> au coucher du soleil, lorsque le ciel se teinte de couleurs chaudes et que la ville se pr\u00e9pare pour la nuit. C\u2019est le moment id\u00e9al pour prendre une photo ensemble et s\u2019\u00e9changer un baiser sous les ponts.<\/p><\/blockquote>\n\n\n\n<h3 class=\"has-text-align-left wp-block-heading\">Les traditions artisanales de Cannaregio<\/h3>\n\n\n\n<p class=\"has-text-align-left\"><em>Cannaregio<\/em> est aussi le c\u0153ur des <strong>ateliers artisanaux<\/strong> de Venise. Ici, vous d\u00e9couvrirez de petites <strong>boutiques de verre<\/strong>, des <strong>bijouteries artisanales<\/strong> et des <strong>magasins de tissus et de dentelles<\/strong> o\u00f9 le savoir-faire traditionnel est encore vivant. En vous promenant dans le quartier, vous aurez l\u2019opportunit\u00e9 d\u2019acheter des objets uniques qui racontent l\u2019histoire et les traditions de Venise.<\/p>\n\n\n\n<blockquote class=\"wp-block-quote has-text-align-left is-layout-flow wp-block-quote-is-layout-flow\"><p><strong>Conseil romantique<\/strong>: arr\u00eatez-vous dans l\u2019une des <strong>boutiques de verre<\/strong> et choisissez un petit souvenir pour vous souvenir de votre voyage \u00e0 Venise. Chaque coin de Cannaregio est parfait pour d\u00e9couvrir un objet qui repr\u00e9sente votre histoire d\u2019amour.<\/p><\/blockquote>\n\n\n\n<h3 class=\"has-text-align-left wp-block-heading\">La magie d\u2019un coin cach\u00e9<\/h3>\n\n\n\n<p class=\"has-text-align-left\"><em>Cannaregio<\/em> est l\u2019endroit id\u00e9al pour <strong>une promenade romantique sans but pr\u00e9cis<\/strong>, o\u00f9 chaque coin peut offrir une nouvelle d\u00e9couverte. Les petites places tranquilles, les ruelles \u00e9troites et les ponts qui traversent le canal cr\u00e9ent une atmosph\u00e8re intime et sereine, o\u00f9 chaque pas fait partie de votre histoire d\u2019amour.<\/p>\n\n\n\n<blockquote class=\"wp-block-quote has-text-align-left is-layout-flow wp-block-quote-is-layout-flow\"><p><strong>Conseil romantique<\/strong>: traversez l\u2019un des <strong>ponts de Cannaregio<\/strong> et arr\u00eatez-vous pour admirer le panorama sur le canal, tandis que la lumi\u00e8re du coucher du soleil rend l\u2019eau encore plus magique.<\/p><\/blockquote>\n\n\n\n<h3 class=\"has-text-align-left wp-block-heading\">T\u00e9moignages romantiques de nos h\u00f4tes de l\u2019Arcadia<\/h3>\n\n\n\n<blockquote class=\"wp-block-quote has-text-align-left is-layout-flow wp-block-quote-is-layout-flow\"><p class=\"\">\u201cCannaregio a \u00e9t\u00e9 notre coin secret de Venise. Nous avons pass\u00e9 des heures \u00e0 nous promener dans le quartier, en nous arr\u00eatant dans un bacaro pour un verre de vin.\u201d<br>\u201cLe Ghetto Juif \u00e9tait un lieu \u00e9mouvant et paisible o\u00f9 nous avons pu discuter et r\u00e9fl\u00e9chir ensemble.\u201d<br>\u201cLa promenade le long du Canal della Misericordia au coucher du soleil \u00e9tait un moment de pure magie. Nous n\u2019aurions pas pu demander mieux.\u201d<\/p><\/blockquote>\n\n\n\n<h3 class=\"has-text-align-left wp-block-heading\">Conseils de l\u2019\u00e9quipe Arcadia<\/h3>\n\n\n\n<blockquote class=\"wp-block-quote has-text-align-left is-layout-flow wp-block-quote-is-layout-flow\"><p class=\"\">\u201cVisitez Cannaregio t\u00f4t le matin pour profiter du <strong>calme du quartier<\/strong> avant que la foule n\u2019arrive.\u201d<br>\u201cArr\u00eatez-vous dans l\u2019un des <strong>caf\u00e9s historiques<\/strong> et profitez d\u2019un moment tranquille avec votre partenaire.\u201d<br>\u201cExplorez les <strong>ateliers artisanaux<\/strong> et vous d\u00e9couvrirez des coins cach\u00e9s de Venise que vous ne trouverez pas dans les guides touristiques.\u201d<\/p><\/blockquote>\n\n\n\n<p class=\"has-text-align-left\"><strong>R\u00e9servez votre s\u00e9jour \u00e0 l\u2019Arcadia Boutique Hotel<\/strong> et d\u00e9couvrez la magie de <em>Cannaregio<\/em>, l\u2019un des quartiers les plus romantiques de Venise.<br>Ou <strong><a href=\"https:\/\/hotelarcadia.net\/fr\/\" data-type=\"URL\" data-id=\"https:\/\/hotelarcadia.net\/fr\/\">contactez-nous<\/a><\/strong> pour des conseils personnalis\u00e9s sur votre promenade romantique \u00e0 travers la ville.<\/p>\n","protected":false},"excerpt":{"rendered":"<p>Cannaregio est l\u2019un des quartiers les plus charmants et authentiques de Venise, parfait pour une promenade romantique \u00e0 travers histoire, tradition et coins cach\u00e9s. Loin des foules touristiques, ce quartier vous permet de d\u00e9couvrir un c\u00f4t\u00e9 plus intime de Venise, o\u00f9 les ruelles \u00e9troites et les fondamenta tranquilles se m\u00e9langent avec de petites boutiques, des [&hellip;]<\/p>\n","protected":false},"author":1,"featured_media":6337,"parent":5618,"menu_order":0,"comment_status":"closed","ping_status":"closed","template":"","meta":{"_acf_changed":false,"footnotes":""},"class_list":["post-6044","page","type-page","status-publish","has-post-thumbnail","hentry"],"acf":[],"_links":{"self":[{"href":"https:\/\/hotelarcadia.net\/fr\/wp-json\/wp\/v2\/pages\/6044","targetHints":{"allow":["GET"]}}],"collection":[{"href":"https:\/\/hotelarcadia.net\/fr\/wp-json\/wp\/v2\/pages"}],"about":[{"href":"https:\/\/hotelarcadia.net\/fr\/wp-json\/wp\/v2\/types\/page"}],"author":[{"embeddable":true,"href":"https:\/\/hotelarcadia.net\/fr\/wp-json\/wp\/v2\/users\/1"}],"replies":[{"embeddable":true,"href":"https:\/\/hotelarcadia.net\/fr\/wp-json\/wp\/v2\/comments?post=6044"}],"version-history":[{"count":0,"href":"https:\/\/hotelarcadia.net\/fr\/wp-json\/wp\/v2\/pages\/6044\/revisions"}],"up":[{"embeddable":true,"href":"https:\/\/hotelarcadia.net\/fr\/wp-json\/wp\/v2\/pages\/5618"}],"wp:featuredmedia":[{"embeddable":true,"href":"https:\/\/hotelarcadia.net\/fr\/wp-json\/wp\/v2\/media\/6337"}],"wp:attachment":[{"href":"https:\/\/hotelarcadia.net\/fr\/wp-json\/wp\/v2\/media?parent=6044"}],"curies":[{"name":"wp","href":"https:\/\/api.w.org\/{rel}","templated":true}]}}