{"id":6096,"date":"2025-03-27T08:56:01","date_gmt":"2025-03-27T08:56:01","guid":{"rendered":"https:\/\/www.hotelarcadia.net\/lhotel-le-plus-romantique-de-venise\/passeggiata-romantica-nei-giardini-di-venezia\/"},"modified":"2025-04-02T09:02:12","modified_gmt":"2025-04-02T09:02:12","slug":"promenade-romantique-dans-les-jardins-de-venise","status":"publish","type":"page","link":"https:\/\/hotelarcadia.net\/fr\/hotel-le-plus-romantique-de-venise\/promenade-romantique-dans-les-jardins-de-venise\/","title":{"rendered":"Promenade romantique dans les jardins de Venise: entre verdure et tranquillit\u00e9"},"content":{"rendered":"\n<p class=\"has-text-align-left\">Venise est une ville c\u00e9l\u00e8bre pour ses canaux, ses ponts et ses monuments historiques, mais ce qui rend la ville encore plus envo\u00fbtante, c&rsquo;est sa capacit\u00e9 \u00e0 surprendre avec des coins de verdure et de tranquillit\u00e9, o\u00f9 le temps semble s&rsquo;arr\u00eater. Les <strong>jardins de Venise<\/strong> sont l&rsquo;endroit id\u00e9al pour une <strong>promenade romantique<\/strong>, o\u00f9 vous pouvez respirer l&rsquo;air frais, entour\u00e9s de la beaut\u00e9 de la nature et des merveilles architecturales de la ville. Si vous souhaitez d\u00e9couvrir un c\u00f4t\u00e9 plus secret et intime de Venise, une promenade dans les jardins de la ville est ce qu&rsquo;il vous faut.<\/p>\n\n\n\n<h3 class=\"has-text-align-left wp-block-heading\">Les Jardins de la Biennale: le c\u0153ur vert de la ville<\/h3>\n\n\n\n<p class=\"has-text-align-left\">Les <strong><em>Jardins de la Biennale<\/em><\/strong> sont l&rsquo;un des lieux les plus fascinants de Venise, id\u00e9als pour une promenade romantique. Ils accueillent l&rsquo;un des \u00e9v\u00e9nements d&rsquo;art contemporain les plus importants au monde, mais ils sont aussi une oasis de paix o\u00f9 l&rsquo;on peut profiter de <strong>espaces verts<\/strong>, de sentiers ombrag\u00e9s et de petits \u00e9tangs. En se promenant parmi les <strong>installations artistiques<\/strong> et les <strong>arbres centenaires<\/strong>, on d\u00e9couvre un aspect de Venise qui n&rsquo;est pas seulement fait d&rsquo;architecture et de canaux, mais aussi de nature et d&rsquo;art.<\/p>\n\n\n\n<blockquote class=\"wp-block-quote has-text-align-left is-layout-flow wp-block-quote-is-layout-flow\"><p><strong>Conseil romantique<\/strong>: profitez de l&rsquo;ombre sous les arbres centenaires et arr\u00eatez-vous pour prendre une photo romantique \u00e0 c\u00f4t\u00e9 de l&rsquo;une des <strong>sculptures modernes<\/strong> du jardin. L&rsquo;atmosph\u00e8re tranquille de ces jardins cr\u00e9e le cadre parfait pour des souvenirs romantiques.<\/p><\/blockquote>\n\n\n\n<h3 class=\"has-text-align-left wp-block-heading\">Le Parc des Rimembranze: tranquillit\u00e9 et histoire<\/h3>\n\n\n\n<p class=\"has-text-align-left\">Le <strong><em>Parc des Rimembranze<\/em><\/strong>, situ\u00e9 sur l&rsquo;\u00eele de <strong>Sant&rsquo;Elena<\/strong>, est un autre coin de verdure de Venise qui offre une belle vue sur la lagune et sur <strong>la <em><a href=\"https:\/\/hotelarcadia.net\/fr\/lhotel-le-plus-romantique-de-venise\/promenade-romantique-a-piazza-san-marco\/\" data-type=\"URL\" data-id=\"https:\/\/hotelarcadia.net\/fr\/lhotel-le-plus-romantique-de-venise\/promenade-romantique-a-piazza-san-marco\/\">place Saint-Marc<\/a><\/em><\/strong>. Ce parc, moins connu des touristes, est parfait pour une promenade calme et romantique. Parmi ses sentiers ombrag\u00e9s, vous pourrez marcher main dans la main, respirer l&rsquo;air frais et profiter de la <strong>vue panoramique<\/strong> sur les canaux et les \u00eeles environnantes.<\/p>\n\n\n\n<blockquote class=\"wp-block-quote has-text-align-left is-layout-flow wp-block-quote-is-layout-flow\"><p><strong>Conseil romantique<\/strong>: arr\u00eatez-vous pour <strong>vous asseoir sur un banc<\/strong> dans le parc et profiter du silence et de la beaut\u00e9 naturelle, un endroit cach\u00e9 et parfait pour se d\u00e9tendre ensemble.<\/p><\/blockquote>\n\n\n\n<h3 class=\"has-text-align-left wp-block-heading\">Le Jardin du Palais Giustiniani: une vue de r\u00eave<\/h3>\n\n\n\n<p class=\"has-text-align-left\">Un autre jardin \u00e0 visiter est le <strong><em>Jardin du Palais Giustiniani<\/em><\/strong>, qui offre l&rsquo;une des plus belles vues sur la ville. Situ\u00e9 pr\u00e8s de <strong><em>Campo Santa Maria Formosa<\/em><\/strong>, ce jardin est l&rsquo;endroit id\u00e9al pour une promenade romantique, \u00e0 l&rsquo;\u00e9cart de la foule. Les <strong>fleurs color\u00e9es<\/strong> et les <strong>plantes exotiques<\/strong> qui d\u00e9corent le jardin en font une oasis de beaut\u00e9, parfaite pour une pause romantique.<\/p>\n\n\n\n<blockquote class=\"wp-block-quote has-text-align-left is-layout-flow wp-block-quote-is-layout-flow\"><p><strong>Conseil romantique<\/strong>: arr\u00eatez-vous pr\u00e8s de la <strong>fontaine du jardin<\/strong> pour prendre une photo romantique avec le Palais Giustiniani en arri\u00e8re-plan. L&rsquo;atmosph\u00e8re tranquille et le paysage environnant cr\u00e9ent le cadre parfait pour un souvenir sp\u00e9cial.<\/p><\/blockquote>\n\n\n\n<h3 class=\"has-text-align-left wp-block-heading\">Les Jardins de la Villa Zorzi: un coin cach\u00e9 de Venise<\/h3>\n\n\n\n<p class=\"has-text-align-left\">Les <strong><em>Jardins de la Villa Zorzi<\/em><\/strong> se trouvent sur l&rsquo;\u00eele de <strong>Giudecca<\/strong>, une autre \u00eele de Venise, et sont un autre coin cach\u00e9 de beaut\u00e9. Entour\u00e9 de v\u00e9g\u00e9tation luxuriante et offrant une vue spectaculaire sur le <strong><em>Canal de la Giudecca<\/em><\/strong>, ce jardin est parfait pour une promenade calme et romantique. Le parc abrite une grande vari\u00e9t\u00e9 de plantes et de fleurs, offrant un panorama \u00e0 couper le souffle sur Venise et les \u00eeles environnantes.<\/p>\n\n\n\n<blockquote class=\"wp-block-quote has-text-align-left is-layout-flow wp-block-quote-is-layout-flow\"><p><strong>Conseil romantique<\/strong>: promenez-vous le long du <strong>sentier panoramique<\/strong> du jardin et arr\u00eatez-vous pour une photo avec l&rsquo;<strong>\u00eele de San Giorgio Maggiore<\/strong> en arri\u00e8re-plan. Le panorama impressionnant est id\u00e9al pour cr\u00e9er des souvenirs romantiques.<\/p><\/blockquote>\n\n\n\n<h3 class=\"has-text-align-left wp-block-heading\">Les Jardins publics de Venise: une vue sur la lagune<\/h3>\n\n\n\n<p class=\"has-text-align-left\">Les <strong><em>Jardins publics de Venise<\/em><\/strong>, situ\u00e9s le long du front de mer de <strong><em>Riva degli Schiavoni<\/em><\/strong>, sont parfaits pour une promenade tranquille. Entour\u00e9s de <strong>plantes et de fleurs<\/strong>, ces jardins offrent une vue spectaculaire sur la <strong>lagune<\/strong> et les <strong>\u00eeles<\/strong> voisines. Se promener ici, c\u2019est s&rsquo;immerger dans la nature tout en admirant la vue sur la lagune de Venise. Gr\u00e2ce \u00e0 leur emplacement privil\u00e9gi\u00e9 pr\u00e8s de <strong>la <em>place Saint-Marc<\/em><\/strong>, ces jardins sont un coin de tranquillit\u00e9 qui offre des moments romantiques.<\/p>\n\n\n\n<blockquote class=\"wp-block-quote has-text-align-left is-layout-flow wp-block-quote-is-layout-flow\"><p><strong>Conseil romantique<\/strong>: arr\u00eatez-vous sur l&rsquo;un des bancs du jardin et profitez du coucher du soleil sur la <strong>lagune<\/strong>. Le silence et la beaut\u00e9 du paysage cr\u00e9ent une atmosph\u00e8re intime et sereine.<\/p><\/blockquote>\n\n\n\n<h3 class=\"has-text-align-left wp-block-heading\">Le Jardin sur le toit de Venise: une vue unique<\/h3>\n\n\n\n<p class=\"has-text-align-left\">Un jardin secret que beaucoup ignorent est le <strong><em>Jardin sur le toit de Venise<\/em><\/strong>, un oasis de verdure situ\u00e9 sur le toit de la <strong><em>Fondation Querini Stampalia<\/em><\/strong>. Ce jardin sur\u00e9lev\u00e9 offre une vue panoramique sur <strong>Venise<\/strong> et ses <strong>canaux<\/strong>, et c\u2019est l&rsquo;endroit id\u00e9al pour une promenade romantique dans un coin de la ville que peu connaissent.<\/p>\n\n\n\n<blockquote class=\"wp-block-quote has-text-align-left is-layout-flow wp-block-quote-is-layout-flow\"><p><strong>Conseil romantique<\/strong>: apr\u00e8s avoir visit\u00e9 le mus\u00e9e de la Fondation, arr\u00eatez-vous dans le <strong>jardin sur le toit<\/strong> et profitez d&rsquo;une vue unique sur la ville, loin de la foule. Ce jardin secret est parfait pour une pause romantique.<\/p><\/blockquote>\n\n\n\n<h3 class=\"has-text-align-left wp-block-heading\">T\u00e9moignages de nos h\u00f4tes de l\u2019Arcadia<\/h3>\n\n\n\n<blockquote class=\"wp-block-quote has-text-align-left is-layout-flow wp-block-quote-is-layout-flow\"><p class=\"\">\u201cNous avons visit\u00e9 les Jardins de la Biennale et nous nous sommes perdus parmi les installations artistiques. Une exp\u00e9rience unique et romantique que nous n&rsquo;oublierons jamais.\u201d<br>\u201cLe Parc des Rimembranze a \u00e9t\u00e9 notre coin secret \u00e0 Venise. Nous avons march\u00e9 le long des sentiers tranquilles et nous nous sommes arr\u00eat\u00e9s pour une pause ensemble.\u201d<br>\u201cLe jardin du Palais Giustiniani est magique. La vue est tout simplement \u00e0 couper le souffle. C&rsquo;\u00e9tait notre endroit pr\u00e9f\u00e9r\u00e9 pour une promenade romantique.\u201d<\/p><\/blockquote>\n\n\n\n<h3 class=\"has-text-align-left wp-block-heading\">Conseils de l\u2019\u00e9quipe Arcadia<\/h3>\n\n\n\n<blockquote class=\"wp-block-quote has-text-align-left is-layout-flow wp-block-quote-is-layout-flow\"><p class=\"\">\u201cLes Jardins de la Biennale sont l&rsquo;endroit id\u00e9al pour se promener et s&rsquo;immerger dans l&rsquo;art contemporain. Parfait pour une promenade calme et r\u00e9fl\u00e9chie.\u201d<br>\u201cArr\u00eatez-vous dans le <strong>Jardin du Palais Giustiniani<\/strong> pour un moment de tranquillit\u00e9 et profitez du paysage. C&rsquo;est un coin cach\u00e9 \u00e0 d\u00e9couvrir absolument.\u201d<br>\u201cLe <strong>Jardin sur le toit<\/strong> offre une vue unique sur Venise et m\u00e9rite d&rsquo;\u00eatre visit\u00e9 lors de votre promenade.\u201d<\/p><\/blockquote>\n\n\n\n<p class=\"has-text-align-left\"><strong>R\u00e9servez votre s\u00e9jour \u00e0 l\u2019Arcadia Boutique Hotel<\/strong> et d\u00e9couvrez les jardins les plus romantiques de Venise, un coin de verdure o\u00f9 vivre des moments intimes et magnifiques ensemble.<br>Ou <strong><a href=\"https:\/\/hotelarcadia.net\/fr\/\" data-type=\"URL\" data-id=\"https:\/\/hotelarcadia.net\/fr\/\">contactez-nous<\/a><\/strong> pour des informations personnalis\u00e9es sur la fa\u00e7on d&rsquo;organiser une promenade romantique dans les jardins de Venise.<\/p>\n","protected":false},"excerpt":{"rendered":"<p>Venise est une ville c\u00e9l\u00e8bre pour ses canaux, ses ponts et ses monuments historiques, mais ce qui rend la ville encore plus envo\u00fbtante, c&rsquo;est sa capacit\u00e9 \u00e0 surprendre avec des coins de verdure et de tranquillit\u00e9, o\u00f9 le temps semble s&rsquo;arr\u00eater. Les jardins de Venise sont l&rsquo;endroit id\u00e9al pour une promenade romantique, o\u00f9 vous pouvez [&hellip;]<\/p>\n","protected":false},"author":1,"featured_media":6396,"parent":5618,"menu_order":0,"comment_status":"closed","ping_status":"closed","template":"","meta":{"_acf_changed":false,"footnotes":""},"class_list":["post-6096","page","type-page","status-publish","has-post-thumbnail","hentry"],"acf":[],"_links":{"self":[{"href":"https:\/\/hotelarcadia.net\/fr\/wp-json\/wp\/v2\/pages\/6096","targetHints":{"allow":["GET"]}}],"collection":[{"href":"https:\/\/hotelarcadia.net\/fr\/wp-json\/wp\/v2\/pages"}],"about":[{"href":"https:\/\/hotelarcadia.net\/fr\/wp-json\/wp\/v2\/types\/page"}],"author":[{"embeddable":true,"href":"https:\/\/hotelarcadia.net\/fr\/wp-json\/wp\/v2\/users\/1"}],"replies":[{"embeddable":true,"href":"https:\/\/hotelarcadia.net\/fr\/wp-json\/wp\/v2\/comments?post=6096"}],"version-history":[{"count":0,"href":"https:\/\/hotelarcadia.net\/fr\/wp-json\/wp\/v2\/pages\/6096\/revisions"}],"up":[{"embeddable":true,"href":"https:\/\/hotelarcadia.net\/fr\/wp-json\/wp\/v2\/pages\/5618"}],"wp:featuredmedia":[{"embeddable":true,"href":"https:\/\/hotelarcadia.net\/fr\/wp-json\/wp\/v2\/media\/6396"}],"wp:attachment":[{"href":"https:\/\/hotelarcadia.net\/fr\/wp-json\/wp\/v2\/media?parent=6096"}],"curies":[{"name":"wp","href":"https:\/\/api.w.org\/{rel}","templated":true}]}}