{"id":6114,"date":"2025-03-27T10:04:28","date_gmt":"2025-03-27T10:04:28","guid":{"rendered":"https:\/\/www.hotelarcadia.net\/lhotel-le-plus-romantique-de-venise\/escursione-romantica-in-vaporetto\/"},"modified":"2025-07-16T09:01:10","modified_gmt":"2025-07-16T09:01:10","slug":"ou-faire-une-excursion-romantique-en-vaporetto-a-venise","status":"publish","type":"page","link":"https:\/\/hotelarcadia.net\/fr\/hotel-le-plus-romantique-de-venise\/ou-faire-une-excursion-romantique-en-vaporetto-a-venise\/","title":{"rendered":"O\u00f9 faire une excursion romantique en vaporetto \u00e0 Venise?"},"content":{"rendered":"\n<p class=\"has-text-align-left\">Une <strong>promenade en <em>vaporetto<\/em><\/strong> est l&rsquo;une des fa\u00e7ons les plus romantiques d&rsquo;explorer la <strong>lagune de Venise<\/strong>, glissant lentement sur les eaux calmes tout en admirant le paysage environnant. Un voyage en <em>vaporetto<\/em> offre des <strong>panoramas \u00e0 couper le souffle<\/strong>, une vue sur les \u00eeles voisines et le charme de Venise sous un angle unique. Parfait pour les couples en qu\u00eate d&rsquo;une exp\u00e9rience romantique loin de la foule, une promenade en <em>vaporetto<\/em> vous permettra de d\u00e9couvrir la beaut\u00e9 de la lagune, avec ses ciels immenses, ses eaux cristallines et ses \u00eeles cach\u00e9es.<\/p>\n\n\n\n<h3 class=\"has-text-align-left wp-block-heading\">La lagune de Venise: une mer de beaut\u00e9 et de tranquillit\u00e9<\/h3>\n\n\n\n<p class=\"has-text-align-left\">La <strong>lagune de Venise<\/strong> est une zone prot\u00e9g\u00e9e d&rsquo;une beaut\u00e9 naturelle extraordinaire qui s&rsquo;\u00e9tend sur plusieurs kilom\u00e8tres autour de la ville. Voyager en <em>vaporetto<\/em> est le moyen id\u00e9al pour profiter d&rsquo;une vue unique sur <strong>Venise<\/strong> et ses \u00eeles, loin des foules touristiques. Les bateaux se d\u00e9placent lentement sur l&rsquo;eau, permettant d&rsquo;appr\u00e9cier chaque coin de cette <strong>merveille naturelle<\/strong>, tandis que l&rsquo;eau cristalline refl\u00e8te les couleurs vives du ciel et des \u00eeles. Une vue digne d&rsquo;un r\u00eave pour chaque couple.<\/p>\n\n\n\n<blockquote class=\"wp-block-quote has-text-align-left is-layout-flow wp-block-quote-is-layout-flow\"><p><strong>Conseil romantique<\/strong>: prenez place sur le c\u00f4t\u00e9 du vaporetto qui fait face au panorama de Venise, pour profiter du voyage et prendre des photos uniques ensemble. Chaque moment pass\u00e9 sur la lagune est un souvenir \u00e0 ch\u00e9rir.<\/p><\/blockquote>\n\n\n\n<h3 class=\"has-text-align-left wp-block-heading\">Le trajet vers les \u00eeles: Murano, Burano et Torcello<\/h3>\n\n\n\n<p class=\"has-text-align-left\">Le <em>vaporetto<\/em> est aussi le moyen id\u00e9al pour visiter les <strong>\u00eeles voisines<\/strong> de Venise. <strong><a href=\"https:\/\/hotelarcadia.net\/fr\/lhotel-le-plus-romantique-de-venise\/promenade-romantique-a-murano-et-burano\/\" data-type=\"URL\" data-id=\"https:\/\/hotelarcadia.net\/fr\/lhotel-le-plus-romantique-de-venise\/promenade-romantique-a-murano-et-burano\/\">Murano<\/a><\/strong>, c\u00e9l\u00e8bre pour son art du verre, <strong><a href=\"https:\/\/hotelarcadia.net\/fr\/lhotel-le-plus-romantique-de-venise\/promenade-romantique-a-murano-et-burano\/\" data-type=\"URL\" data-id=\"https:\/\/hotelarcadia.net\/fr\/lhotel-le-plus-romantique-de-venise\/promenade-romantique-a-murano-et-burano\/\">Burano<\/a><\/strong>, connue pour ses maisons color\u00e9es, et <strong>Torcello<\/strong>, l&rsquo;\u00eele la plus calme et historique, sont des destinations parfaites pour une escapade romantique. Chaque \u00eele a son propre caract\u00e8re unique et offre une <strong>perspective diff\u00e9rente<\/strong> de la lagune. Voyager en <em>vaporetto<\/em> vers ces \u00eeles est une exp\u00e9rience inoubliable, offrant des <strong>panoramas uniques<\/strong> et l&rsquo;occasion de profiter du charme de ces lieux \u00e0 un rythme tranquille.<\/p>\n\n\n\n<blockquote class=\"wp-block-quote has-text-align-left is-layout-flow wp-block-quote-is-layout-flow\"><p><strong>Conseil romantique<\/strong>: pendant votre voyage vers <strong>Burano<\/strong>, admirez le contraste entre les eaux tranquilles et les <strong>maisons color\u00e9es<\/strong> qui se dressent \u00e0 l&rsquo;horizon. Une fois arriv\u00e9s, promenez-vous le long des canaux color\u00e9s et arr\u00eatez-vous dans l&rsquo;un des caf\u00e9s pour un ap\u00e9ritif romantique.<\/p><\/blockquote>\n\n\n\n<h3 class=\"has-text-align-left wp-block-heading\">La vue de Venise depuis la lagune: une perspective exclusive<\/h3>\n\n\n\n<p class=\"has-text-align-left\">En naviguant en <em>vaporetto<\/em>, vous aurez une <strong>vue exclusive de Venise<\/strong>, vous permettant de contempler la ville sous un nouvel angle. Depuis la lagune, vous pouvez admirer ses <strong>palais historiques<\/strong>, ses <strong>\u00e9glises majestueuses<\/strong> et ses <strong>ponts pittoresques<\/strong>, tous r\u00e9fl\u00e9chis dans l&rsquo;eau. Une promenade en <em>vaporetto<\/em> vous donne l&rsquo;occasion de voir la ville comme peu de gens la connaissent: un lieu o\u00f9 la beaut\u00e9 architecturale rencontre la tranquillit\u00e9 de la nature environnante.<\/p>\n\n\n\n<blockquote class=\"wp-block-quote has-text-align-left is-layout-flow wp-block-quote-is-layout-flow\"><p><strong>Conseil romantique<\/strong>: arr\u00eatez-vous avec votre partenaire pour regarder le panorama de <strong>Piazza San Marco<\/strong> et de la <strong>Basilique<\/strong> au loin, alors que le vaporetto glisse le long du canal. Le contraste entre le ciel, l&rsquo;eau et l&rsquo;architecture vous offrira l&rsquo;un des panoramas les plus romantiques de Venise.<\/p><\/blockquote>\n\n\n\n<h3 class=\"has-text-align-left wp-block-heading\">Le coucher du soleil sur la lagune: une exp\u00e9rience \u00e0 vivre ensemble<\/h3>\n\n\n\n<p class=\"has-text-align-left\">Il n&rsquo;y a rien de plus romantique qu&rsquo;un <strong>coucher du soleil sur la lagune de Venise<\/strong>. \u00c0 bord d&rsquo;un <em>vaporetto<\/em>, vous pourrez profiter de la beaut\u00e9 des couleurs changeantes alors que le soleil se couche derri\u00e8re les \u00eeles, se refl\u00e9tant sur l&rsquo;eau et cr\u00e9ant une atmosph\u00e8re unique. <strong>Le reflet du soleil sur l&rsquo;eau<\/strong> dor\u00e9e et le ciel qui se teinte de rose et d&rsquo;orange sont le cadre parfait pour un moment romantique inoubliable.<\/p>\n\n\n\n<blockquote class=\"wp-block-quote has-text-align-left is-layout-flow wp-block-quote-is-layout-flow\"><p><strong>Conseil romantique<\/strong>: r\u00e9servez une <strong>promenade en vaporetto au coucher du soleil<\/strong> pour profiter du paysage dans une lumi\u00e8re enchanteresse. Prenez des photos ensemble pendant que vous glissez sur les eaux tranquilles de la lagune.<\/p><\/blockquote>\n\n\n\n<h3 class=\"has-text-align-left wp-block-heading\">La s\u00e9r\u00e9nit\u00e9 de la lagune: une exp\u00e9rience intime et relaxante<\/h3>\n\n\n\n<p class=\"has-text-align-left\">La lagune de Venise est le lieu id\u00e9al pour une <strong>promenade romantique en <em>vaporetto<\/em><\/strong>. Le calme de l&rsquo;eau, la paix des \u00eeles et le silence qui entoure la ville cr\u00e9ent une atmosph\u00e8re unique. C&rsquo;est l&rsquo;occasion r\u00eav\u00e9e pour les couples \u00e0 la recherche de <strong>moments intimes<\/strong> et de d\u00e9tente, loin de la foule, pour vivre le charme de Venise de mani\u00e8re authentique et personnelle.<\/p>\n\n\n\n<blockquote class=\"wp-block-quote has-text-align-left is-layout-flow wp-block-quote-is-layout-flow\"><p><strong>Conseil romantique<\/strong>: pendant que le vaporetto glisse \u00e0 travers les canaux, prenez votre temps pour admirer le paysage et profiter de la compagnie de l&rsquo;autre. Chaque moment pass\u00e9 sur la lagune sera un souvenir pr\u00e9cieux.<\/p><\/blockquote>\n\n\n\n<h3 class=\"has-text-align-left wp-block-heading\">T\u00e9moignages des clients de l&rsquo;Arcadia<\/h3>\n\n\n\n<blockquote class=\"wp-block-quote has-text-align-left is-layout-flow wp-block-quote-is-layout-flow\"><p class=\"\">\u201cNotre promenade en vaporetto au coucher du soleil a \u00e9t\u00e9 l&rsquo;un des moments les plus romantiques de nos vacances. La vue de la lagune au coucher du soleil est tout simplement magique.\u201d<br>\u201cNaviguer le long des canaux nous a permis de d\u00e9couvrir Venise sous un angle unique. La tranquillit\u00e9 de la lagune est incroyable.\u201d<br>\u201cNous avons pris le vaporetto pour visiter Murano et Burano. C&rsquo;\u00e9tait un moyen fantastique d&rsquo;explorer la ville et les \u00eeles de mani\u00e8re romantique.\u201d<\/p><\/blockquote>\n\n\n\n<h3 class=\"has-text-align-left wp-block-heading\">Conseils de l&rsquo;\u00e9quipe Arcadia<\/h3>\n\n\n\n<blockquote class=\"wp-block-quote has-text-align-left is-layout-flow wp-block-quote-is-layout-flow\"><p class=\"\">\u201cR\u00e9servez une <strong>promenade en vaporetto au coucher du soleil<\/strong> pour profiter des vues les plus romantiques de Venise, alors que le soleil se couche derri\u00e8re les \u00eeles de la lagune.\u201d<br>\u201cArr\u00eatez-vous en chemin pour <strong>prendre des photos inoubliables<\/strong> de <strong>Venise depuis l&rsquo;eau<\/strong>.\u201d<br>\u201cSi vous cherchez une exp\u00e9rience plus tranquille, demandez \u00e0 naviguer le long des <strong>canaux secondaires<\/strong> de la lagune, loin de la foule.\u201d<\/p><\/blockquote>\n\n\n\n<p class=\"has-text-align-left\"><strong>R\u00e9servez votre s\u00e9jour \u00e0 l\u2019Arcadia Boutique Hotel<\/strong> et profitez d&rsquo;une promenade romantique en <em>vaporetto<\/em> \u00e0 travers la lagune de Venise.<br>Ou <strong><a href=\"https:\/\/hotelarcadia.net\/fr\/\" data-type=\"URL\" data-id=\"https:\/\/hotelarcadia.net\/fr\/\">contactez-nous<\/a><\/strong> pour plus d&rsquo;informations sur la fa\u00e7on d&rsquo;organiser une exp\u00e9rience romantique inoubliable \u00e0 Venise.<\/p>\n","protected":false},"excerpt":{"rendered":"<p>Une promenade en vaporetto est l&rsquo;une des fa\u00e7ons les plus romantiques d&rsquo;explorer la lagune de Venise, glissant lentement sur les eaux calmes tout en admirant le paysage environnant. Un voyage en vaporetto offre des panoramas \u00e0 couper le souffle, une vue sur les \u00eeles voisines et le charme de Venise sous un angle unique. Parfait [&hellip;]<\/p>\n","protected":false},"author":1,"featured_media":6289,"parent":5618,"menu_order":0,"comment_status":"closed","ping_status":"closed","template":"","meta":{"_acf_changed":false,"footnotes":""},"class_list":["post-6114","page","type-page","status-publish","has-post-thumbnail","hentry"],"acf":[],"_links":{"self":[{"href":"https:\/\/hotelarcadia.net\/fr\/wp-json\/wp\/v2\/pages\/6114","targetHints":{"allow":["GET"]}}],"collection":[{"href":"https:\/\/hotelarcadia.net\/fr\/wp-json\/wp\/v2\/pages"}],"about":[{"href":"https:\/\/hotelarcadia.net\/fr\/wp-json\/wp\/v2\/types\/page"}],"author":[{"embeddable":true,"href":"https:\/\/hotelarcadia.net\/fr\/wp-json\/wp\/v2\/users\/1"}],"replies":[{"embeddable":true,"href":"https:\/\/hotelarcadia.net\/fr\/wp-json\/wp\/v2\/comments?post=6114"}],"version-history":[{"count":0,"href":"https:\/\/hotelarcadia.net\/fr\/wp-json\/wp\/v2\/pages\/6114\/revisions"}],"up":[{"embeddable":true,"href":"https:\/\/hotelarcadia.net\/fr\/wp-json\/wp\/v2\/pages\/5618"}],"wp:featuredmedia":[{"embeddable":true,"href":"https:\/\/hotelarcadia.net\/fr\/wp-json\/wp\/v2\/media\/6289"}],"wp:attachment":[{"href":"https:\/\/hotelarcadia.net\/fr\/wp-json\/wp\/v2\/media?parent=6114"}],"curies":[{"name":"wp","href":"https:\/\/api.w.org\/{rel}","templated":true}]}}