{"id":6170,"date":"2025-03-27T13:27:48","date_gmt":"2025-03-27T13:27:48","guid":{"rendered":"https:\/\/www.hotelarcadia.net\/lhotel-le-plus-romantique-de-venise\/cena-romantica-gourmet-a-venezia\/"},"modified":"2025-07-21T09:35:48","modified_gmt":"2025-07-21T09:35:48","slug":"ou-savourer-un-diner-romantique-a-venise","status":"publish","type":"page","link":"https:\/\/hotelarcadia.net\/fr\/hotel-le-plus-romantique-de-venise\/ou-savourer-un-diner-romantique-a-venise\/","title":{"rendered":"O\u00f9 savourer un d\u00eener romantique \u00e0 Venise ?"},"content":{"rendered":"\n<p class=\"has-text-align-left\"><strong>Venise<\/strong> n\u2019est pas seulement une ville d\u2019art et d\u2019histoire, mais aussi une ville de <strong>gastronomie raffin\u00e9e<\/strong>. Un <strong>d\u00eener romantique gourmet<\/strong> dans l\u2019un des restaurants les plus exclusifs de la ville est le moyen id\u00e9al de terminer une journ\u00e9e pass\u00e9e \u00e0 explorer la magie de Venise. Des plats traditionnels v\u00e9nitiens aux cr\u00e9ations plus innovantes, la cuisine v\u00e9nitienne c\u00e9l\u00e8bre les <strong>saveurs de la lagune<\/strong>, o\u00f9 le poisson frais, les l\u00e9gumes locaux et les produits typiques se m\u00ealent pour offrir des exp\u00e9riences culinaires uniques. Terminer une journ\u00e9e romantique par un d\u00eener gourmet est la mani\u00e8re parfaite de c\u00e9l\u00e9brer l\u2019amour dans l\u2019une des villes les plus romantiques du monde.<\/p>\n\n\n\n<h3 class=\"wp-block-heading has-text-align-left\">Les restaurants gourmet de Venise: un voyage dans les saveurs de la lagune<\/h3>\n\n\n\n<p class=\"has-text-align-left\">Venise poss\u00e8de une grande vari\u00e9t\u00e9 de <strong>restaurants gourmet<\/strong>, qui proposent une cuisine raffin\u00e9e et des plats pr\u00e9par\u00e9s avec les ingr\u00e9dients les plus frais. Des restaurants donnant sur le <strong>Canal Grande<\/strong>, offrant une vue spectaculaire, aux <strong>lieux historiques<\/strong> au c\u0153ur de la ville, chaque restaurant \u00e0 Venise a quelque chose de sp\u00e9cial \u00e0 offrir. Un d\u00eener romantique dans l\u2019un de ces restaurants est une occasion de savourer la cuisine locale tout en profitant d\u2019une atmosph\u00e8re \u00e9l\u00e9gante et intime.<\/p>\n\n\n\n<blockquote class=\"wp-block-quote has-text-align-left is-layout-flow wp-block-quote-is-layout-flow\">\n<p><strong>Conseil romantique<\/strong>: choisissez un restaurant avec une <strong>vue panoramique<\/strong> sur le Canal Grande ou l\u2019une des places les plus embl\u00e9matiques de la ville, pour vivre un d\u00eener magique accompagn\u00e9 par le panorama \u00e0 couper le souffle de Venise.<\/p>\n<\/blockquote>\n\n\n\n<h3 class=\"wp-block-heading has-text-align-left\">La cuisine v\u00e9nitienne: des plats typiques \u00e0 savourer<\/h3>\n\n\n\n<p class=\"has-text-align-left\">La cuisine v\u00e9nitienne est un mariage de tradition et d\u2019innovation, avec des plats qui c\u00e9l\u00e8brent les <a href=\"https:\/\/hotelarcadia.net\/exhibition\/eat-venice-traditional-food-must-try\/\" data-type=\"URL\" data-id=\"https:\/\/hotelarcadia.net\/exhibition\/eat-venice-traditional-food-must-try\/\">produits typiques<\/a> de la lagune. Parmi les plats les plus repr\u00e9sentatifs de la cuisine locale, on trouve le <strong><em>risotto<\/em> au noir de seiche<\/strong>, les <strong><em>cicchetti<\/em><\/strong> (petites tapas v\u00e9nitiennes) et le <strong><em>baccal\u00e0 mantecato<\/em><\/strong>, une onctuosit\u00e9 \u00e0 base de morue, v\u00e9ritable incontournable de la cuisine locale. N\u2019oubliez pas de go\u00fbter un <strong><em>fritto misto di pesce<\/em><\/strong>, pr\u00e9par\u00e9 avec le poisson frais qui arrive chaque jour des eaux de la lagune. Chaque plat est une c\u00e9l\u00e9bration des saveurs uniques de la ville.<\/p>\n\n\n\n<blockquote class=\"wp-block-quote has-text-align-left is-layout-flow wp-block-quote-is-layout-flow\">\n<p><strong>Conseil romantique<\/strong>: accompagnez votre d\u00eener d\u2019un verre de <strong>Prosecco<\/strong> ou d\u2019un <strong>vin v\u00e9nitien<\/strong> pour rehausser le go\u00fbt des plats et porter un toast \u00e0 votre amour.<\/p>\n<\/blockquote>\n\n\n\n<h3 class=\"wp-block-heading has-text-align-left\">Un d\u00eener romantique \u00e0 base de poisson frais<\/h3>\n\n\n\n<p class=\"has-text-align-left\">Entour\u00e9 par les eaux de la lagune, le <strong>poisson frais<\/strong> est un ingr\u00e9dient fondamental dans la cuisine v\u00e9nitienne. De nombreux restaurants \u00e0 Venise se sp\u00e9cialisent dans les plats \u00e0 base de poisson, pr\u00e9par\u00e9s avec soin et attention pour offrir une exp\u00e9rience unique. Les <strong>fruits de mer<\/strong> frais, les <strong>crabes<\/strong>, les <strong>crevettes<\/strong> et les <strong>seiches<\/strong> ne sont que quelques-uns des ingr\u00e9dients que vous pourrez savourer lors d\u2019un d\u00eener romantique \u00e0 Venise.<\/p>\n\n\n\n<blockquote class=\"wp-block-quote has-text-align-left is-layout-flow wp-block-quote-is-layout-flow\">\n<p><strong>Conseil romantique<\/strong>: commandez un <strong>menu \u00e0 base de poisson<\/strong> et laissez le sommelier vous recommander le meilleur vin de la r\u00e9gion pour accompagner chaque plat. Ce sera une exp\u00e9rience sensorielle compl\u00e8te.<\/p>\n<\/blockquote>\n\n\n\n<h3 class=\"wp-block-heading has-text-align-left\">D\u00eener aux chandelles: L\u2019atmosph\u00e8re parfaite<\/h3>\n\n\n\n<p class=\"has-text-align-left\">Pour une exp\u00e9rience romantique vraiment unique, rien de tel qu\u2019un <strong>d\u00eener aux chandelles<\/strong>. De nombreux restaurants \u00e0 Venise offrent la possibilit\u00e9 de d\u00eener dans un cadre intime, avec des chandelles cr\u00e9ant une lumi\u00e8re douce et romantique. Le contraste entre la beaut\u00e9 de la ville et l\u2019atmosph\u00e8re magique cr\u00e9\u00e9e par les chandelles est id\u00e9al pour un <strong>moment sp\u00e9cial<\/strong> avec votre partenaire.<\/p>\n\n\n\n<blockquote class=\"wp-block-quote has-text-align-left is-layout-flow wp-block-quote-is-layout-flow\">\n<p><strong>Conseil romantique<\/strong>: choisissez un restaurant qui propose un <strong>d\u00eener aux chandelles<\/strong> et demandez une table avec vue sur le <strong>Canal Grande<\/strong> ou dans un <strong>jardin secret<\/strong> pour une exp\u00e9rience romantique vraiment exclusive.<\/p>\n<\/blockquote>\n\n\n\n<h3 class=\"wp-block-heading has-text-align-left\">Exp\u00e9rience de d\u00e9gustation: Un voyage \u00e0 travers les saveurs de Venise<\/h3>\n\n\n\n<p class=\"has-text-align-left\">Si vous voulez vivre une v\u00e9ritable <strong>exp\u00e9rience gastronomique<\/strong> \u00e0 Venise, vous pouvez choisir un <strong>menu d\u00e9gustation<\/strong>, qui vous permettra de savourer une s\u00e9lection de plats typiques de la cuisine v\u00e9nitienne, pr\u00e9par\u00e9s avec <strong>maestria<\/strong> et <strong>attention aux d\u00e9tails<\/strong>. Chaque plat raconte une histoire de la tradition culinaire locale et vous plongera dans les saveurs authentiques de la ville.<\/p>\n\n\n\n<blockquote class=\"wp-block-quote has-text-align-left is-layout-flow wp-block-quote-is-layout-flow\">\n<p><strong>Conseil romantique<\/strong>: pendant la <strong>d\u00e9gustation<\/strong> de plats v\u00e9nitiens, prenez le temps d\u2019appr\u00e9cier chaque bouch\u00e9e et laissez les saveurs se m\u00ealer au vin, cr\u00e9ant une exp\u00e9rience unique et romantique \u00e0 partager.<\/p>\n<\/blockquote>\n\n\n\n<h3 class=\"wp-block-heading has-text-align-left\">T\u00e9moignages des h\u00f4tes de l&rsquo;Arcadia<\/h3>\n\n\n\n<blockquote class=\"wp-block-quote has-text-align-left is-layout-flow wp-block-quote-is-layout-flow\">\n<p>\u201cNous avons d\u00een\u00e9 dans un restaurant avec vue sur le <strong>Canal Grande<\/strong>, et le d\u00eener \u00e9tait absolument inoubliable. Le poisson frais et la vue panoramique ont \u00e9t\u00e9 le parfait compl\u00e9ment de notre soir\u00e9e romantique.\u201d<br>\u201cLe d\u00eener aux chandelles dans un restaurant intime a \u00e9t\u00e9 la meilleure partie de notre s\u00e9jour \u00e0 Venise. L\u2019atmosph\u00e8re \u00e9tait magique et la cuisine d\u00e9licieuse.\u201d<br>\u201cLe menu d\u00e9gustation qu\u2019on nous a recommand\u00e9 \u00e9tait incroyable. Chaque plat nous a surpris et la soir\u00e9e \u00e9tait parfaite. Nous n\u2019aurions pas pu demander mieux!\u201d<\/p>\n<\/blockquote>\n\n\n\n<h3 class=\"wp-block-heading has-text-align-left\">Conseils de l\u2019\u00e9quipe Arcadia<\/h3>\n\n\n\n<blockquote class=\"wp-block-quote has-text-align-left is-layout-flow wp-block-quote-is-layout-flow\">\n<p>\u201cR\u00e9servez un <strong>d\u00eener romantique aux chandelles<\/strong> dans l\u2019un des restaurants avec vue sur le Canal Grande ou <strong>Piazza San Marco<\/strong> pour une exp\u00e9rience vraiment inoubliable.\u201d<br>\u201cSi vous souhaitez savourer la cuisine v\u00e9nitienne authentique, demandez un <strong>menu d\u00e9gustation<\/strong> pour go\u00fbter une s\u00e9lection des meilleurs plats locaux.\u201d<br>\u201cN\u2019oubliez pas de commander un bon <strong>Prosecco<\/strong> ou un <strong>vin v\u00e9nitien<\/strong> pour accompagner vos plats et porter un toast \u00e0 votre soir\u00e9e romantique.\u201d<\/p>\n<\/blockquote>\n\n\n\n<p class=\"has-text-align-left\"><strong>R\u00e9servez votre s\u00e9jour \u00e0 l\u2019Arcadia Boutique Hotel<\/strong> et vivez un d\u00eener gourmet romantique dans les meilleurs restaurants de Venise.<a href=\"https:\/\/hotelarcadia.net\/fr\/\" data-type=\"URL\" data-id=\"https:\/\/hotelarcadia.net\/fr\/\"><br><\/a>Ou<a href=\"https:\/\/hotelarcadia.net\/fr\/\" data-type=\"URL\" data-id=\"https:\/\/hotelarcadia.net\/fr\/\"> <strong>contactez-nous<\/strong><\/a> pour des recommandations sur les restaurants romantiques \u00e0 Venise.<\/p>\n\n\n\n<hr class=\"wp-block-separator has-css-opacity\"\/>\n","protected":false},"excerpt":{"rendered":"<p>Venise n\u2019est pas seulement une ville d\u2019art et d\u2019histoire, mais aussi une ville de gastronomie raffin\u00e9e. Un d\u00eener romantique gourmet dans l\u2019un des restaurants les plus exclusifs de la ville est le moyen id\u00e9al de terminer une journ\u00e9e pass\u00e9e \u00e0 explorer la magie de Venise. Des plats traditionnels v\u00e9nitiens aux cr\u00e9ations plus innovantes, la cuisine [&hellip;]<\/p>\n","protected":false},"author":1,"featured_media":8987,"parent":5618,"menu_order":0,"comment_status":"closed","ping_status":"closed","template":"","meta":{"_acf_changed":false,"footnotes":""},"class_list":["post-6170","page","type-page","status-publish","has-post-thumbnail","hentry"],"acf":[],"_links":{"self":[{"href":"https:\/\/hotelarcadia.net\/fr\/wp-json\/wp\/v2\/pages\/6170","targetHints":{"allow":["GET"]}}],"collection":[{"href":"https:\/\/hotelarcadia.net\/fr\/wp-json\/wp\/v2\/pages"}],"about":[{"href":"https:\/\/hotelarcadia.net\/fr\/wp-json\/wp\/v2\/types\/page"}],"author":[{"embeddable":true,"href":"https:\/\/hotelarcadia.net\/fr\/wp-json\/wp\/v2\/users\/1"}],"replies":[{"embeddable":true,"href":"https:\/\/hotelarcadia.net\/fr\/wp-json\/wp\/v2\/comments?post=6170"}],"version-history":[{"count":0,"href":"https:\/\/hotelarcadia.net\/fr\/wp-json\/wp\/v2\/pages\/6170\/revisions"}],"up":[{"embeddable":true,"href":"https:\/\/hotelarcadia.net\/fr\/wp-json\/wp\/v2\/pages\/5618"}],"wp:featuredmedia":[{"embeddable":true,"href":"https:\/\/hotelarcadia.net\/fr\/wp-json\/wp\/v2\/media\/8987"}],"wp:attachment":[{"href":"https:\/\/hotelarcadia.net\/fr\/wp-json\/wp\/v2\/media?parent=6170"}],"curies":[{"name":"wp","href":"https:\/\/api.w.org\/{rel}","templated":true}]}}