{"id":6457,"date":"2025-03-31T07:52:18","date_gmt":"2025-03-31T07:52:18","guid":{"rendered":"https:\/\/www.hotelarcadia.net\/lhotel-le-plus-romantique-de-venise\/biennale-di-venezia\/"},"modified":"2025-04-04T08:55:41","modified_gmt":"2025-04-04T08:55:41","slug":"biennale-de-venise","status":"publish","type":"page","link":"https:\/\/hotelarcadia.net\/fr\/hotel-le-plus-romantique-de-venise\/biennale-de-venise\/","title":{"rendered":"Biennale de Venise: Un voyage romantique \u00e0 travers l&rsquo;art contemporain"},"content":{"rendered":"\n<p class=\"has-text-align-left\">La <strong><a href=\"https:\/\/hotelarcadia.net\/fr\/exhibition\/biennale-darte-2024-etrangers-partout-pour-sa-60eme-edition\/\" data-type=\"URL\" data-id=\"https:\/\/hotelarcadia.net\/fr\/exhibition\/biennale-darte-2024-etrangers-partout-pour-sa-60eme-edition\/\"><em>Biennale<\/em> de Venise<\/a><\/strong> est l&rsquo;un des \u00e9v\u00e9nements artistiques les plus prestigieux au monde et une occasion unique pour les couples qui souhaitent vivre une aventure <strong>culturelle inoubliable<\/strong>. Chaque ann\u00e9e, des centaines d&rsquo;artistes et de commissaires internationaux se r\u00e9unissent pour pr\u00e9senter leurs \u0153uvres dans l&rsquo;une des villes les plus romantiques du monde. La <em>Biennale<\/em> est une exp\u00e9rience qui va au-del\u00e0 de l&rsquo;art; c&rsquo;est une <strong>c\u00e9l\u00e9bration<\/strong> de la <strong>cr\u00e9ativit\u00e9<\/strong>, de la <strong>passion<\/strong> et de la <strong>beaut\u00e9<\/strong>, qui peut \u00eatre encore plus appr\u00e9ci\u00e9e en compagnie de votre partenaire.<\/p>\n\n\n\n<h3 class=\"has-text-align-left wp-block-heading\">Un \u00e9v\u00e9nement qui c\u00e9l\u00e8bre l&rsquo;art et la culture contemporains<\/h3>\n\n\n\n<p class=\"has-text-align-left\">La <em>Biennale<\/em> de Venise n&rsquo;est pas seulement une exposition, mais une v\u00e9ritable exp\u00e9rience immersive dans le monde de l&rsquo;<strong>art contemporain<\/strong>. Chaque \u00e9dition se concentre sur un th\u00e8me diff\u00e9rent et offre une <strong>perspective unique<\/strong> des <strong>tendances artistiques mondiales<\/strong>. En se promenant entre les pavillons, les galeries et les jardins, les couples peuvent d\u00e9couvrir de nouvelles formes d&rsquo;art, vivre des <strong>\u00e9motions<\/strong> et des <strong>r\u00e9flexions<\/strong> ensemble, et laisser l&rsquo;art inspirer et renforcer leur lien.<\/p>\n\n\n\n<blockquote class=\"wp-block-quote has-text-align-left is-layout-flow wp-block-quote-is-layout-flow\"><p><strong>Conseil romantique<\/strong>: Prenez le temps d&rsquo;explorer le <strong>Giardino delle Nazioni<\/strong>, o\u00f9 chaque pavillon national offre une vision unique de la culture et de l&rsquo;art. Ce sera une exp\u00e9rience qui suscitera des conversations int\u00e9ressantes et profondes avec votre partenaire.<\/p><\/blockquote>\n\n\n\n<h3 class=\"has-text-align-left wp-block-heading\">Un art qui unit les personnes<\/h3>\n\n\n\n<p class=\"has-text-align-left\">L&rsquo;art a toujours \u00e9t\u00e9 un moyen de <strong>rassembler les gens<\/strong>, d&rsquo;\u00e9voquer des \u00e9motions et de stimuler la r\u00e9flexion. \u00c0 la <em>Biennale<\/em>, cela se produit chaque jour, avec des \u0153uvres qui abordent des <strong>th\u00e8mes universels<\/strong> tels que l&rsquo;amour, la libert\u00e9, la soci\u00e9t\u00e9 et l&rsquo;individualit\u00e9. Chaque \u0153uvre d&rsquo;art est une occasion d&rsquo;explorer de nouvelles id\u00e9es avec votre partenaire, de cr\u00e9er des <strong>souvenirs partag\u00e9s<\/strong> et d&rsquo;enrichir votre <strong>exp\u00e9rience de vie<\/strong>. La <em>Biennale<\/em> est une <strong>c\u00e9l\u00e9bration<\/strong> de la <strong>diversit\u00e9 culturelle<\/strong> et des <strong>\u00e9motions<\/strong> que l&rsquo;art peut susciter.<\/p>\n\n\n\n<blockquote class=\"wp-block-quote has-text-align-left is-layout-flow wp-block-quote-is-layout-flow\"><p><strong>Conseil romantique<\/strong>: Apr\u00e8s avoir visit\u00e9 les pavillons, prenez un moment pour r\u00e9fl\u00e9chir \u00e0 ce que vous avez vu et discutez des \u0153uvres qui vous ont le plus touch\u00e9es. Vous pouvez aussi prendre des photos en couple devant les \u0153uvres que vous avez ador\u00e9es.<\/p><\/blockquote>\n\n\n\n<h3 class=\"has-text-align-left wp-block-heading\">Une promenade romantique entre pavillons et jardins<\/h3>\n\n\n\n<p class=\"has-text-align-left\">La <em>Biennale<\/em> de Venise n&rsquo;est pas seulement de l&rsquo;art: c&rsquo;est aussi une occasion de vivre la ville \u00e0 travers son <strong>architecture moderne<\/strong> et ses <strong>jardins historiques<\/strong>. Se promener entre les \u0153uvres d&rsquo;art en plein air et les pavillons plong\u00e9s dans la verdure est une v\u00e9ritable exp\u00e9rience sensorielle. Chaque coin du <em>Giardini della Biennale<\/em> ou de <em>l&rsquo;Arsenale<\/em> offre l&rsquo;occasion de profiter de la <strong>beaut\u00e9<\/strong> de la ville tout en \u00e9tant entour\u00e9 par des <strong>installations<\/strong> <strong>artistiques<\/strong> <strong>magnifiques<\/strong>. Avec votre partenaire, il sera facile de se laisser inspirer par les vues et de s&rsquo;immerger pleinement dans l&rsquo;exp\u00e9rience.<\/p>\n\n\n\n<blockquote class=\"wp-block-quote has-text-align-left is-layout-flow wp-block-quote-is-layout-flow\"><p><strong>Conseil romantique<\/strong>: N&rsquo;oubliez pas de visiter le <strong>Giardino delle Viole<\/strong>, un coin plus calme o\u00f9 vous pourrez vous d\u00e9tendre ensemble et profiter de la beaut\u00e9 de la nature et de l&rsquo;art dans une atmosph\u00e8re sereine.<\/p><\/blockquote>\n\n\n\n<h3 class=\"has-text-align-left wp-block-heading\">Une opportunit\u00e9 de d\u00e9couvrir de nouveaux mondes ensemble<\/h3>\n\n\n\n<p class=\"has-text-align-left\">\u00c0 la <em>Biennale<\/em> de Venise, chaque \u00e9dition est diff\u00e9rente et <strong>chaque artiste apporte sa propre vision du monde<\/strong>. Participer \u00e0 cet \u00e9v\u00e9nement vous permettra de d\u00e9couvrir ensemble de nouveaux concepts, de <strong>nouveaux langages<\/strong> et de nouvelles <strong>\u00e9motions<\/strong>. Que ce soit \u00e0 travers l&rsquo;art visuel, la sculpture, la performance ou les installations interactives, la <em>Biennale<\/em> est un lieu o\u00f9 l&rsquo;art rencontre le public de mani\u00e8re directe et engageante. Pour les couples qui aiment l&rsquo;art, c&rsquo;est l&rsquo;endroit id\u00e9al pour cr\u00e9er de nouveaux souvenirs et partager une exp\u00e9rience unique.<\/p>\n\n\n\n<blockquote class=\"wp-block-quote has-text-align-left is-layout-flow wp-block-quote-is-layout-flow\"><p><strong>Conseil romantique<\/strong>: Choisissez une \u0153uvre d&rsquo;art qui vous fascine tous les deux et prenez un moment pour l&rsquo;explorer en profondeur, en r\u00e9fl\u00e9chissant ensemble au message que l&rsquo;artiste souhaite transmettre.<\/p><\/blockquote>\n\n\n\n<h3 class=\"has-text-align-left wp-block-heading\">T\u00e9moignages des h\u00f4tes de l&rsquo;Arcadia<\/h3>\n\n\n\n<blockquote class=\"wp-block-quote has-text-align-left is-layout-flow wp-block-quote-is-layout-flow\"><p class=\"\">\u201cLa Biennale a \u00e9t\u00e9 l&rsquo;une des exp\u00e9riences les plus sp\u00e9ciales de notre s\u00e9jour \u00e0 Venise. Se promener entre les \u0153uvres d&rsquo;art et discuter ensemble de nos impressions a \u00e9t\u00e9 une excellente fa\u00e7on de se connecter.\u201d<br>\u201cNous sommes tomb\u00e9s amoureux d&rsquo;une installation qui repr\u00e9sentait l&rsquo;amour universel. C&rsquo;\u00e9tait magnifique d&rsquo;explorer la Biennale ensemble et de d\u00e9couvrir combien d&rsquo;\u0153uvres nous ont touch\u00e9s.\u201d<br>\u201cChaque coin de la Biennale nous a surpris. L&rsquo;opportunit\u00e9 de se promener dans les jardins et parmi les installations nous a offert des moments d&rsquo;intimit\u00e9 et de r\u00e9flexion.\u201d<\/p><\/blockquote>\n\n\n\n<h3 class=\"has-text-align-left wp-block-heading\">Conseils de l\u2019\u00e9quipe Arcadia<\/h3>\n\n\n\n<blockquote class=\"wp-block-quote has-text-align-left is-layout-flow wp-block-quote-is-layout-flow\"><p class=\"\">\u201cLors de votre visite \u00e0 la Biennale, prenez le temps de <strong>d\u00e9couvrir les sculptures en plein air<\/strong>. Les \u0153uvres en ext\u00e9rieur sont parfaites pour une promenade romantique et pour prendre des photos en couple.\u201d<br>\u201cN&rsquo;oubliez pas de participer \u00e0 l&rsquo;un des <strong>\u00e9v\u00e9nements et performances<\/strong> organis\u00e9s pendant la Biennale. Souvent, des \u00e9v\u00e9nements sp\u00e9ciaux sont organis\u00e9s qui ajoutent une touche unique \u00e0 l&rsquo;exp\u00e9rience.\u201d<br>\u201cSi vous cherchez un peu de d\u00e9tente apr\u00e8s une longue journ\u00e9e, je vous recommande de faire une <strong>pause dans un caf\u00e9 historique de Venise<\/strong> pour r\u00e9fl\u00e9chir \u00e0 l&rsquo;art et profiter d&rsquo;un moment de tranquillit\u00e9.\u201d<\/p><\/blockquote>\n\n\n\n<p class=\"has-text-align-left\"><strong>R\u00e9servez votre s\u00e9jour \u00e0 l\u2019Arcadia Boutique Hotel<\/strong> et vivez l&rsquo;exp\u00e9rience unique de la <strong>Biennale de Venise<\/strong>.<br>Ou <strong><a href=\"https:\/\/hotelarcadia.net\/fr\/\" data-type=\"URL\" data-id=\"https:\/\/hotelarcadia.net\/fr\/\">contactez-nous<\/a><\/strong> pour plus d&rsquo;informations sur la mani\u00e8re d\u2019organiser votre visite \u00e0 la Biennale.<\/p>\n","protected":false},"excerpt":{"rendered":"<p>La Biennale de Venise est l&rsquo;un des \u00e9v\u00e9nements artistiques les plus prestigieux au monde et une occasion unique pour les couples qui souhaitent vivre une aventure culturelle inoubliable. Chaque ann\u00e9e, des centaines d&rsquo;artistes et de commissaires internationaux se r\u00e9unissent pour pr\u00e9senter leurs \u0153uvres dans l&rsquo;une des villes les plus romantiques du monde. La Biennale est [&hellip;]<\/p>\n","protected":false},"author":1,"featured_media":6451,"parent":5618,"menu_order":0,"comment_status":"closed","ping_status":"closed","template":"","meta":{"_acf_changed":false,"footnotes":""},"class_list":["post-6457","page","type-page","status-publish","has-post-thumbnail","hentry"],"acf":[],"_links":{"self":[{"href":"https:\/\/hotelarcadia.net\/fr\/wp-json\/wp\/v2\/pages\/6457","targetHints":{"allow":["GET"]}}],"collection":[{"href":"https:\/\/hotelarcadia.net\/fr\/wp-json\/wp\/v2\/pages"}],"about":[{"href":"https:\/\/hotelarcadia.net\/fr\/wp-json\/wp\/v2\/types\/page"}],"author":[{"embeddable":true,"href":"https:\/\/hotelarcadia.net\/fr\/wp-json\/wp\/v2\/users\/1"}],"replies":[{"embeddable":true,"href":"https:\/\/hotelarcadia.net\/fr\/wp-json\/wp\/v2\/comments?post=6457"}],"version-history":[{"count":0,"href":"https:\/\/hotelarcadia.net\/fr\/wp-json\/wp\/v2\/pages\/6457\/revisions"}],"up":[{"embeddable":true,"href":"https:\/\/hotelarcadia.net\/fr\/wp-json\/wp\/v2\/pages\/5618"}],"wp:featuredmedia":[{"embeddable":true,"href":"https:\/\/hotelarcadia.net\/fr\/wp-json\/wp\/v2\/media\/6451"}],"wp:attachment":[{"href":"https:\/\/hotelarcadia.net\/fr\/wp-json\/wp\/v2\/media?parent=6457"}],"curies":[{"name":"wp","href":"https:\/\/api.w.org\/{rel}","templated":true}]}}