{"id":6504,"date":"2025-03-31T08:57:59","date_gmt":"2025-03-31T08:57:59","guid":{"rendered":"https:\/\/www.hotelarcadia.net\/lhotel-le-plus-romantique-de-venise\/tramonto-sulla-laguna-di-venezia\/"},"modified":"2025-07-16T09:53:25","modified_gmt":"2025-07-16T09:53:25","slug":"ou-admirer-le-coucher-de-soleil-le-plus-romantique-sur-la-lagune-de-venise","status":"publish","type":"page","link":"https:\/\/hotelarcadia.net\/fr\/hotel-le-plus-romantique-de-venise\/ou-admirer-le-coucher-de-soleil-le-plus-romantique-sur-la-lagune-de-venise\/","title":{"rendered":"O\u00f9 admirer le coucher de soleil le plus romantique sur la lagune de Venise?"},"content":{"rendered":"\n<p class=\"has-text-align-left\">Un <a href=\"https:\/\/hotelarcadia.net\/fr\/exhibition\/endroits-coucher-du-soleil-a-venise\/\" data-type=\"URL\" data-id=\"https:\/\/hotelarcadia.net\/fr\/exhibition\/endroits-coucher-du-soleil-a-venise\/\">coucher du soleil<\/a> sur la <strong>lagune de Venise<\/strong> est sans aucun doute l\u2019un des moments les plus romantiques \u00e0 vivre dans la ville. La ville, d\u00e9j\u00e0 magique, prend une beaut\u00e9 encore plus extraordinaire <strong>lorsque le soleil commence \u00e0 se coucher<\/strong> derri\u00e8re les \u00eeles et les b\u00e2timents de Venise. Le reflet dor\u00e9 de la lumi\u00e8re sur l\u2019eau et la tranquillit\u00e9 de la lagune cr\u00e9ent l\u2019atmosph\u00e8re parfaite pour une <strong>promenade romantique ou une balade en gondola<\/strong> au coucher du soleil. Que vous choisissiez de profiter de la vue depuis le rivage ou de naviguer sur les canaux, le coucher du soleil sur la lagune est une exp\u00e9rience \u00e0 ne pas manquer.<\/p>\n\n\n\n<h3 class=\"has-text-align-left wp-block-heading\">La magie du coucher du soleil sur la lagune<\/h3>\n\n\n\n<p class=\"has-text-align-left\">Lorsque le soleil commence \u00e0 se coucher \u00e0 l\u2019horizon, la <strong>lagune de Venise<\/strong> se transforme en une \u0153uvre d\u2019art. Le ciel prend des teintes de <strong>rose<\/strong>, <strong>orange<\/strong> et <strong>dor\u00e9<\/strong>, tandis que les eaux de la lagune refl\u00e8tent la lumi\u00e8re dans un jeu de couleurs qui fascine chaque visiteur. Le coucher du soleil \u00e0 Venise est un moment v\u00e9ritablement <strong>magique<\/strong>, id\u00e9al \u00e0 partager avec une personne sp\u00e9ciale. Que ce soit pour une promenade en gondole, une balade le long des fondations ou une pause dans l\u2019un des caf\u00e9s historiques de la ville, <strong>le coucher du soleil est le moment id\u00e9al pour s\u2019arr\u00eater, r\u00e9fl\u00e9chir et profiter du panorama<\/strong>.<\/p>\n\n\n\n<blockquote class=\"wp-block-quote has-text-align-left is-layout-flow wp-block-quote-is-layout-flow\"><p><strong>Conseil romantique<\/strong>: Prenez le temps de vous asseoir \u00e0 <strong>Campo San Giorgio<\/strong> ou \u00e0 <strong>Fondamenta delle Zattere<\/strong>, deux des meilleurs endroits pour observer le coucher du soleil. La vue sur le <strong>Canal Grande<\/strong> au coucher du soleil est quelque chose de vraiment sp\u00e9cial.<\/p><\/blockquote>\n\n\n\n<h3 class=\"has-text-align-left wp-block-heading\">Une promenade en gondole au coucher du soleil<\/h3>\n\n\n\n<p class=\"has-text-align-left\">Quoi de plus romantique qu\u2019une <strong>balade en gondole<\/strong> au coucher du soleil ? Glisser le long des canaux de Venise pendant que le soleil se couche derri\u00e8re les b\u00e2timents historiques est une exp\u00e9rience inoubliable. Le <strong>silence de la gondole<\/strong>, bris\u00e9 seulement par le bruit de l\u2019eau qui caresse les bords du bateau, et le panorama \u00e9poustouflant de la ville illumin\u00e9e par la lumi\u00e8re dor\u00e9e du coucher du soleil rendent cette exp\u00e9rience unique. Que ce soit pour une occasion sp\u00e9ciale ou un moment d\u2019intimit\u00e9 pure, <a href=\"https:\/\/hotelarcadia.net\/fr\/lhotel-le-plus-romantique-de-venise\/promenade-romantique-en-gondole\/\" data-type=\"URL\" data-id=\"https:\/\/hotelarcadia.net\/fr\/lhotel-le-plus-romantique-de-venise\/promenade-romantique-en-gondole\/\">une balade en gondole<\/a> au coucher du soleil est l\u2019une des <strong>exp\u00e9riences les plus romantiques<\/strong> que Venise puisse offrir.<\/p>\n\n\n\n<blockquote class=\"wp-block-quote has-text-align-left is-layout-flow wp-block-quote-is-layout-flow\"><p><strong>Conseil romantique<\/strong>: R\u00e9servez une <strong>gondole priv\u00e9e<\/strong> au coucher du soleil pour profiter de l\u2019exp\u00e9rience en toute intimit\u00e9. \u00c0 bord, vous aurez l\u2019impression d\u2019\u00eatre les seuls dans la ville.<\/p><\/blockquote>\n\n\n\n<h3 class=\"has-text-align-left wp-block-heading\">Les caf\u00e9s historiques de Venise: une pause romantique au coucher du soleil<\/h3>\n\n\n\n<p class=\"has-text-align-left\">Les <strong>caf\u00e9s historiques<\/strong> de Venise, comme le c\u00e9l\u00e8bre <strong><em>Caff\u00e8 Floria<\/em>n<\/strong> ou le <strong><em>Caff\u00e8 Quadri<\/em><\/strong>, sont l\u2019endroit id\u00e9al pour d\u00e9guster un ap\u00e9ritif tout en regardant le coucher du soleil sur la place. Ces caf\u00e9s sont renomm\u00e9s pour leur \u00e9l\u00e9gance et leur histoire s\u00e9culaire. S\u2019asseoir en ext\u00e9rieur, sous les arcades, avec une vue sur <strong><a href=\"https:\/\/hotelarcadia.net\/fr\/lhotel-le-plus-romantique-de-venise\/promenade-romantique-en-gondole\/\" data-type=\"URL\" data-id=\"https:\/\/hotelarcadia.net\/fr\/lhotel-le-plus-romantique-de-venise\/promenade-romantique-en-gondole\/\"><em>Piazza San Marco<\/em><\/a><\/strong> ou le <strong><em>Canal Grande<\/em><\/strong>, est la fa\u00e7on id\u00e9ale de profiter de la beaut\u00e9 de la ville pendant l\u2019heure dor\u00e9e du coucher du soleil.<\/p>\n\n\n\n<blockquote class=\"wp-block-quote has-text-align-left is-layout-flow wp-block-quote-is-layout-flow\"><p><strong>Conseil romantique<\/strong>: Profitez d\u2019un <strong>ap\u00e9ritif au coucher du soleil<\/strong> dans l\u2019un des caf\u00e9s historiques de Venise. L\u2019atmosph\u00e8re cr\u00e9\u00e9e par la musique en direct et la vue rendra ce moment parfait pour une soir\u00e9e romantique.<\/p><\/blockquote>\n\n\n\n<h3 class=\"has-text-align-left wp-block-heading\">La s\u00e9r\u00e9nit\u00e9 de la lagune: une exp\u00e9rience intime<\/h3>\n\n\n\n<p class=\"has-text-align-left\">La <strong>lagune de Venise<\/strong> est un lieu de <strong>paix<\/strong> et de <strong>s\u00e9r\u00e9nit\u00e9<\/strong>, surtout au coucher du soleil. Tandis que la ville se pr\u00e9pare pour la nuit, la lagune reste calme et silencieuse, un endroit id\u00e9al pour ceux qui cherchent un peu de tranquillit\u00e9 et d\u2019intimit\u00e9. Au coucher du soleil, les reflets de la lumi\u00e8re sur l\u2019eau cr\u00e9ent une atmosph\u00e8re qui invite \u00e0 <strong>la r\u00e9flexion<\/strong> et \u00e0 <strong>la contemplation<\/strong>. C\u2019est le moment parfait pour \u00eatre ensemble et profiter de la compagnie de votre partenaire.<\/p>\n\n\n\n<blockquote class=\"wp-block-quote has-text-align-left is-layout-flow wp-block-quote-is-layout-flow\"><p><strong>Conseil romantique<\/strong>: Faites une promenade sur la <strong>Riva degli Schiavoni<\/strong> ou le long de la <strong>Fondamenta della Misericordia<\/strong> pour admirer le coucher du soleil sur la lagune. Le silence et la beaut\u00e9 du paysage rendront ce moment encore plus sp\u00e9cial.<\/p><\/blockquote>\n\n\n\n<h3 class=\"has-text-align-left wp-block-heading\">T\u00e9moignages des h\u00f4tes de l&rsquo;Arcadia<\/h3>\n\n\n\n<blockquote class=\"wp-block-quote has-text-align-left is-layout-flow wp-block-quote-is-layout-flow\"><p class=\"\">\u201cLe coucher du soleil \u00e0 Venise a \u00e9t\u00e9 l\u2019un des moments les plus romantiques de notre vie. Nous avons fait une balade en gondole et la ville, illumin\u00e9e par le soleil couchant, semblait sortir d\u2019un r\u00eave.\u201d<br>\u201cNous avons d\u00een\u00e9 en ext\u00e9rieur dans un caf\u00e9 de <strong>Piazza San Marco<\/strong> pendant que le coucher du soleil peignait le ciel. Ce fut l\u2019un des moments les plus sp\u00e9ciaux de notre voyage.\u201d<br>\u201cNous avons promen\u00e9 le long de la <strong>Riva degli Schiavoni<\/strong> pendant le coucher du soleil, c\u2019\u00e9tait un moment de pure magie. La tranquillit\u00e9 de la lagune et le ciel dor\u00e9 ont rendu la soir\u00e9e parfaite.\u201d<\/p><\/blockquote>\n\n\n\n<h3 class=\"has-text-align-left wp-block-heading\">Conseils de l\u2019\u00e9quipe Arcadia<\/h3>\n\n\n\n<blockquote class=\"wp-block-quote has-text-align-left is-layout-flow wp-block-quote-is-layout-flow\"><p class=\"\">\u201cR\u00e9servez une <strong>balade en gondole au coucher du soleil<\/strong> pour une exp\u00e9rience romantique vraiment unique. Le coucher du soleil sur la lagune de Venise est inoubliable.\u201d<br>\u201cSi vous souhaitez une atmosph\u00e8re intime, je vous recommande de visiter <strong>Fondamenta delle Zattere<\/strong> au coucher du soleil, un endroit tranquille o\u00f9 vous pourrez vous d\u00e9tendre ensemble.\u201d<br>\u201cNe manquez pas l\u2019opportunit\u00e9 de faire une <strong>promenade romantique<\/strong> le long de la <strong>Riva degli Schiavoni<\/strong> au coucher du soleil. C\u2019est une exp\u00e9rience qui vous offrira des souvenirs inoubliables.\u201d<\/p><\/blockquote>\n\n\n\n<p class=\"has-text-align-left\"><strong>R\u00e9servez votre s\u00e9jour \u00e0 l\u2019Arcadia Boutique Hotel<\/strong> et vivez le coucher du soleil sur la lagune de Venise avec une exp\u00e9rience romantique unique.<br>Ou <strong><a href=\"https:\/\/hotelarcadia.net\/fr\/\" data-type=\"URL\" data-id=\"https:\/\/hotelarcadia.net\/fr\/\">contactez-nous<\/a><\/strong> pour plus d\u2019informations sur la mani\u00e8re d\u2019organiser une soir\u00e9e sp\u00e9ciale au coucher du soleil.<\/p>\n\n\n\n<hr class=\"wp-block-separator\"\/>\n","protected":false},"excerpt":{"rendered":"<p>Un coucher du soleil sur la lagune de Venise est sans aucun doute l\u2019un des moments les plus romantiques \u00e0 vivre dans la ville. La ville, d\u00e9j\u00e0 magique, prend une beaut\u00e9 encore plus extraordinaire lorsque le soleil commence \u00e0 se coucher derri\u00e8re les \u00eeles et les b\u00e2timents de Venise. Le reflet dor\u00e9 de la lumi\u00e8re [&hellip;]<\/p>\n","protected":false},"author":1,"featured_media":6499,"parent":5618,"menu_order":0,"comment_status":"closed","ping_status":"closed","template":"","meta":{"_acf_changed":false,"footnotes":""},"class_list":["post-6504","page","type-page","status-publish","has-post-thumbnail","hentry"],"acf":[],"_links":{"self":[{"href":"https:\/\/hotelarcadia.net\/fr\/wp-json\/wp\/v2\/pages\/6504","targetHints":{"allow":["GET"]}}],"collection":[{"href":"https:\/\/hotelarcadia.net\/fr\/wp-json\/wp\/v2\/pages"}],"about":[{"href":"https:\/\/hotelarcadia.net\/fr\/wp-json\/wp\/v2\/types\/page"}],"author":[{"embeddable":true,"href":"https:\/\/hotelarcadia.net\/fr\/wp-json\/wp\/v2\/users\/1"}],"replies":[{"embeddable":true,"href":"https:\/\/hotelarcadia.net\/fr\/wp-json\/wp\/v2\/comments?post=6504"}],"version-history":[{"count":0,"href":"https:\/\/hotelarcadia.net\/fr\/wp-json\/wp\/v2\/pages\/6504\/revisions"}],"up":[{"embeddable":true,"href":"https:\/\/hotelarcadia.net\/fr\/wp-json\/wp\/v2\/pages\/5618"}],"wp:featuredmedia":[{"embeddable":true,"href":"https:\/\/hotelarcadia.net\/fr\/wp-json\/wp\/v2\/media\/6499"}],"wp:attachment":[{"href":"https:\/\/hotelarcadia.net\/fr\/wp-json\/wp\/v2\/media?parent=6504"}],"curies":[{"name":"wp","href":"https:\/\/api.w.org\/{rel}","templated":true}]}}