{"id":6554,"date":"2025-03-31T09:47:36","date_gmt":"2025-03-31T09:47:36","guid":{"rendered":"https:\/\/www.hotelarcadia.net\/lhotel-le-plus-romantique-de-venise\/palazzo-ducale\/"},"modified":"2025-04-01T11:46:42","modified_gmt":"2025-04-01T11:46:42","slug":"palais-des-doges","status":"publish","type":"page","link":"https:\/\/hotelarcadia.net\/fr\/hotel-le-plus-romantique-de-venise\/palais-des-doges\/","title":{"rendered":"Palais des Doges: Histoire, Art et Romance \u00e0 Venise"},"content":{"rendered":"\n<p class=\"has-text-align-left\">Le <strong>Palais des Doges<\/strong> est l&rsquo;un des lieux les plus fascinants et historiques de Venise, parfait pour les couples \u00e0 la recherche d&rsquo;une <strong>exp\u00e9rience romantique et culturelle<\/strong>. Ce b\u00e2timent imposant a \u00e9t\u00e9 pendant des si\u00e8cles la r\u00e9sidence du Doge de Venise, ainsi que le centre du pouvoir politique et de la vie culturelle de la R\u00e9publique. Aujourd&rsquo;hui, le Palais des Doges est un <strong>mus\u00e9e<\/strong> qui raconte l&rsquo;histoire de la ville, avec ses chambres \u00e9l\u00e9gantes, ses fresques \u00e0 couper le souffle et ses l\u00e9gendes fascinantes.<\/p>\n\n\n\n<h3 class=\"has-text-align-left wp-block-heading\">La magnificence du Palais des Doges<\/h3>\n\n\n\n<p class=\"has-text-align-left\">Le <strong>Palais des Doges<\/strong> est un v\u00e9ritable chef-d&rsquo;\u0153uvre de l&rsquo;architecture gothique v\u00e9nitienne. Avec son <strong>marbre blanc<\/strong>, ses <strong>arches \u00e9l\u00e9gantes<\/strong> et ses <strong>palais d\u00e9cor\u00e9s<\/strong>, le palais envo\u00fbte chaque visiteur. Pour les couples qui aiment l&rsquo;histoire et l&rsquo;art, une visite du Palais des Doges est l&rsquo;une des exp\u00e9riences les plus romantiques que Venise a \u00e0 offrir. Se promener dans ses salles et salons, admirer les <strong>magnifiques fresques<\/strong> et les <strong>\u0153uvres d&rsquo;art<\/strong> qui ornent les murs, est un voyage dans le pass\u00e9 qui vous coupe le souffle.<\/p>\n\n\n\n<blockquote class=\"wp-block-quote has-text-align-left is-layout-flow wp-block-quote-is-layout-flow\"><p><strong>Conseil romantique<\/strong>: r\u00e9servez une <strong>visite guid\u00e9e priv\u00e9e<\/strong> du Palais des Doges pour d\u00e9couvrir l&rsquo;histoire et les secrets de ce lieu fascinant de mani\u00e8re exclusive. Un guide exp\u00e9riment\u00e9 vous racontera des histoires fascinantes qui rendront votre visite encore plus excitante.<\/p><\/blockquote>\n\n\n\n<h3 class=\"has-text-align-left wp-block-heading\">La Sala del Maggior Consiglio: c\u0153ur du pouvoir v\u00e9nitien<\/h3>\n\n\n\n<p class=\"has-text-align-left\">L&rsquo;une des pi\u00e8ces les plus impressionnantes du Palais des Doges est la <strong><em>Sala del Maggior Consiglio<\/em><\/strong>, la salle du conseil de la R\u00e9publique de Venise. Avec ses <strong>fresques g\u00e9antes<\/strong> et ses <strong>plafonds d\u00e9cor\u00e9s<\/strong>, cette salle est une \u0153uvre d&rsquo;art qui refl\u00e8te la grandeur politique de la ville. Les couples qui aiment l&rsquo;histoire politique et l&rsquo;art trouveront cette salle particuli\u00e8rement fascinante. S&rsquo;asseoir sur l&rsquo;un des <strong>bancs en bois<\/strong> et imaginer le pouvoir exerc\u00e9 ici est une exp\u00e9rience unique.<\/p>\n\n\n\n<blockquote class=\"wp-block-quote has-text-align-left is-layout-flow wp-block-quote-is-layout-flow\"><p><strong>Conseil romantique<\/strong>: prenez le temps de contempler la <strong>fresque de Tintoret<\/strong> qui d\u00e9core le plafond de la Sala del Maggior Consiglio. La beaut\u00e9 et la grandeur de cette \u0153uvre d&rsquo;art vous laisseront sans voix.<\/p><\/blockquote>\n\n\n\n<h3 class=\"has-text-align-left wp-block-heading\">Le Pont des Soupirs (<em>Ponte dei Sospiri<\/em>): un symbole romantique de Venise<\/h3>\n\n\n\n<p class=\"has-text-align-left\">Le <strong><a href=\"https:\/\/hotelarcadia.net\/fr\/lhotel-le-plus-romantique-de-venise\/promenade-romantique-entre-les-ponts-de-venise\/\" data-type=\"URL\" data-id=\"https:\/\/hotelarcadia.net\/fr\/lhotel-le-plus-romantique-de-venise\/promenade-romantique-entre-les-ponts-de-venise\/\">Pont des Soupirs<\/a><\/strong> est l&rsquo;un des lieux les plus romantiques de Venise, situ\u00e9 juste \u00e0 c\u00f4t\u00e9 du Palais des Doges. Ce pont c\u00e9l\u00e8bre relie le palais aux <strong>prisons<\/strong> et tire son nom des l\u00e9gendes des prisonniers qui traversaient le pont en soupirant pour la derni\u00e8re fois en \u00e9tant emmen\u00e9s en prison. Aujourd&rsquo;hui, le Pont des Soupirs est un <strong>symbole de l&rsquo;amour et de l&rsquo;histoire de Venise<\/strong>, et beaucoup le consid\u00e8rent comme le lieu parfait pour faire une promesse d&rsquo;amour.<\/p>\n\n\n\n<blockquote class=\"wp-block-quote has-text-align-left is-layout-flow wp-block-quote-is-layout-flow\"><p><strong>Conseil romantique<\/strong>: traversez le <strong>Pont des Soupirs<\/strong> au coucher du soleil. Le reflet du pont sur l&rsquo;eau et la vue sur le <strong>Canal Grande<\/strong> rendront ce moment encore plus sp\u00e9cial.<\/p><\/blockquote>\n\n\n\n<h3 class=\"has-text-align-left wp-block-heading\">Les Prisons du Palais des Doges: un voyage dans le pass\u00e9 sombre de Venise<\/h3>\n\n\n\n<p class=\"has-text-align-left\">Le Palais des Doges n&rsquo;est pas seulement un lieu de pouvoir et de beaut\u00e9, mais aussi d&rsquo;histoire sombre. Les <strong>prisons<\/strong> situ\u00e9es sous le palais racontent une partie moins connue de l&rsquo;histoire de Venise. Les <strong>cellules \u00e9troites<\/strong> et les <strong>cha\u00eenes<\/strong> qui se trouvent encore dans les prisons \u00e9voquent les images des prisonniers qui passaient de longues ann\u00e9es en attendant leur destin. Visiter les prisons est une occasion unique de d\u00e9couvrir un c\u00f4t\u00e9 plus myst\u00e9rieux de la ville.<\/p>\n\n\n\n<blockquote class=\"wp-block-quote has-text-align-left is-layout-flow wp-block-quote-is-layout-flow\"><p><strong>Conseil romantique<\/strong>: explorez les <strong>prisons<\/strong> lors de votre visite. Bien que le th\u00e8me soit sombre, le contraste avec la beaut\u00e9 des salles au-dessus d&rsquo;elles cr\u00e9e une exp\u00e9rience int\u00e9ressante et r\u00e9fl\u00e9chie \u00e0 vivre ensemble.<\/p><\/blockquote>\n\n\n\n<h3 class=\"has-text-align-left wp-block-heading\">T\u00e9moignages des h\u00f4tes de l&rsquo;Arcadia<\/h3>\n\n\n\n<blockquote class=\"wp-block-quote has-text-align-left is-layout-flow wp-block-quote-is-layout-flow\"><p class=\"\">\u201cLe Palais des Doges a \u00e9t\u00e9 l&rsquo;un des moments les plus romantiques de notre voyage \u00e0 Venise. Se promener dans ses salles et admirer les fresques nous a fait sentir comme si nous faisions partie de l&rsquo;histoire.\u201d<br>\u201cNous avons visit\u00e9 le <strong>Pont des Soupirs<\/strong> et nous nous sommes sentis comme les protagonistes d&rsquo;une l\u00e9gende romantique. Le coucher du soleil derri\u00e8re le pont \u00e9tait \u00e0 couper le souffle.\u201d<br>\u201cLes prisons \u00e9taient un endroit fascinant \u00e0 visiter, mais la v\u00e9ritable magie r\u00e9side dans les salles du Palais des Doges. Chaque recoin nous a surpris.\u201d<\/p><\/blockquote>\n\n\n\n<h3 class=\"has-text-align-left wp-block-heading\">Conseils de l\u2019\u00e9quipe Arcadia<\/h3>\n\n\n\n<blockquote class=\"wp-block-quote has-text-align-left is-layout-flow wp-block-quote-is-layout-flow\"><p class=\"\">\u201cR\u00e9servez une <strong>visite priv\u00e9e du Palais des Doges<\/strong> pour une exp\u00e9rience unique. Les histoires racont\u00e9es par le guide vous ram\u00e8neront dans le temps et vous feront vivre l&rsquo;histoire de la ville.\u201d<br>\u201cN&rsquo;oubliez pas de vous arr\u00eater au <strong>Pont des Soupirs<\/strong> et de prendre une photo romantique. C&rsquo;est l&rsquo;un des lieux les plus embl\u00e9matiques de Venise.\u201d<br>\u201cSi vous recherchez un moment romantique dans un endroit fascinant, je vous recommande de visiter la <strong>Sala del Maggior Consiglio<\/strong>. La beaut\u00e9 des fresques est indescriptible.\u201d<\/p><\/blockquote>\n\n\n\n<p class=\"has-text-align-left\"><strong>R\u00e9servez votre s\u00e9jour \u00e0 l&rsquo;Arcadia Boutique Hotel<\/strong> et vivez la magie romantique d&rsquo;une <strong>visite du Palais des Doges<\/strong>.<br>Ou <strong><a href=\"https:\/\/hotelarcadia.net\/fr\/\" data-type=\"URL\" data-id=\"https:\/\/hotelarcadia.net\/fr\/\">contactez-nous<\/a><\/strong> pour plus d&rsquo;informations sur la fa\u00e7on d&rsquo;organiser votre visite au Palais des Doges.<\/p>\n","protected":false},"excerpt":{"rendered":"<p>Le Palais des Doges est l&rsquo;un des lieux les plus fascinants et historiques de Venise, parfait pour les couples \u00e0 la recherche d&rsquo;une exp\u00e9rience romantique et culturelle. Ce b\u00e2timent imposant a \u00e9t\u00e9 pendant des si\u00e8cles la r\u00e9sidence du Doge de Venise, ainsi que le centre du pouvoir politique et de la vie culturelle de la [&hellip;]<\/p>\n","protected":false},"author":1,"featured_media":6548,"parent":5618,"menu_order":0,"comment_status":"closed","ping_status":"closed","template":"","meta":{"_acf_changed":false,"footnotes":""},"class_list":["post-6554","page","type-page","status-publish","has-post-thumbnail","hentry"],"acf":[],"_links":{"self":[{"href":"https:\/\/hotelarcadia.net\/fr\/wp-json\/wp\/v2\/pages\/6554","targetHints":{"allow":["GET"]}}],"collection":[{"href":"https:\/\/hotelarcadia.net\/fr\/wp-json\/wp\/v2\/pages"}],"about":[{"href":"https:\/\/hotelarcadia.net\/fr\/wp-json\/wp\/v2\/types\/page"}],"author":[{"embeddable":true,"href":"https:\/\/hotelarcadia.net\/fr\/wp-json\/wp\/v2\/users\/1"}],"replies":[{"embeddable":true,"href":"https:\/\/hotelarcadia.net\/fr\/wp-json\/wp\/v2\/comments?post=6554"}],"version-history":[{"count":0,"href":"https:\/\/hotelarcadia.net\/fr\/wp-json\/wp\/v2\/pages\/6554\/revisions"}],"up":[{"embeddable":true,"href":"https:\/\/hotelarcadia.net\/fr\/wp-json\/wp\/v2\/pages\/5618"}],"wp:featuredmedia":[{"embeddable":true,"href":"https:\/\/hotelarcadia.net\/fr\/wp-json\/wp\/v2\/media\/6548"}],"wp:attachment":[{"href":"https:\/\/hotelarcadia.net\/fr\/wp-json\/wp\/v2\/media?parent=6554"}],"curies":[{"name":"wp","href":"https:\/\/api.w.org\/{rel}","templated":true}]}}