{"id":7779,"date":"2017-01-31T10:45:41","date_gmt":"2017-01-31T10:45:41","guid":{"rendered":"https:\/\/www.hotelarcadia.net\/?page_id=7779"},"modified":"2025-10-23T09:52:50","modified_gmt":"2025-10-23T09:52:50","slug":"bienvenue","status":"publish","type":"page","link":"https:\/\/hotelarcadia.net\/fr\/bienvenue\/","title":{"rendered":"Bienvenue"},"content":{"rendered":"<p>UN CHALEUREUX BIENVENUE \u00c0 L\u2019ARCADIA BOUTIQUE HOTEL.<\/p>\n<p>JE SUIS RAVI QUE VOUS AYEZ CHOISI DE PASSER VOTRE TEMPS AVEC NOUS ET J\u2019ESP\u00c8RE QUE MA MAISON ET NOTRE HOSPITALIT\u00c9 SAURONT R\u00c9ALISER TOUS VOS R\u00caVES ICI \u00c0 VENISE.<\/p>\n<p>MON \u00c9QUIPE ET MOI SOMMES ICI POUR VOUS FAIRE VIBRER ET VOUS OFFRIR NOTRE MEILLEUR SERVICE.<\/p>\n\n","protected":false},"excerpt":{"rendered":"<p>UN CHALEUREUX BIENVENUE \u00c0 L\u2019ARCADIA BOUTIQUE HOTEL. JE SUIS RAVI QUE VOUS AYEZ CHOISI DE PASSER VOTRE TEMPS AVEC NOUS ET J\u2019ESP\u00c8RE QUE MA MAISON ET NOTRE HOSPITALIT\u00c9 SAURONT R\u00c9ALISER TOUS VOS R\u00caVES ICI \u00c0 VENISE. MON \u00c9QUIPE ET MOI SOMMES ICI POUR VOUS FAIRE VIBRER ET VOUS OFFRIR NOTRE MEILLEUR SERVICE.<\/p>\n","protected":false},"author":1,"featured_media":4170,"parent":0,"menu_order":0,"comment_status":"closed","ping_status":"closed","template":"template-pages-arcadia.php","meta":{"_acf_changed":true,"footnotes":""},"class_list":["post-7779","page","type-page","status-publish","has-post-thumbnail","hentry"],"acf":[],"_links":{"self":[{"href":"https:\/\/hotelarcadia.net\/fr\/wp-json\/wp\/v2\/pages\/7779","targetHints":{"allow":["GET"]}}],"collection":[{"href":"https:\/\/hotelarcadia.net\/fr\/wp-json\/wp\/v2\/pages"}],"about":[{"href":"https:\/\/hotelarcadia.net\/fr\/wp-json\/wp\/v2\/types\/page"}],"author":[{"embeddable":true,"href":"https:\/\/hotelarcadia.net\/fr\/wp-json\/wp\/v2\/users\/1"}],"replies":[{"embeddable":true,"href":"https:\/\/hotelarcadia.net\/fr\/wp-json\/wp\/v2\/comments?post=7779"}],"version-history":[{"count":0,"href":"https:\/\/hotelarcadia.net\/fr\/wp-json\/wp\/v2\/pages\/7779\/revisions"}],"wp:featuredmedia":[{"embeddable":true,"href":"https:\/\/hotelarcadia.net\/fr\/wp-json\/wp\/v2\/media\/4170"}],"wp:attachment":[{"href":"https:\/\/hotelarcadia.net\/fr\/wp-json\/wp\/v2\/media?parent=7779"}],"curies":[{"name":"wp","href":"https:\/\/api.w.org\/{rel}","templated":true}]}}