{"id":8349,"date":"2025-05-19T09:24:33","date_gmt":"2025-05-19T09:24:33","guid":{"rendered":"https:\/\/hotelarcadia.net\/hotel-le-plus-romantique-de-venise\/fuga-romantica-a-venezia\/"},"modified":"2025-07-21T10:03:42","modified_gmt":"2025-07-21T10:03:42","slug":"fuite-romantique-a-venise","status":"publish","type":"page","link":"https:\/\/hotelarcadia.net\/fr\/hotel-le-plus-romantique-de-venise\/fuite-romantique-a-venise\/","title":{"rendered":"Quel est l&rsquo;h\u00f4tel Id\u00e9al pour une Fuite Romantique \u00e0 Venise?"},"content":{"rendered":"\n<p class=\"\" style=\"text-align: left;\" data-start=\"210\" data-end=\"746\">Venise est depuis toujours l&rsquo;une des villes les plus romantiques au monde, un lieu o\u00f9 la beaut\u00e9 intemporelle, les canaux paisibles et l&rsquo;atmosph\u00e8re magique cr\u00e9ent le cadre parfait pour une fuite romantique. L&rsquo;<strong data-start=\"421\" data-end=\"447\">Arcadia Boutique Hotel<\/strong>, situ\u00e9 au c\u0153ur de <strong data-start=\"466\" data-end=\"480\">Cannaregio<\/strong>, est le choix id\u00e9al pour les couples qui souhaitent vivre un week-end unique plong\u00e9s dans la magie de la S\u00e9r\u00e9nissime. Avec son emplacement central, ses chambres \u00e9l\u00e9gantes et son service impeccable, l&rsquo;Arcadia offre l\u2019environnement parfait pour un s\u00e9jour inoubliable.<\/p>\n<h3 class=\"\" style=\"text-align: left;\" data-start=\"748\" data-end=\"795\">Une Atmosph\u00e8re Romantique au C\u0153ur de Venise<\/h3>\n<p class=\"\" style=\"text-align: left;\" data-start=\"797\" data-end=\"1229\">L&rsquo;<strong data-start=\"799\" data-end=\"825\">Arcadia Boutique Hotel<\/strong> est l&rsquo;endroit o\u00f9 l&rsquo;\u00e9l\u00e9gance v\u00e9nitienne rencontre le confort moderne et l&rsquo;hospitalit\u00e9 chaleureuse. Notre h\u00f4tel est con\u00e7u pour offrir aux couples une atmosph\u00e8re intime et raffin\u00e9e, o\u00f9 chaque d\u00e9tail est pens\u00e9 pour vous faire sentir chez vous et choy\u00e9s. Les chambres, meubl\u00e9es avec go\u00fbt, sont parfaites pour un s\u00e9jour romantique, et chaque coin de l&rsquo;h\u00f4tel refl\u00e8te la beaut\u00e9 et l&rsquo;harmonie typiques de Venise.<\/p>\n<blockquote data-start=\"1231\" data-end=\"1450\">\n<p class=\"\" style=\"text-align: left;\" data-start=\"1233\" data-end=\"1450\"><strong data-start=\"1233\" data-end=\"1255\">Conseil romantique<\/strong> : R\u00e9servez une <a href=\"https:\/\/hotelarcadia.net\/fr\/hotel-le-plus-romantique-de-venise\/junior-suite-et-chambres-deluxe-evasion-parfaite-a-deux\/\"><strong data-start=\"1271\" data-end=\"1287\">Junior Suite<\/strong> ou une <strong data-start=\"1295\" data-end=\"1313\">Chambre Deluxe<\/strong><\/a> pour une exp\u00e9rience encore plus exclusive. La vue sur les canaux v\u00e9nitiens depuis votre fen\u00eatre rendra votre s\u00e9jour encore plus sp\u00e9cial.<\/p>\n<\/blockquote>\n<h3 class=\"\" style=\"text-align: left;\" data-start=\"1452\" data-end=\"1499\">Un Emplacement Id\u00e9al pour Explorer la Ville<\/h3>\n<p class=\"\" style=\"text-align: left;\" data-start=\"1501\" data-end=\"1967\">L&rsquo;h\u00f4tel est situ\u00e9 \u00e0 quelques pas du <a href=\"https:\/\/hotelarcadia.net\/fr\/hotel-le-plus-romantique-de-venise\/ponte-delle-guglie\/\"><strong data-start=\"1537\" data-end=\"1559\">Ponte delle Guglie<\/strong><\/a> et du <a href=\"https:\/\/hotelarcadia.net\/fr\/hotel-le-plus-romantique-de-venise\/promenade-romantique-au-pont-du-rialto\/\"><strong data-start=\"1566\" data-end=\"1585\">Ponte di Rialto<\/strong><\/a>, ce qui le rend parfait pour explorer la ville \u00e0 pied. En quelques minutes, vous pourrez vous promener dans les lieux les plus romantiques de Venise, tels que <a href=\"https:\/\/hotelarcadia.net\/fr\/hotel-le-plus-romantique-de-venise\/promenade-romantique-a-piazza-san-marco\/\"><strong data-start=\"1745\" data-end=\"1765\">Piazza San Marco<\/strong><\/a> et le <strong data-start=\"1772\" data-end=\"1788\">Canal Grande<\/strong>. Si vous pr\u00e9f\u00e9rez, l&rsquo;arr\u00eat de vaporetto le plus proche, <strong data-start=\"1845\" data-end=\"1857\">Marcuola<\/strong>, se trouve \u00e0 seulement deux minutes \u00e0 pied, ce qui permet un acc\u00e8s facile aux transports publics de la ville.<\/p>\n<blockquote data-start=\"1969\" data-end=\"2219\">\n<p class=\"\" style=\"text-align: left;\" data-start=\"1971\" data-end=\"2219\"><strong data-start=\"1971\" data-end=\"1993\">Conseil romantique<\/strong> : Profitez d&rsquo;une promenade au coucher du soleil main dans la main le long du <strong data-start=\"2071\" data-end=\"2087\">Canal Grande<\/strong> ou dans les tranquilles <a href=\"https:\/\/hotelarcadia.net\/fr\/hotel-le-plus-romantique-de-venise\/fondamenta-della-misericordia\/\"><strong data-start=\"2112\" data-end=\"2145\">Fondamenta della Misericordia<\/strong><\/a>, un coin cach\u00e9 de Venise offrant une vue charmante et intime de la ville.<\/p>\n<\/blockquote>\n<h3 class=\"\" style=\"text-align: left;\" data-start=\"2221\" data-end=\"2263\">Une fuite Romantique \u00e0 l&rsquo;Hotel Arcadia<\/h3>\n<p class=\"\" style=\"text-align: left;\" data-start=\"2265\" data-end=\"2775\">L&rsquo;<strong data-start=\"2267\" data-end=\"2293\">Arcadia Boutique Hotel<\/strong> est le choix parfait pour une escapade romantique gr\u00e2ce \u00e0 sa combinaison de confort et de charme. Chaque matin, vous pouvez commencer la journ\u00e9e avec un petit d\u00e9jeuner m\u00e9morable servi sous le <strong data-start=\"2486\" data-end=\"2504\">plafond d\u00e9cor\u00e9<\/strong> de notre salle principale, un cadre qui refl\u00e8te le style v\u00e9nitien. Le petit d\u00e9jeuner comprend des sp\u00e9cialit\u00e9s fra\u00eeches et de qualit\u00e9, telles que des <strong data-start=\"2654\" data-end=\"2676\">g\u00e2teaux artisanaux<\/strong>, des <strong data-start=\"2682\" data-end=\"2708\">confitures biologiques<\/strong>, des <strong data-start=\"2714\" data-end=\"2728\">\u0153ufs frais<\/strong> et des cappuccinos c\u00e9l\u00e8bres dans toute Venise.<\/p>\n<blockquote data-start=\"2777\" data-end=\"2989\">\n<p class=\"\" style=\"text-align: left;\" data-start=\"2779\" data-end=\"2989\"><strong data-start=\"2779\" data-end=\"2801\">Conseil romantique<\/strong> : Terminez la journ\u00e9e avec un verre dans notre <a href=\"https:\/\/hotelarcadia.net\/fr\/hotel-le-plus-romantique-de-venise\/skyfall-bar\/\"><strong data-start=\"2849\" data-end=\"2864\">Skyfall Bar<\/strong><\/a>, o\u00f9 vous pourrez savourer un ap\u00e9ritif tout en admirant le coucher du soleil, entour\u00e9 par une atmosph\u00e8re \u00e9l\u00e9gante et sereine.<\/p>\n<\/blockquote>\n<h3 class=\"\" style=\"text-align: left;\" data-start=\"2991\" data-end=\"3035\">Une Exp\u00e9rience Romantique et Inoubliable<\/h3>\n<p class=\"\" style=\"text-align: left;\" data-start=\"3037\" data-end=\"3443\">Venise est une ville qui invite \u00e0 la <strong data-start=\"3074\" data-end=\"3088\">d\u00e9couverte<\/strong> et \u00e0 la <strong data-start=\"3097\" data-end=\"3110\">merveille<\/strong>. Se promener dans ses ruelles, faire une balade en gondole au coucher du soleil ou d\u00eener dans l&rsquo;un des nombreux restaurants au bord des canaux sont des exp\u00e9riences qui rendront votre s\u00e9jour vraiment sp\u00e9cial. \u00c0 l&rsquo;<strong data-start=\"3323\" data-end=\"3349\">Arcadia Boutique Hotel<\/strong>, nous offrons un accueil exclusif pour ceux qui recherchent la perfection dans chaque d\u00e9tail.<\/p>\n<blockquote data-start=\"3445\" data-end=\"3611\">\n<p class=\"\" style=\"text-align: left;\" data-start=\"3447\" data-end=\"3611\"><strong data-start=\"3447\" data-end=\"3469\">Conseil romantique<\/strong> : Ne manquez pas l&rsquo;occasion de faire une <a href=\"https:\/\/hotelarcadia.net\/fr\/hotel-le-plus-romantique-de-venise\/promenade-romantique-en-gondole\/\"><strong data-start=\"3511\" data-end=\"3539\">balade en gondole priv\u00e9e<\/strong><\/a>, pour vivre la magie authentique de Venise de mani\u00e8re intime et unique.<\/p>\n<\/blockquote>\n<h3 class=\"\" style=\"text-align: left;\" data-start=\"3613\" data-end=\"3667\">R\u00e9servez Votre Fuite Romantique \u00e0 l&rsquo;Hotel Arcadia<\/h3>\n<p class=\"\" style=\"text-align: left;\" data-start=\"3669\" data-end=\"4068\">Si vous cherchez l&rsquo;endroit id\u00e9al pour une <strong data-start=\"3711\" data-end=\"3743\">escapade romantique \u00e0 Venise<\/strong>, l&rsquo;<strong data-start=\"3747\" data-end=\"3773\">Arcadia Boutique Hotel<\/strong> est le choix parfait. Avec des chambres \u00e9l\u00e9gantes, une atmosph\u00e8re raffin\u00e9e et un service impeccable, notre h\u00f4tel offre une exp\u00e9rience unique qui restera grav\u00e9e dans votre c\u0153ur. R\u00e9servez d\u00e8s aujourd&rsquo;hui et commencez \u00e0 planifier votre <strong data-start=\"4007\" data-end=\"4030\">escapade romantique<\/strong> dans la ville la plus belle du monde.<\/p>\n<blockquote data-start=\"4070\" data-end=\"4236\">\n<p class=\"\" style=\"text-align: left;\" data-start=\"4072\" data-end=\"4236\"><a href=\"https:\/\/hotelarcadia.net\/fr\/\"><strong data-start=\"4072\" data-end=\"4126\">R\u00e9servez votre s\u00e9jour romantique \u00e0 l&rsquo;Hotel Arcadia<\/strong><\/a> et vivez la magie de Venise dans une atmosph\u00e8re exclusive et intime. <strong data-start=\"4196\" data-end=\"4214\">Contactez-nous<\/strong> pour plus de d\u00e9tails.<\/p>\n<\/blockquote>\n\n\n","protected":false},"excerpt":{"rendered":"<p>Venise est depuis toujours l&rsquo;une des villes les plus romantiques au monde, un lieu o\u00f9 la beaut\u00e9 intemporelle, les canaux paisibles et l&rsquo;atmosph\u00e8re magique cr\u00e9ent le cadre parfait pour une fuite romantique. L&rsquo;Arcadia Boutique Hotel, situ\u00e9 au c\u0153ur de Cannaregio, est le choix id\u00e9al pour les couples qui souhaitent vivre un week-end unique plong\u00e9s dans [&hellip;]<\/p>\n","protected":false},"author":1,"featured_media":9007,"parent":5618,"menu_order":0,"comment_status":"closed","ping_status":"closed","template":"","meta":{"_acf_changed":false,"footnotes":""},"class_list":["post-8349","page","type-page","status-publish","has-post-thumbnail","hentry"],"acf":[],"_links":{"self":[{"href":"https:\/\/hotelarcadia.net\/fr\/wp-json\/wp\/v2\/pages\/8349","targetHints":{"allow":["GET"]}}],"collection":[{"href":"https:\/\/hotelarcadia.net\/fr\/wp-json\/wp\/v2\/pages"}],"about":[{"href":"https:\/\/hotelarcadia.net\/fr\/wp-json\/wp\/v2\/types\/page"}],"author":[{"embeddable":true,"href":"https:\/\/hotelarcadia.net\/fr\/wp-json\/wp\/v2\/users\/1"}],"replies":[{"embeddable":true,"href":"https:\/\/hotelarcadia.net\/fr\/wp-json\/wp\/v2\/comments?post=8349"}],"version-history":[{"count":0,"href":"https:\/\/hotelarcadia.net\/fr\/wp-json\/wp\/v2\/pages\/8349\/revisions"}],"up":[{"embeddable":true,"href":"https:\/\/hotelarcadia.net\/fr\/wp-json\/wp\/v2\/pages\/5618"}],"wp:featuredmedia":[{"embeddable":true,"href":"https:\/\/hotelarcadia.net\/fr\/wp-json\/wp\/v2\/media\/9007"}],"wp:attachment":[{"href":"https:\/\/hotelarcadia.net\/fr\/wp-json\/wp\/v2\/media?parent=8349"}],"curies":[{"name":"wp","href":"https:\/\/api.w.org\/{rel}","templated":true}]}}