{"id":8383,"date":"2025-05-19T10:59:27","date_gmt":"2025-05-19T10:59:27","guid":{"rendered":"https:\/\/hotelarcadia.net\/anniversario-a-venezia\/"},"modified":"2025-07-21T11:34:47","modified_gmt":"2025-07-21T11:34:47","slug":"anniversaire-a-venise","status":"publish","type":"page","link":"https:\/\/hotelarcadia.net\/fr\/hotel-le-plus-romantique-de-venise\/anniversaire-a-venise\/","title":{"rendered":"Quel est l&rsquo;h\u00f4tel Id\u00e9al pour un Anniversaire \u00e0 Venise?"},"content":{"rendered":"\n<p class=\"\" style=\"text-align: left;\" data-start=\"198\" data-end=\"842\">Venise est la ville de l&rsquo;amour, et il n&rsquo;y a pas de meilleur endroit pour c\u00e9l\u00e9brer un <strong data-start=\"283\" data-end=\"299\">anniversaire<\/strong> sp\u00e9cial que la S\u00e9r\u00e9nissime. Ses <strong data-start=\"332\" data-end=\"341\">calli<\/strong> pleines d&rsquo;histoire, ses <strong data-start=\"366\" data-end=\"376\">canaux<\/strong> tranquilles et l&rsquo;atmosph\u00e8re romantique qui se d\u00e9gage de chaque coin en font la destination id\u00e9ale pour c\u00e9l\u00e9brer une date sp\u00e9ciale avec votre partenaire. L&rsquo;<strong data-start=\"532\" data-end=\"558\">Arcadia Boutique Hotel<\/strong>, situ\u00e9 au c\u0153ur de <strong data-start=\"577\" data-end=\"591\">Cannaregio<\/strong>, est l&rsquo;endroit id\u00e9al pour passer un <strong data-start=\"628\" data-end=\"656\">anniversaire inoubliable<\/strong>. Avec sa localisation centrale, ses chambres \u00e9l\u00e9gantes et son service impeccable, l&rsquo;Arcadia offre tout ce qu&rsquo;un couple pourrait souhaiter pour c\u00e9l\u00e9brer l&rsquo;amour et la dur\u00e9e de leur lien.<\/p>\n<h3 class=\"\" style=\"text-align: left;\" data-start=\"844\" data-end=\"886\">Un Environnement Romantique et Raffin\u00e9<\/h3>\n<p class=\"\" style=\"text-align: left;\" data-start=\"888\" data-end=\"1504\">L&rsquo;<strong data-start=\"890\" data-end=\"916\">Arcadia Boutique Hotel<\/strong> se distingue par son atmosph\u00e8re intime et romantique, cr\u00e9ant le cadre parfait pour les couples. Chaque d\u00e9tail de l&rsquo;h\u00f4tel est con\u00e7u pour offrir confort et raffinement. Les chambres, d\u00e9cor\u00e9es avec go\u00fbt, sont un refuge id\u00e9al pour les couples recherchant intimit\u00e9 et tranquillit\u00e9. Les <a href=\"https:\/\/hotelarcadia.net\/fr\/hotel-le-plus-romantique-de-venise\/junior-suite-et-chambres-deluxe-evasion-parfaite-a-deux\/\"><strong data-start=\"1198\" data-end=\"1215\">Junior Suites<\/strong> et les <strong data-start=\"1223\" data-end=\"1242\">Chambres Deluxe<\/strong><\/a> offrent des espaces spacieux, d\u00e9cor\u00e9s avec des mat\u00e9riaux pr\u00e9cieux tels que le bois et le coton \u00e9gyptien, et \u00e9quip\u00e9s de tout le confort moderne. La qualit\u00e9 du service, associ\u00e9e \u00e0 l&rsquo;\u00e9l\u00e9gance du cadre, rendra votre exp\u00e9rience d&rsquo;anniversaire v\u00e9ritablement sp\u00e9ciale.<\/p>\n<blockquote data-start=\"1506\" data-end=\"1689\">\n<p class=\"\" style=\"text-align: left;\" data-start=\"1508\" data-end=\"1689\"><strong data-start=\"1508\" data-end=\"1530\">Conseil romantique<\/strong> : R\u00e9servez une <strong data-start=\"1546\" data-end=\"1562\">Junior Suite<\/strong> avec vue sur les canaux de Venise, o\u00f9 vous pourrez savourer un ap\u00e9ritif et profiter du coucher de soleil depuis votre chambre.<\/p>\n<\/blockquote>\n<h3 class=\"\" style=\"text-align: left;\" data-start=\"1691\" data-end=\"1738\">Un Emplacement Id\u00e9al pour Explorer la Ville<\/h3>\n<p class=\"\" style=\"text-align: left;\" data-start=\"1740\" data-end=\"2202\">L&rsquo;h\u00f4tel est situ\u00e9 \u00e0 quelques pas du <a href=\"https:\/\/hotelarcadia.net\/fr\/hotel-le-plus-romantique-de-venise\/ponte-delle-guglie\/\"><strong data-start=\"1776\" data-end=\"1798\">Ponte delle Guglie<\/strong><\/a> et du <a href=\"https:\/\/hotelarcadia.net\/fr\/hotel-le-plus-romantique-de-venise\/promenade-romantique-au-pont-du-rialto\/\"><strong data-start=\"1805\" data-end=\"1824\">Ponte di Rialto<\/strong><\/a>, ce qui le rend parfait pour explorer la ville \u00e0 pied. En quelques minutes, vous pouvez vous promener dans les lieux les plus romantiques de Venise, tels que <a href=\"https:\/\/hotelarcadia.net\/fr\/hotel-le-plus-romantique-de-venise\/promenade-romantique-a-piazza-san-marco\/\"><strong data-start=\"1983\" data-end=\"2003\">Piazza San Marco<\/strong><\/a> et le <strong data-start=\"2010\" data-end=\"2026\">Canal Grande<\/strong>. Si vous pr\u00e9f\u00e9rez, l&rsquo;arr\u00eat de vaporetto le plus proche, <strong data-start=\"2083\" data-end=\"2095\">Marcuola<\/strong>, se trouve \u00e0 seulement deux minutes \u00e0 pied, permettant un acc\u00e8s facile aux transports publics de la ville.<\/p>\n<blockquote data-start=\"2204\" data-end=\"2456\">\n<p class=\"\" style=\"text-align: left;\" data-start=\"2206\" data-end=\"2456\"><strong data-start=\"2206\" data-end=\"2228\">Conseil romantique<\/strong> : Profitez d&rsquo;une promenade au coucher du soleil, main dans la main, le long du <strong data-start=\"2308\" data-end=\"2324\">Canal Grande<\/strong> ou dans les tranquilles <a href=\"https:\/\/hotelarcadia.net\/fr\/hotel-le-plus-romantique-de-venise\/fondamenta-della-misericordia\/\"><strong data-start=\"2349\" data-end=\"2382\">Fondamenta della Misericordia<\/strong><\/a>, un coin cach\u00e9 de Venise offrant une vue charmante et intime de la ville.<\/p>\n<\/blockquote>\n<h3 class=\"\" style=\"text-align: left;\" data-start=\"2458\" data-end=\"2500\">Un S\u00e9jour Romantique \u00e0 l&rsquo;Hotel Arcadia<\/h3>\n<p class=\"\" style=\"text-align: left;\" data-start=\"2502\" data-end=\"3012\">L&rsquo;<strong data-start=\"2504\" data-end=\"2530\">Arcadia Boutique Hotel<\/strong> est le choix parfait pour une escapade romantique gr\u00e2ce \u00e0 sa combinaison de confort et de charme. Chaque matin, vous pouvez commencer la journ\u00e9e avec un petit d\u00e9jeuner m\u00e9morable servi sous le <strong data-start=\"2723\" data-end=\"2741\">plafond d\u00e9cor\u00e9<\/strong> de notre salle principale, un cadre qui refl\u00e8te le style v\u00e9nitien. Le petit d\u00e9jeuner comprend des sp\u00e9cialit\u00e9s fra\u00eeches et de qualit\u00e9, telles que des <strong data-start=\"2891\" data-end=\"2913\">g\u00e2teaux artisanaux<\/strong>, des <strong data-start=\"2919\" data-end=\"2945\">confitures biologiques<\/strong>, des <strong data-start=\"2951\" data-end=\"2965\">\u0153ufs frais<\/strong> et des cappuccinos c\u00e9l\u00e8bres dans toute Venise.<\/p>\n<blockquote data-start=\"3014\" data-end=\"3224\">\n<p class=\"\" style=\"text-align: left;\" data-start=\"3016\" data-end=\"3224\"><strong data-start=\"3016\" data-end=\"3038\">Conseil romantique<\/strong> : Terminez la journ\u00e9e avec un verre dans notre <a href=\"https:\/\/hotelarcadia.net\/fr\/hotel-le-plus-romantique-de-venise\/skyfall-bar\/\"><strong data-start=\"3086\" data-end=\"3101\">Skyfall Bar<\/strong><\/a>, o\u00f9 vous pourrez savourer un ap\u00e9ritif tout en admirant le coucher du soleil, entour\u00e9 d&rsquo;une atmosph\u00e8re \u00e9l\u00e9gante et sereine.<\/p>\n<\/blockquote>\n<h3 class=\"\" style=\"text-align: left;\" data-start=\"3226\" data-end=\"3270\">Une Exp\u00e9rience Romantique et Inoubliable<\/h3>\n<p class=\"\" style=\"text-align: left;\" data-start=\"3272\" data-end=\"3688\">Venise est une ville qui invite \u00e0 la <strong data-start=\"3309\" data-end=\"3323\">d\u00e9couverte<\/strong> et \u00e0 l&rsquo;<strong data-start=\"3331\" data-end=\"3349\">\u00e9merveillement<\/strong>. Se promener dans ses ruelles, faire une balade en gondole au coucher du soleil ou d\u00eener dans l&rsquo;un des nombreux restaurants au bord des canaux sont des exp\u00e9riences qui rendront votre anniversaire vraiment sp\u00e9cial. \u00c0 l&rsquo;<strong data-start=\"3568\" data-end=\"3594\">Arcadia Boutique Hotel<\/strong>, nous offrons un accueil exclusif pour ceux qui recherchent la perfection dans chaque d\u00e9tail.<\/p>\n<blockquote data-start=\"3690\" data-end=\"3859\">\n<p class=\"\" style=\"text-align: left;\" data-start=\"3692\" data-end=\"3859\"><strong data-start=\"3692\" data-end=\"3714\">Conseil romantique<\/strong> : Ne manquez pas l&rsquo;opportunit\u00e9 de faire une <a href=\"https:\/\/hotelarcadia.net\/fr\/hotel-le-plus-romantique-de-venise\/promenade-romantique-en-gondole\/\"><strong data-start=\"3759\" data-end=\"3787\">balade en gondole priv\u00e9e<\/strong><\/a>, pour vivre la magie authentique de Venise de mani\u00e8re intime et unique.<\/p>\n<\/blockquote>\n<h3 class=\"\" style=\"text-align: left;\" data-start=\"3861\" data-end=\"3937\">R\u00e9servez Votre S\u00e9jour Inoubliable pour un Anniversaire \u00e0 l&rsquo;Hotel Arcadia<\/h3>\n<p class=\"\" style=\"text-align: left;\" data-start=\"3939\" data-end=\"4344\">Si vous cherchez l&rsquo;endroit id\u00e9al pour c\u00e9l\u00e9brer votre anniversaire \u00e0 Venise, l&rsquo;<strong data-start=\"4017\" data-end=\"4043\">Arcadia Boutique Hotel<\/strong> est le choix parfait. Avec sa <strong data-start=\"4074\" data-end=\"4099\">localisation centrale<\/strong>, ses chambres \u00e9l\u00e9gantes et son service impeccable, l&rsquo;h\u00f4tel vous offrira une exp\u00e9rience exclusive qui rendra chaque moment sp\u00e9cial. R\u00e9servez d\u00e8s aujourd&rsquo;hui et commencez \u00e0 planifier votre escapade romantique dans la ville la plus belle du monde.<\/p>\n<blockquote data-start=\"4346\" data-end=\"4530\">\n<p class=\"\" style=\"text-align: left;\" data-start=\"4348\" data-end=\"4530\"><a href=\"https:\/\/hotelarcadia.net\/fr\/\"><strong data-start=\"4348\" data-end=\"4417\">R\u00e9servez d\u00e8s maintenant votre s\u00e9jour romantique \u00e0 l&rsquo;Hotel Arcadia<\/strong><\/a> et c\u00e9l\u00e9brez votre anniversaire dans une atmosph\u00e8re exclusive et intime. <strong data-start=\"4490\" data-end=\"4508\">Contactez-nous<\/strong> pour plus de d\u00e9tails.<\/p>\n<\/blockquote>\n\n\n","protected":false},"excerpt":{"rendered":"<p>Venise est la ville de l&rsquo;amour, et il n&rsquo;y a pas de meilleur endroit pour c\u00e9l\u00e9brer un anniversaire sp\u00e9cial que la S\u00e9r\u00e9nissime. Ses calli pleines d&rsquo;histoire, ses canaux tranquilles et l&rsquo;atmosph\u00e8re romantique qui se d\u00e9gage de chaque coin en font la destination id\u00e9ale pour c\u00e9l\u00e9brer une date sp\u00e9ciale avec votre partenaire. L&rsquo;Arcadia Boutique Hotel, situ\u00e9 [&hellip;]<\/p>\n","protected":false},"author":1,"featured_media":9025,"parent":5618,"menu_order":0,"comment_status":"closed","ping_status":"closed","template":"","meta":{"_acf_changed":false,"footnotes":""},"class_list":["post-8383","page","type-page","status-publish","has-post-thumbnail","hentry"],"acf":[],"_links":{"self":[{"href":"https:\/\/hotelarcadia.net\/fr\/wp-json\/wp\/v2\/pages\/8383","targetHints":{"allow":["GET"]}}],"collection":[{"href":"https:\/\/hotelarcadia.net\/fr\/wp-json\/wp\/v2\/pages"}],"about":[{"href":"https:\/\/hotelarcadia.net\/fr\/wp-json\/wp\/v2\/types\/page"}],"author":[{"embeddable":true,"href":"https:\/\/hotelarcadia.net\/fr\/wp-json\/wp\/v2\/users\/1"}],"replies":[{"embeddable":true,"href":"https:\/\/hotelarcadia.net\/fr\/wp-json\/wp\/v2\/comments?post=8383"}],"version-history":[{"count":0,"href":"https:\/\/hotelarcadia.net\/fr\/wp-json\/wp\/v2\/pages\/8383\/revisions"}],"up":[{"embeddable":true,"href":"https:\/\/hotelarcadia.net\/fr\/wp-json\/wp\/v2\/pages\/5618"}],"wp:featuredmedia":[{"embeddable":true,"href":"https:\/\/hotelarcadia.net\/fr\/wp-json\/wp\/v2\/media\/9025"}],"wp:attachment":[{"href":"https:\/\/hotelarcadia.net\/fr\/wp-json\/wp\/v2\/media?parent=8383"}],"curies":[{"name":"wp","href":"https:\/\/api.w.org\/{rel}","templated":true}]}}