{"id":8414,"date":"2025-05-19T12:41:06","date_gmt":"2025-05-19T12:41:06","guid":{"rendered":"https:\/\/hotelarcadia.net\/?page_id=8414"},"modified":"2025-07-18T08:10:40","modified_gmt":"2025-07-18T08:10:40","slug":"voyage-de-noces-a-venise","status":"publish","type":"page","link":"https:\/\/hotelarcadia.net\/fr\/hotel-le-plus-romantique-de-venise\/voyage-de-noces-a-venise\/","title":{"rendered":"Quel est l&rsquo;h\u00f4tel Id\u00e9al pour un Voyage de Noces \u00e0 Venise?"},"content":{"rendered":"\n<p class=\"\" style=\"text-align: left;\" data-start=\"206\" data-end=\"852\">Venise est depuis toujours l&rsquo;une des villes les plus romantiques au monde, le lieu id\u00e9al pour c\u00e9l\u00e9brer le d\u00e9but d&rsquo;une nouvelle vie \u00e0 deux. Avec ses <strong data-start=\"354\" data-end=\"364\">canaux<\/strong> paisibles, ses <strong data-start=\"380\" data-end=\"389\">ponts<\/strong> historiques et l&rsquo;atmosph\u00e8re envo\u00fbtante qui impr\u00e8gne chaque coin de la ville, Venise est la destination parfaite pour un <strong data-start=\"510\" data-end=\"529\">voyage de noces<\/strong>. L&rsquo;<strong data-start=\"533\" data-end=\"559\">Arcadia Boutique Hotel<\/strong>, situ\u00e9 au c\u0153ur de <strong data-start=\"578\" data-end=\"592\">Cannaregio<\/strong>, est l&rsquo;endroit id\u00e9al pour passer un <strong data-start=\"629\" data-end=\"660\">voyage de noces inoubliable<\/strong>. Avec son emplacement central, ses chambres \u00e9l\u00e9gantes et son service impeccable, l&rsquo;Arcadia offre tout ce qu&rsquo;un couple pourrait souhaiter pour c\u00e9l\u00e9brer l&rsquo;amour et le d\u00e9but de leur vie commune.<\/p>\n<h3 class=\"\" style=\"text-align: left;\" data-start=\"854\" data-end=\"896\">Voyage de Noces: un Environnement Romantique et Raffin\u00e9<\/h3>\n<p class=\"\" style=\"text-align: left;\" data-start=\"898\" data-end=\"1517\">L&rsquo;<strong data-start=\"900\" data-end=\"926\">Arcadia Boutique Hotel<\/strong> se distingue par son atmosph\u00e8re intime et romantique, cr\u00e9ant le cadre parfait pour les couples. Chaque d\u00e9tail de l&rsquo;h\u00f4tel a \u00e9t\u00e9 con\u00e7u pour offrir confort et raffinement. Les chambres, d\u00e9cor\u00e9es avec go\u00fbt, sont un refuge id\u00e9al pour les couples en qu\u00eate d&rsquo;intimit\u00e9 et de tranquillit\u00e9. Les <strong data-start=\"1212\" data-end=\"1229\">Junior Suites<\/strong> et les <strong data-start=\"1237\" data-end=\"1256\">Chambres Deluxe<\/strong> offrent des espaces spacieux, d\u00e9cor\u00e9s avec des mat\u00e9riaux pr\u00e9cieux comme le bois et le coton \u00e9gyptien, et dot\u00e9s de tout le confort moderne. La qualit\u00e9 du service, associ\u00e9e \u00e0 l&rsquo;\u00e9l\u00e9gance du cadre, rendra votre exp\u00e9rience de voyage de noces v\u00e9ritablement sp\u00e9ciale.<\/p>\n<blockquote data-start=\"1519\" data-end=\"1702\">\n<p class=\"\" style=\"text-align: left;\" data-start=\"1521\" data-end=\"1702\"><strong data-start=\"1521\" data-end=\"1543\">Conseil romantique<\/strong> : R\u00e9servez une <a href=\"https:\/\/hotelarcadia.net\/fr\/hotel-le-plus-romantique-de-venise\/junior-suite-et-chambres-deluxe-evasion-parfaite-a-deux\/\"><strong data-start=\"1559\" data-end=\"1575\">Junior Suite<\/strong><\/a> avec vue sur les canaux de Venise, o\u00f9 vous pourrez savourer un ap\u00e9ritif et profiter du coucher du soleil depuis votre chambre.<\/p>\n<\/blockquote>\n<h3 class=\"\" style=\"text-align: left;\" data-start=\"1704\" data-end=\"1751\">Un Emplacement Id\u00e9al pour Explorer la Ville<\/h3>\n<p class=\"\" style=\"text-align: left;\" data-start=\"1753\" data-end=\"2218\">L&rsquo;h\u00f4tel est situ\u00e9 \u00e0 quelques pas du <a href=\"https:\/\/hotelarcadia.net\/fr\/hotel-le-plus-romantique-de-venise\/ponte-delle-guglie\/\"><strong data-start=\"1789\" data-end=\"1811\">Ponte delle Guglie<\/strong><\/a> et du <a href=\"https:\/\/hotelarcadia.net\/fr\/hotel-le-plus-romantique-de-venise\/promenade-romantique-au-pont-du-rialto\/\"><strong data-start=\"1818\" data-end=\"1837\">Ponte di Rialto<\/strong><\/a>, ce qui le rend parfait pour explorer la ville \u00e0 pied. En quelques minutes, vous pouvez vous promener dans les lieux les plus romantiques de Venise, tels que <a href=\"https:\/\/hotelarcadia.net\/fr\/hotel-le-plus-romantique-de-venise\/promenade-romantique-a-piazza-san-marco\/\"><strong data-start=\"1996\" data-end=\"2016\">Piazza San Marco<\/strong><\/a> et le <strong data-start=\"2023\" data-end=\"2039\">Canal Grande<\/strong>. Si vous pr\u00e9f\u00e9rez, l&rsquo;arr\u00eat de vaporetto le plus proche, <strong data-start=\"2096\" data-end=\"2108\">Marcuola<\/strong>, se trouve \u00e0 seulement deux minutes \u00e0 pied, offrant ainsi un acc\u00e8s facile aux transports publics de la ville.<\/p>\n<blockquote data-start=\"2220\" data-end=\"2472\">\n<p class=\"\" style=\"text-align: left;\" data-start=\"2222\" data-end=\"2472\"><strong data-start=\"2222\" data-end=\"2244\">Conseil romantique<\/strong> : Profitez d&rsquo;une promenade au coucher du soleil, main dans la main, le long du <strong data-start=\"2324\" data-end=\"2340\">Canal Grande<\/strong> ou dans les tranquilles <a href=\"https:\/\/hotelarcadia.net\/fr\/hotel-le-plus-romantique-de-venise\/fondamenta-della-misericordia\/\"><strong data-start=\"2365\" data-end=\"2398\">Fondamenta della Misericordia<\/strong><\/a>, un coin cach\u00e9 de Venise offrant une vue charmante et intime de la ville.<\/p>\n<\/blockquote>\n<h3 class=\"\" style=\"text-align: left;\" data-start=\"2474\" data-end=\"2516\">Un S\u00e9jour Romantique \u00e0 l&rsquo;Hotel Arcadia<\/h3>\n<p class=\"\" style=\"text-align: left;\" data-start=\"2518\" data-end=\"3023\">L&rsquo;<strong data-start=\"2520\" data-end=\"2546\">Arcadia Boutique Hotel<\/strong> est le choix parfait pour un s\u00e9jour de noces gr\u00e2ce \u00e0 sa combinaison de confort et de charme. Chaque matin, vous pouvez commencer la journ\u00e9e avec un petit d\u00e9jeuner m\u00e9morable servi sous le <strong data-start=\"2734\" data-end=\"2752\">plafond d\u00e9cor\u00e9<\/strong> de notre salle principale, un cadre qui refl\u00e8te le style v\u00e9nitien. Le petit d\u00e9jeuner comprend des sp\u00e9cialit\u00e9s fra\u00eeches et de qualit\u00e9, telles que des <strong data-start=\"2902\" data-end=\"2924\">g\u00e2teaux artisanaux<\/strong>, des <strong data-start=\"2930\" data-end=\"2956\">confitures biologiques<\/strong>, des <strong data-start=\"2962\" data-end=\"2976\">\u0153ufs frais<\/strong> et des cappuccinos c\u00e9l\u00e8bres dans toute Venise.<\/p>\n<blockquote data-start=\"3025\" data-end=\"3235\">\n<p class=\"\" style=\"text-align: left;\" data-start=\"3027\" data-end=\"3235\"><strong data-start=\"3027\" data-end=\"3049\">Conseil romantique<\/strong> : Terminez la journ\u00e9e avec un verre dans notre <a href=\"https:\/\/hotelarcadia.net\/fr\/hotel-le-plus-romantique-de-venise\/skyfall-bar\/\"><strong data-start=\"3097\" data-end=\"3112\">Skyfall Bar<\/strong><\/a>, o\u00f9 vous pourrez savourer un ap\u00e9ritif tout en admirant le coucher du soleil, entour\u00e9 d&rsquo;une atmosph\u00e8re \u00e9l\u00e9gante et sereine.<\/p>\n<\/blockquote>\n<h3 class=\"\" style=\"text-align: left;\" data-start=\"3237\" data-end=\"3281\">Voyage de Noces: une Exp\u00e9rience Romantique et Inoubliable<\/h3>\n<p class=\"\" style=\"text-align: left;\" data-start=\"3283\" data-end=\"3702\">Venise est une ville qui invite \u00e0 la <strong data-start=\"3320\" data-end=\"3334\">d\u00e9couverte<\/strong> et \u00e0 l&rsquo;<strong data-start=\"3342\" data-end=\"3360\">\u00e9merveillement<\/strong>. Se promener dans ses ruelles, faire une balade en gondole au coucher du soleil ou d\u00eener dans l&rsquo;un des nombreux restaurants au bord des canaux sont des exp\u00e9riences qui rendront votre voyage de noces vraiment sp\u00e9cial. \u00c0 l&rsquo;<strong data-start=\"3582\" data-end=\"3608\">Arcadia Boutique Hotel<\/strong>, nous offrons un accueil exclusif pour ceux qui recherchent la perfection dans chaque d\u00e9tail.<\/p>\n<blockquote data-start=\"3704\" data-end=\"3870\">\n<p class=\"\" style=\"text-align: left;\" data-start=\"3706\" data-end=\"3870\"><strong data-start=\"3706\" data-end=\"3728\">Conseil romantique<\/strong> : Ne manquez pas l&rsquo;occasion de faire une <strong data-start=\"3770\" data-end=\"3798\">balade en <a href=\"https:\/\/hotelarcadia.net\/fr\/hotel-le-plus-romantique-de-venise\/promenade-romantique-en-gondole\/\">gondole<\/a> priv\u00e9e<\/strong>, pour vivre la magie authentique de Venise de mani\u00e8re intime et unique.<\/p>\n<\/blockquote>\n<h3 class=\"\" style=\"text-align: left;\" data-start=\"3872\" data-end=\"3951\">R\u00e9servez Votre S\u00e9jour Inoubliable pour un Voyage de Noces \u00e0 l&rsquo;Hotel Arcadia<\/h3>\n<p class=\"\" style=\"text-align: left;\" data-start=\"3953\" data-end=\"4358\">Si vous cherchez l&rsquo;endroit id\u00e9al pour c\u00e9l\u00e9brer votre voyage de noces \u00e0 Venise, l&rsquo;<strong data-start=\"4034\" data-end=\"4060\">Arcadia Boutique Hotel<\/strong> est le choix parfait. Avec sa <strong data-start=\"4091\" data-end=\"4116\">localisation centrale<\/strong>, ses chambres \u00e9l\u00e9gantes et son service impeccable, l&rsquo;h\u00f4tel vous offrira une exp\u00e9rience exclusive qui rendra chaque moment sp\u00e9cial. R\u00e9servez d\u00e8s aujourd&rsquo;hui et commencez \u00e0 planifier votre escapade romantique dans la plus belle ville du monde.<\/p>\n<blockquote data-start=\"4360\" data-end=\"4547\">\n<p class=\"\" style=\"text-align: left;\" data-start=\"4362\" data-end=\"4547\"><a href=\"https:\/\/hotelarcadia.net\/fr\/\"><strong data-start=\"4362\" data-end=\"4431\">R\u00e9servez d\u00e8s maintenant votre s\u00e9jour romantique \u00e0 l&rsquo;Hotel Arcadia<\/strong><\/a> et c\u00e9l\u00e9brez votre voyage de noces dans une atmosph\u00e8re exclusive et intime. <strong data-start=\"4507\" data-end=\"4525\">Contactez-nous<\/strong> pour plus de d\u00e9tails.<\/p>\n<\/blockquote>\n","protected":false},"excerpt":{"rendered":"<p>Venise est depuis toujours l&rsquo;une des villes les plus romantiques au monde, le lieu id\u00e9al pour c\u00e9l\u00e9brer le d\u00e9but d&rsquo;une nouvelle vie \u00e0 deux. Avec ses canaux paisibles, ses ponts historiques et l&rsquo;atmosph\u00e8re envo\u00fbtante qui impr\u00e8gne chaque coin de la ville, Venise est la destination parfaite pour un voyage de noces. L&rsquo;Arcadia Boutique Hotel, situ\u00e9 [&hellip;]<\/p>\n","protected":false},"author":1,"featured_media":8408,"parent":5618,"menu_order":0,"comment_status":"closed","ping_status":"closed","template":"","meta":{"_acf_changed":false,"footnotes":""},"class_list":["post-8414","page","type-page","status-publish","has-post-thumbnail","hentry"],"acf":[],"_links":{"self":[{"href":"https:\/\/hotelarcadia.net\/fr\/wp-json\/wp\/v2\/pages\/8414","targetHints":{"allow":["GET"]}}],"collection":[{"href":"https:\/\/hotelarcadia.net\/fr\/wp-json\/wp\/v2\/pages"}],"about":[{"href":"https:\/\/hotelarcadia.net\/fr\/wp-json\/wp\/v2\/types\/page"}],"author":[{"embeddable":true,"href":"https:\/\/hotelarcadia.net\/fr\/wp-json\/wp\/v2\/users\/1"}],"replies":[{"embeddable":true,"href":"https:\/\/hotelarcadia.net\/fr\/wp-json\/wp\/v2\/comments?post=8414"}],"version-history":[{"count":0,"href":"https:\/\/hotelarcadia.net\/fr\/wp-json\/wp\/v2\/pages\/8414\/revisions"}],"up":[{"embeddable":true,"href":"https:\/\/hotelarcadia.net\/fr\/wp-json\/wp\/v2\/pages\/5618"}],"wp:featuredmedia":[{"embeddable":true,"href":"https:\/\/hotelarcadia.net\/fr\/wp-json\/wp\/v2\/media\/8408"}],"wp:attachment":[{"href":"https:\/\/hotelarcadia.net\/fr\/wp-json\/wp\/v2\/media?parent=8414"}],"curies":[{"name":"wp","href":"https:\/\/api.w.org\/{rel}","templated":true}]}}