{"id":8497,"date":"2025-05-20T09:28:00","date_gmt":"2025-05-20T09:28:00","guid":{"rendered":"https:\/\/hotelarcadia.net\/hotel-ideale-per-un-weekend-romantico-a-venezia\/"},"modified":"2025-07-18T08:10:25","modified_gmt":"2025-07-18T08:10:25","slug":"hotel-ideal-pour-un-week-end-romantique-a-venise","status":"publish","type":"page","link":"https:\/\/hotelarcadia.net\/fr\/hotel-le-plus-romantique-de-venise\/hotel-ideal-pour-un-week-end-romantique-a-venise\/","title":{"rendered":"Quel est l&rsquo;h\u00f4tel Id\u00e9al pour un Week-end Romantique \u00e0 Venise?"},"content":{"rendered":"\n<p class=\"\" style=\"text-align: left;\" data-start=\"214\" data-end=\"962\">Venise est l&rsquo;une des destinations les plus romantiques au monde, une ville qui a inspir\u00e9 des po\u00e8tes, des artistes et des amoureux pendant des si\u00e8cles. Avec ses <strong data-start=\"374\" data-end=\"384\">canaux<\/strong> paisibles, ses <strong data-start=\"400\" data-end=\"409\">ponts<\/strong> charmants et l&rsquo;atmosph\u00e8re unique qui impr\u00e8gne chaque coin de la ville, Venise est l&rsquo;endroit parfait pour un <strong data-start=\"518\" data-end=\"541\">week-end romantique<\/strong>. Que ce soit pour une promenade main dans la main le long du <strong data-start=\"603\" data-end=\"619\">Canal Grande<\/strong>, un d\u00eener aux chandelles dans un restaurant au bord de l&rsquo;eau, ou une <strong data-start=\"689\" data-end=\"710\">balade en gondole<\/strong> au coucher du soleil, Venise offre de nombreuses opportunit\u00e9s pour cr\u00e9er des souvenirs sp\u00e9ciaux avec votre partenaire. L&rsquo;<strong data-start=\"832\" data-end=\"858\">Arcadia Boutique Hotel<\/strong>, situ\u00e9 au c\u0153ur de <strong data-start=\"877\" data-end=\"891\">Cannaregio<\/strong>, est le point de d\u00e9part id\u00e9al pour votre week-end romantique \u00e0 Venise.<\/p>\n<h3 class=\"\" style=\"text-align: left;\" data-start=\"964\" data-end=\"1022\">Un Emplacement Central et Id\u00e9al pour Explorer la Ville<\/h3>\n<p class=\"\" style=\"text-align: left;\" data-start=\"1024\" data-end=\"1554\">L&rsquo;<strong data-start=\"1026\" data-end=\"1052\">Arcadia Boutique Hotel<\/strong> b\u00e9n\u00e9ficie d&rsquo;un emplacement strat\u00e9gique, \u00e0 quelques pas du <a href=\"https:\/\/hotelarcadia.net\/fr\/hotel-le-plus-romantique-de-venise\/ponte-delle-guglie\/\"><strong data-start=\"1111\" data-end=\"1133\">Ponte delle Guglie<\/strong><\/a> et du <a href=\"https:\/\/hotelarcadia.net\/fr\/hotel-le-plus-romantique-de-venise\/promenade-romantique-au-pont-du-rialto\/\"><strong data-start=\"1140\" data-end=\"1159\">Ponte di Rialto<\/strong><\/a>, ce qui le rend parfait pour explorer la ville \u00e0 pied. En quelques minutes, vous pourrez vous promener dans les lieux les plus romantiques de Venise, tels que <a href=\"https:\/\/hotelarcadia.net\/fr\/hotel-le-plus-romantique-de-venise\/promenade-romantique-a-piazza-san-marco\/\"><strong data-start=\"1319\" data-end=\"1339\">Piazza San Marco<\/strong><\/a> et le <strong data-start=\"1346\" data-end=\"1362\">Canal Grande<\/strong>. Si vous le souhaitez, l&rsquo;arr\u00eat de vaporetto le plus proche, <strong data-start=\"1423\" data-end=\"1435\">Marcuola<\/strong>, se trouve \u00e0 seulement deux minutes \u00e0 pied, ce qui permet un acc\u00e8s facile au r\u00e9seau de transports publics de la ville.<\/p>\n<blockquote data-start=\"1556\" data-end=\"1806\">\n<p class=\"\" style=\"text-align: left;\" data-start=\"1558\" data-end=\"1806\"><strong data-start=\"1558\" data-end=\"1580\">Conseil romantique<\/strong> : Profitez d&rsquo;une promenade au coucher du soleil main dans la main le long du <strong data-start=\"1658\" data-end=\"1674\">Canal Grande<\/strong> ou dans les tranquilles <a href=\"https:\/\/hotelarcadia.net\/fr\/hotel-le-plus-romantique-de-venise\/fondamenta-della-misericordia\/\"><strong data-start=\"1699\" data-end=\"1732\">Fondamenta della Misericordia<\/strong><\/a>, un coin cach\u00e9 de Venise offrant une vue charmante et intime de la ville.<\/p>\n<\/blockquote>\n<h3 class=\"\" style=\"text-align: left;\" data-start=\"1808\" data-end=\"1871\">Chambres \u00c9l\u00e9gantes pour un S\u00e9jour Confortable et Romantique<\/h3>\n<p class=\"\" style=\"text-align: left;\" data-start=\"1873\" data-end=\"2490\">Les chambres de l&rsquo;<strong data-start=\"1891\" data-end=\"1917\">Arcadia Boutique Hotel<\/strong> sont con\u00e7ues pour offrir un maximum de confort et une atmosph\u00e8re romantique. Chaque chambre est unique, d\u00e9cor\u00e9e avec go\u00fbt et \u00e9quip\u00e9e de mat\u00e9riaux de haute qualit\u00e9 tels que le <strong data-start=\"2093\" data-end=\"2101\">bois<\/strong> et le <strong data-start=\"2108\" data-end=\"2126\">coton \u00e9gyptien<\/strong>. Les <a href=\"https:\/\/hotelarcadia.net\/fr\/hotel-le-plus-romantique-de-venise\/junior-suite-et-chambres-deluxe-evasion-parfaite-a-deux\/\"><strong data-start=\"2132\" data-end=\"2149\">Junior Suites<\/strong> et les <strong data-start=\"2157\" data-end=\"2176\">Chambres Deluxe<\/strong><\/a> offrent des espaces spacieux, o\u00f9 les couples peuvent profiter de la vie priv\u00e9e et du confort, tandis que la vue sur les canaux de Venise ajoute une touche romantique suppl\u00e9mentaire. Chaque d\u00e9tail, des lits confortables aux produits de soin exclusifs <strong data-start=\"2427\" data-end=\"2446\">Roberto Cavalli<\/strong>, est pens\u00e9 pour garantir un s\u00e9jour parfait.<\/p>\n<blockquote data-start=\"2492\" data-end=\"2648\">\n<p class=\"\" style=\"text-align: left;\" data-start=\"2494\" data-end=\"2648\"><strong data-start=\"2494\" data-end=\"2516\">Conseil romantique<\/strong> : R\u00e9servez une <strong data-start=\"2532\" data-end=\"2548\">Junior Suite<\/strong> avec vue sur le canal et r\u00e9veillez-vous avec la vue imprenable de Venise qui se refl\u00e8te dans l&rsquo;eau.<\/p>\n<\/blockquote>\n<h3 class=\"\" style=\"text-align: left;\" data-start=\"2650\" data-end=\"2721\">Un Petit-D\u00e9jeuner M\u00e9morable pour Commencer Votre Journ\u00e9e Romantique<\/h3>\n<p class=\"\" style=\"text-align: left;\" data-start=\"2723\" data-end=\"3242\">Votre journ\u00e9e \u00e0 l&rsquo;<strong data-start=\"2741\" data-end=\"2767\">Arcadia Boutique Hotel<\/strong> commence par un petit-d\u00e9jeuner m\u00e9morable servi dans notre magnifique salle, sous le <strong data-start=\"2852\" data-end=\"2885\">chandelier en verre de Murano<\/strong>, qui ajoute une touche d&rsquo;\u00e9l\u00e9gance \u00e0 l&rsquo;atmosph\u00e8re. Le petit-d\u00e9jeuner comprend des d\u00e9lices fra\u00eechement pr\u00e9par\u00e9s et de haute qualit\u00e9, tels que des <strong data-start=\"3030\" data-end=\"3052\">g\u00e2teaux artisanaux<\/strong>, des <strong data-start=\"3058\" data-end=\"3084\">confitures biologiques<\/strong>, des <strong data-start=\"3090\" data-end=\"3104\">\u0153ufs frais<\/strong> et des cappuccinos, c\u00e9l\u00e8bres dans toute Venise. C&rsquo;est le moyen id\u00e9al pour commencer votre journ\u00e9e de d\u00e9couverte romantique dans la ville.<\/p>\n<blockquote data-start=\"3244\" data-end=\"3425\">\n<p class=\"\" style=\"text-align: left;\" data-start=\"3246\" data-end=\"3425\"><strong data-start=\"3246\" data-end=\"3268\">Conseil romantique<\/strong> : Pour un d\u00e9but de journ\u00e9e plus intime, optez pour un <a href=\"https:\/\/hotelarcadia.net\/fr\/hotel-le-plus-romantique-de-venise\/romantisme-arcadia\/\"><strong data-start=\"3323\" data-end=\"3352\">petit-d\u00e9jeuner en chambre<\/strong><\/a> et profitez d&rsquo;un moment paisible dans votre chambre avec vue sur Venise.<\/p>\n<\/blockquote>\n<h3 class=\"\" style=\"text-align: left;\" data-start=\"3427\" data-end=\"3465\">D\u00e9tente et Ambiance au Skyfall Bar<\/h3>\n<p class=\"\" style=\"text-align: left;\" data-start=\"3467\" data-end=\"3811\">Pour compl\u00e9ter votre week-end romantique, le <strong data-start=\"3512\" data-end=\"3527\">Skyfall Bar<\/strong> de l&rsquo;h\u00f4tel est l&rsquo;endroit id\u00e9al pour se d\u00e9tendre avec un verre tout en admirant la vue sur Venise. Avec son atmosph\u00e8re \u00e9l\u00e9gante et tranquille, c&rsquo;est l&rsquo;endroit parfait pour d\u00e9guster un <strong data-start=\"3711\" data-end=\"3723\">cocktail<\/strong>, une tisane ou un ap\u00e9ritif, tout en \u00e9tant entour\u00e9 par une ambiance sereine et raffin\u00e9e.<\/p>\n<blockquote data-start=\"3813\" data-end=\"3985\">\n<p class=\"\" style=\"text-align: left;\" data-start=\"3815\" data-end=\"3985\"><strong data-start=\"3815\" data-end=\"3837\">Conseil romantique<\/strong> : Profitez d&rsquo;une soir\u00e9e sp\u00e9ciale avec un <strong data-start=\"3879\" data-end=\"3904\">cocktail personnalis\u00e9<\/strong> au <a href=\"https:\/\/hotelarcadia.net\/fr\/hotel-le-plus-romantique-de-venise\/skyfall-bar\/\"><strong data-start=\"3908\" data-end=\"3923\">Skyfall Bar<\/strong><\/a>, tout en admirant le coucher du soleil et la ville illumin\u00e9e.<\/p>\n<\/blockquote>\n<h3 class=\"\" style=\"text-align: left;\" data-start=\"3987\" data-end=\"4031\">Une Exp\u00e9rience Romantique et Inoubliable<\/h3>\n<p class=\"\" style=\"text-align: left;\" data-start=\"4033\" data-end=\"4451\">Venise est une ville qui invite \u00e0 la <strong data-start=\"4070\" data-end=\"4084\">d\u00e9couverte<\/strong> et \u00e0 l&rsquo;<strong data-start=\"4092\" data-end=\"4110\">\u00e9merveillement<\/strong>. Se promener dans ses ruelles, faire une balade en gondole au coucher du soleil ou d\u00eener dans l&rsquo;un des nombreux restaurants au bord des canaux sont des exp\u00e9riences qui rendront votre week-end vraiment sp\u00e9cial. \u00c0 l&rsquo;<strong data-start=\"4325\" data-end=\"4351\">Arcadia Boutique Hotel<\/strong>, nous offrons une hospitalit\u00e9 exclusive pour ceux qui recherchent la perfection dans chaque d\u00e9tail.<\/p>\n<blockquote data-start=\"4453\" data-end=\"4617\">\n<p class=\"\" style=\"text-align: left;\" data-start=\"4455\" data-end=\"4617\"><strong data-start=\"4455\" data-end=\"4477\">Conseil romantique<\/strong> : Ne manquez pas l&rsquo;occasion de faire une <a href=\"https:\/\/hotelarcadia.net\/fr\/hotel-le-plus-romantique-de-venise\/promenade-romantique-en-gondole\/\"><strong data-start=\"4519\" data-end=\"4547\">balade en gondole priv\u00e9e<\/strong><\/a>, pour vivre la v\u00e9ritable magie de Venise de mani\u00e8re intime et unique.<\/p>\n<\/blockquote>\n<h3 class=\"\" style=\"text-align: left;\" data-start=\"4619\" data-end=\"4673\">R\u00e9servez Votre S\u00e9jour Romantique \u00e0 l&rsquo;Hotel Arcadia<\/h3>\n<p class=\"\" style=\"text-align: left;\" data-start=\"4675\" data-end=\"5081\">Si vous cherchez le lieu parfait pour passer un <strong data-start=\"4723\" data-end=\"4746\">week-end romantique<\/strong> \u00e0 Venise, l&rsquo;<strong data-start=\"4759\" data-end=\"4785\">Arcadia Boutique Hotel<\/strong> est le choix id\u00e9al. Avec sa <strong data-start=\"4814\" data-end=\"4839\">localisation centrale<\/strong>, ses chambres \u00e9l\u00e9gantes et son service impeccable, l&rsquo;h\u00f4tel offre une exp\u00e9rience exclusive qui rendra chaque moment sp\u00e9cial. R\u00e9servez d\u00e8s aujourd&rsquo;hui et commencez \u00e0 planifier votre <a href=\"https:\/\/hotelarcadia.net\/fr\/hotel-le-plus-romantique-de-venise\/fuite-romantique-a-venise\/\"><strong data-start=\"5020\" data-end=\"5043\">escapade romantique<\/strong><\/a> dans la ville la plus belle du monde.<\/p>\n<blockquote data-start=\"5083\" data-end=\"5264\">\n<p class=\"\" style=\"text-align: left;\" data-start=\"5085\" data-end=\"5264\"><a href=\"https:\/\/hotelarcadia.net\/fr\/\"><strong data-start=\"5085\" data-end=\"5154\">R\u00e9servez d\u00e8s maintenant votre s\u00e9jour romantique \u00e0 l&rsquo;Hotel Arcadia<\/strong><\/a> et vivez la magie de Venise dans une atmosph\u00e8re exclusive et intime. <strong data-start=\"5224\" data-end=\"5242\">Contactez-nous<\/strong> pour plus de d\u00e9tails.<\/p>\n<\/blockquote>\n\n\n","protected":false},"excerpt":{"rendered":"<p>Venise est l&rsquo;une des destinations les plus romantiques au monde, une ville qui a inspir\u00e9 des po\u00e8tes, des artistes et des amoureux pendant des si\u00e8cles. Avec ses canaux paisibles, ses ponts charmants et l&rsquo;atmosph\u00e8re unique qui impr\u00e8gne chaque coin de la ville, Venise est l&rsquo;endroit parfait pour un week-end romantique. Que ce soit pour une [&hellip;]<\/p>\n","protected":false},"author":1,"featured_media":8491,"parent":5618,"menu_order":0,"comment_status":"closed","ping_status":"closed","template":"","meta":{"_acf_changed":false,"footnotes":""},"class_list":["post-8497","page","type-page","status-publish","has-post-thumbnail","hentry"],"acf":[],"_links":{"self":[{"href":"https:\/\/hotelarcadia.net\/fr\/wp-json\/wp\/v2\/pages\/8497","targetHints":{"allow":["GET"]}}],"collection":[{"href":"https:\/\/hotelarcadia.net\/fr\/wp-json\/wp\/v2\/pages"}],"about":[{"href":"https:\/\/hotelarcadia.net\/fr\/wp-json\/wp\/v2\/types\/page"}],"author":[{"embeddable":true,"href":"https:\/\/hotelarcadia.net\/fr\/wp-json\/wp\/v2\/users\/1"}],"replies":[{"embeddable":true,"href":"https:\/\/hotelarcadia.net\/fr\/wp-json\/wp\/v2\/comments?post=8497"}],"version-history":[{"count":0,"href":"https:\/\/hotelarcadia.net\/fr\/wp-json\/wp\/v2\/pages\/8497\/revisions"}],"up":[{"embeddable":true,"href":"https:\/\/hotelarcadia.net\/fr\/wp-json\/wp\/v2\/pages\/5618"}],"wp:featuredmedia":[{"embeddable":true,"href":"https:\/\/hotelarcadia.net\/fr\/wp-json\/wp\/v2\/media\/8491"}],"wp:attachment":[{"href":"https:\/\/hotelarcadia.net\/fr\/wp-json\/wp\/v2\/media?parent=8497"}],"curies":[{"name":"wp","href":"https:\/\/api.w.org\/{rel}","templated":true}]}}