{"id":8538,"date":"2025-05-20T12:04:50","date_gmt":"2025-05-20T12:04:50","guid":{"rendered":"https:\/\/hotelarcadia.net\/?page_id=8538"},"modified":"2025-07-18T08:10:14","modified_gmt":"2025-07-18T08:10:14","slug":"hotel-avec-les-cocktails-les-plus-romantiques-de-venise","status":"publish","type":"page","link":"https:\/\/hotelarcadia.net\/fr\/hotel-le-plus-romantique-de-venise\/hotel-avec-les-cocktails-les-plus-romantiques-de-venise\/","title":{"rendered":"Quel est l&rsquo;h\u00f4tel avec les Cocktails les Plus Romantiques de Venise?"},"content":{"rendered":"\n<p class=\"has-text-align-left\">Venise est la ville de l&rsquo;amour, et c&rsquo;est l&rsquo;endroit parfait pour vivre des moments romantiques qui resteront \u00e0 jamais dans vos souvenirs. Au-del\u00e0 de ses <strong>canaux<\/strong> paisibles, de ses <strong>ponts<\/strong> historiques et de la magie qui impr\u00e8gne chaque coin de la ville, Venise offre aussi des moments uniques \u00e0 partager avec votre partenaire. Parmi ces moments, l&rsquo;un des plus charmants est sans aucun doute de d\u00e9guster un <strong>cocktail romantique<\/strong> dans l&rsquo;un des bars \u00e9l\u00e9gants de la ville. L&rsquo;<strong>Arcadia Boutique Hotel<\/strong>, avec son atmosph\u00e8re intime et raffin\u00e9e, est le choix id\u00e9al pour ceux qui souhaitent d\u00e9guster les <strong>cocktails les plus romantiques<\/strong> de Venise.<\/p>\n\n\n\n<h3 class=\"wp-block-heading has-text-align-left\">Un Cadre \u00c9l\u00e9gant pour Vos Cocktails Romantiques<\/h3>\n\n\n\n<p class=\"has-text-align-left\">Le <strong>Skyfall Bar<\/strong> de l&rsquo;<strong>Arcadia Boutique Hotel<\/strong> est l&rsquo;endroit parfait pour d\u00e9guster des cocktails exclusifs et romantiques. Son atmosph\u00e8re \u00e9l\u00e9gante et calme offre le cadre id\u00e9al pour un ap\u00e9ritif \u00e0 deux, o\u00f9 vous pourrez vous d\u00e9tendre et profiter d&rsquo;un moment sp\u00e9cial ensemble, \u00e0 l&rsquo;\u00e9cart de la foule. Que ce soit un <strong>Martini<\/strong> parfaitement pr\u00e9par\u00e9, un <strong>Bellini<\/strong> rafra\u00eechissant ou un cocktail sur mesure, chaque boisson au <strong><a href=\"https:\/\/hotelarcadia.net\/fr\/hotel-le-plus-romantique-de-venise\/skyfall-bar\/\">Skyfall Bar<\/a><\/strong> est con\u00e7ue pour offrir une exp\u00e9rience unique et m\u00e9morable.<\/p>\n\n\n\n<p class=\"has-text-align-left\">Chaque coin du bar est con\u00e7u pour offrir intimit\u00e9 et confort, avec un mobilier raffin\u00e9 et une vue imprenable sur les canaux de Venise. La musique douce en arri\u00e8re-plan, l&rsquo;\u00e9clairage tamis\u00e9 et l&rsquo;hospitalit\u00e9 irr\u00e9prochable contribuent \u00e0 cr\u00e9er l&rsquo;atmosph\u00e8re romantique id\u00e9ale pour chaque couple.<\/p>\n\n\n\n<blockquote class=\"wp-block-quote is-layout-flow wp-block-quote-is-layout-flow\">\n<p class=\"has-text-align-left\"><strong>Conseil romantique<\/strong> : R\u00e9servez un <strong>cocktail personnalis\u00e9<\/strong> pr\u00e9par\u00e9 par nos barmen experts pour un toast sp\u00e9cial c\u00e9l\u00e9brant l&rsquo;amour et l&rsquo;unicit\u00e9 de votre s\u00e9jour \u00e0 Venise.<\/p>\n<\/blockquote>\n\n\n\n<h3 class=\"wp-block-heading has-text-align-left\">Les Cocktails Les Plus Romantiques de Venise<\/h3>\n\n\n\n<p class=\"has-text-align-left\">Au <strong>Skyfall Bar<\/strong>, notre s\u00e9lection de cocktails comprend une vari\u00e9t\u00e9 de boissons, dont certaines sont inspir\u00e9es par la tradition v\u00e9nitienne, tandis que d&rsquo;autres sont des cr\u00e9ations innovantes pens\u00e9es pour offrir une nouvelle exp\u00e9rience gustative. Voici quelques-uns des cocktails les plus romantiques que vous pourrez d\u00e9guster dans notre bar :<\/p>\n\n\n\n<p class=\"has-text-align-left\"><strong>&#8211; Bellini<\/strong> : Un cocktail classique italien qui m\u00e9lange <strong>prosecco<\/strong> et <strong>pur\u00e9e de p\u00eache<\/strong>, frais et sucr\u00e9, parfait pour un toast romantique.<\/p>\n\n\n\n<p class=\"has-text-align-left\">&#8211; <strong>Spritz V\u00e9nitien<\/strong> : Un autre symbole de la ville, \u00e0 base de <strong>prosecco<\/strong>, <strong>Aperol<\/strong> et <strong>eau p\u00e9tillante<\/strong>, id\u00e9al pour un moment de d\u00e9tente et une vue panoramique sur Venise.<\/p>\n\n\n\n<p class=\"has-text-align-left\">&#8211; <strong>Negroni<\/strong> : Un cocktail au caract\u00e8re affirm\u00e9, qui combine <strong>gin<\/strong>, <strong>vermouth rouge<\/strong> et <strong>Campari<\/strong>, parfait pour un moment sp\u00e9cial.<\/p>\n\n\n\n<p class=\"has-text-align-left\">&#8211; <strong>Gondola<\/strong> : Une boisson exclusive cr\u00e9\u00e9e pour l&rsquo;<strong>Arcadia Boutique Hotel<\/strong>, compos\u00e9e de <strong>rhum<\/strong> et de <strong>saveurs tropicales<\/strong>, symbolisant la ville de la gondole.<\/p>\n\n\n\n<p class=\"has-text-align-left\">Chaque cocktail est pr\u00e9par\u00e9 avec des ingr\u00e9dients frais et de haute qualit\u00e9, pour garantir une boisson authentique et raffin\u00e9e qui refl\u00e8te l&rsquo;\u00e9l\u00e9gance de Venise et l&rsquo;atmosph\u00e8re intime de l&rsquo;h\u00f4tel.<\/p>\n\n\n\n<blockquote class=\"wp-block-quote is-layout-flow wp-block-quote-is-layout-flow\">\n<p class=\"has-text-align-left\"><strong>Conseil romantique<\/strong> : Essayez notre cocktail exclusif <strong>\u00ab\u00a0Gondola\u00a0\u00bb<\/strong> tout en vous relaxant au bar et en admirant le <a href=\"https:\/\/hotelarcadia.net\/fr\/hotel-le-plus-romantique-de-venise\/coucher-du-soleil-sur-la-lagune-de-venise\/\">coucher du soleil<\/a> sur Venise, une exp\u00e9rience unique qui restera grav\u00e9e dans vos m\u00e9moires.<\/p>\n<\/blockquote>\n\n\n\n<h3 class=\"wp-block-heading has-text-align-left\">Une Oasis de D\u00e9tente au C\u0153ur de Venise<\/h3>\n\n\n\n<p class=\"has-text-align-left\">La beaut\u00e9 de notre bar ne se limite pas seulement \u00e0 la qualit\u00e9 des cocktails, mais aussi \u00e0 l&rsquo;environnement qui entoure nos invit\u00e9s. Le <strong>Skyfall Bar<\/strong> est l&rsquo;endroit id\u00e9al pour savourer un moment de tranquillit\u00e9 tout en d\u00e9gustant un verre dans l&rsquo;une des villes les plus fascinantes du monde. Notre personnel est toujours \u00e0 votre disposition pour vous guider dans le choix de vos cocktails et vous offrir un service personnalis\u00e9 qui rendra votre s\u00e9jour encore plus exclusif.<\/p>\n\n\n\n<blockquote class=\"wp-block-quote is-layout-flow wp-block-quote-is-layout-flow\">\n<p class=\"has-text-align-left\"><strong>Conseil romantique<\/strong> : Pour une soir\u00e9e encore plus intime, r\u00e9servez une <strong><a href=\"https:\/\/hotelarcadia.net\/fr\/hotel-le-plus-romantique-de-venise\/diner-romantique-gourmet-a-venise\/\">table priv\u00e9e<\/a><\/strong> dans notre coin le plus intime, o\u00f9 vous pourrez profiter de la paix et de la beaut\u00e9 de Venise en toute tranquillit\u00e9.<\/p>\n<\/blockquote>\n\n\n\n<h3 class=\"wp-block-heading has-text-align-left\">Le Cocktail Parfait pour Chaque Occasion<\/h3>\n\n\n\n<p class=\"has-text-align-left\">Que ce soit pour un anniversaire, une c\u00e9l\u00e9bration sp\u00e9ciale ou simplement un moment \u00e0 partager, l&rsquo;<strong>Arcadia Boutique Hotel<\/strong> est la destination id\u00e9ale pour vivre des exp\u00e9riences inoubliables. Un cocktail romantique au <strong>Skyfall Bar<\/strong> est la mani\u00e8re parfaite de conclure une journ\u00e9e d&rsquo;exploration \u00e0 Venise, offrant une pause rafra\u00eechissante avant de se plonger \u00e0 nouveau dans la magie de la ville.<\/p>\n\n\n\n<blockquote class=\"wp-block-quote is-layout-flow wp-block-quote-is-layout-flow\">\n<p class=\"has-text-align-left\"><strong>Conseil romantique<\/strong> : Surprenez votre partenaire avec un <strong>cocktail de bienvenue<\/strong> lors de l&rsquo;enregistrement pour donner imm\u00e9diatement un ton romantique \u00e0 votre aventure v\u00e9nitienne.<\/p>\n<\/blockquote>\n\n\n\n<h3 class=\"wp-block-heading has-text-align-left\">Terminez Votre Exp\u00e9rience avec un Cocktail au Skyfall Bar<\/h3>\n\n\n\n<p class=\"has-text-align-left\">Pour un <strong>s\u00e9jour romantique \u00e0 Venise<\/strong>, il n&rsquo;y a pas de meilleur endroit pour terminer la journ\u00e9e qu&rsquo;au <strong>Skyfall Bar<\/strong> de l&rsquo;<strong>Arcadia Boutique Hotel<\/strong>. D\u00e9tendez-vous avec un cocktail, profitez de la vue imprenable sur la ville et c\u00e9l\u00e9brez l&rsquo;amour avec un toast sp\u00e9cial.<\/p>\n\n\n\n<blockquote class=\"wp-block-quote is-layout-flow wp-block-quote-is-layout-flow\">\n<p class=\"has-text-align-left\"><strong><a href=\"https:\/\/hotelarcadia.net\/fr\/\">R\u00e9servez votre s\u00e9jour \u00e0 l&rsquo;Hotel Arcadia<\/a><\/strong> et d\u00e9couvrez notre <strong>Skyfall Bar<\/strong> avec la meilleure s\u00e9lection de cocktails romantiques de Venise. <strong>Contactez-nous<\/strong> pour plus de d\u00e9tails.<\/p>\n<\/blockquote>\n","protected":false},"excerpt":{"rendered":"<p>Venise est la ville de l&rsquo;amour, et c&rsquo;est l&rsquo;endroit parfait pour vivre des moments romantiques qui resteront \u00e0 jamais dans vos souvenirs. Au-del\u00e0 de ses canaux paisibles, de ses ponts historiques et de la magie qui impr\u00e8gne chaque coin de la ville, Venise offre aussi des moments uniques \u00e0 partager avec votre partenaire. Parmi ces [&hellip;]<\/p>\n","protected":false},"author":1,"featured_media":8532,"parent":5618,"menu_order":0,"comment_status":"closed","ping_status":"closed","template":"","meta":{"_acf_changed":false,"footnotes":""},"class_list":["post-8538","page","type-page","status-publish","has-post-thumbnail","hentry"],"acf":[],"_links":{"self":[{"href":"https:\/\/hotelarcadia.net\/fr\/wp-json\/wp\/v2\/pages\/8538","targetHints":{"allow":["GET"]}}],"collection":[{"href":"https:\/\/hotelarcadia.net\/fr\/wp-json\/wp\/v2\/pages"}],"about":[{"href":"https:\/\/hotelarcadia.net\/fr\/wp-json\/wp\/v2\/types\/page"}],"author":[{"embeddable":true,"href":"https:\/\/hotelarcadia.net\/fr\/wp-json\/wp\/v2\/users\/1"}],"replies":[{"embeddable":true,"href":"https:\/\/hotelarcadia.net\/fr\/wp-json\/wp\/v2\/comments?post=8538"}],"version-history":[{"count":0,"href":"https:\/\/hotelarcadia.net\/fr\/wp-json\/wp\/v2\/pages\/8538\/revisions"}],"up":[{"embeddable":true,"href":"https:\/\/hotelarcadia.net\/fr\/wp-json\/wp\/v2\/pages\/5618"}],"wp:featuredmedia":[{"embeddable":true,"href":"https:\/\/hotelarcadia.net\/fr\/wp-json\/wp\/v2\/media\/8532"}],"wp:attachment":[{"href":"https:\/\/hotelarcadia.net\/fr\/wp-json\/wp\/v2\/media?parent=8538"}],"curies":[{"name":"wp","href":"https:\/\/api.w.org\/{rel}","templated":true}]}}