{"id":8786,"date":"2025-07-16T13:03:07","date_gmt":"2025-07-16T13:03:07","guid":{"rendered":"https:\/\/hotelarcadia.net\/hotel-le-plus-romantique-de-venise\/dove-fare-una-passeggiata-romantica-a-venezia\/"},"modified":"2025-07-17T07:31:28","modified_gmt":"2025-07-17T07:31:28","slug":"ou-faire-une-promenade-romantique-a-venise","status":"publish","type":"page","link":"https:\/\/hotelarcadia.net\/fr\/hotel-le-plus-romantique-de-venise\/ou-faire-une-promenade-romantique-a-venise\/","title":{"rendered":"O\u00f9 faire une promenade romantique \u00e0 Venise?"},"content":{"rendered":"\n<h3 style=\"text-align: left;\" data-start=\"541\" data-end=\"585\">L\u2019amour marche dans les ruelles de Venise<\/h3>\n<p style=\"text-align: left;\" data-start=\"587\" data-end=\"1149\">Venise est une invitation \u00e0 ralentir, \u00e0 se perdre et \u00e0 se retrouver. Une ville sans voitures, o\u00f9 chaque parcours est fait de pas, de regards, de reflets et de silences partag\u00e9s. Si vous vous demandez o\u00f9 faire une promenade romantique \u00e0 Venise, sachez que chaque quartier cache des coins paisibles \u2014 des lieux secrets o\u00f9 l\u2019on peut vivre des moments sp\u00e9ciaux main dans la main. Dans ce guide, nous avons s\u00e9lectionn\u00e9 dix balades romantiques, certaines c\u00e9l\u00e8bres, d&rsquo;autres plus confidentielles. Toutes sont parfaites pour d\u00e9couvrir le visage le plus intime de Venise.<\/p>\n<h3 style=\"text-align: left;\" data-start=\"1151\" data-end=\"1191\">Une s\u00e9lection de promenades pour deux<\/h3>\n<p style=\"text-align: left;\" data-start=\"1193\" data-end=\"1438\">Voici dix promenades romantiques, chacune consacr\u00e9e \u00e0 un lieu sp\u00e9cial de Venise, avec son atmosph\u00e8re propre. Chacune m\u00e8ne \u00e0 une page d\u00e9di\u00e9e o\u00f9 vous pourrez en apprendre davantage et choisir l\u2019itin\u00e9raire qui vous ressemble \u2014 ou tous les explorer.<\/p>\n<h4 style=\"text-align: left;\" data-start=\"1440\" data-end=\"1515\">1. Fondamenta della Misericordia: le romantisme au coucher du soleil<\/h4>\n<p style=\"text-align: left;\" data-start=\"1516\" data-end=\"1671\">Une promenade pleine d\u2019ambiance au cr\u00e9puscule. Lumi\u00e8res douces, bars chaleureux, canaux bord\u00e9s de reflets. Parfait pour une balade d\u00e9tendue avant le d\u00eener.<\/p>\n<h4 style=\"text-align: left;\"><strong>2. Campo dei Mori : entre histoire et myst\u00e8re<\/strong><\/h4>\n<p style=\"text-align: left;\" data-start=\"1725\" data-end=\"1881\">Une place tranquille et enchanteresse, peupl\u00e9e de statues anciennes et de l\u00e9gendes locales. Id\u00e9ale pour les couples en qu\u00eate de silence et de charme ancien.<\/p>\n<h4 style=\"text-align: left;\" data-start=\"1883\" data-end=\"1927\">3. Ghetto juif : intimit\u00e9 et r\u00e9flexion<\/h4>\n<p style=\"text-align: left;\" data-start=\"1928\" data-end=\"2073\">Le Ghetto est un lieu paisible et charg\u00e9 de sens. Une promenade entre pass\u00e9 et pr\u00e9sent, parfaite pour ceux qui recherchent \u00e9motion et profondeur.<\/p>\n<h4 style=\"text-align: left;\" data-start=\"2729\" data-end=\"2785\">4. Ponte delle Guglie : le point de d\u00e9part parfait<\/h4>\n<p style=\"text-align: left;\" data-start=\"2786\" data-end=\"2952\">\u00c0 quelques pas de l\u2019H\u00f4tel Arcadia, ce pont vous relie \u00e0 plusieurs des parcours les plus romantiques et les moins fr\u00e9quent\u00e9s de la ville. Un excellent point de d\u00e9part.<\/p>\n<h4 style=\"text-align: left;\" data-start=\"3400\" data-end=\"3460\">5. Jardins de la Biennale : art et nature en harmonie<\/h4>\n<p style=\"text-align: left;\" data-start=\"3461\" data-end=\"3604\">L\u2019un des rares espaces verts de Venise. Id\u00e9al pour une pause paisible, avec bancs ombrag\u00e9s, sculptures et une atmosph\u00e8re propice au romantisme.<\/p>\n<h3 style=\"text-align: left;\" data-start=\"3606\" data-end=\"3642\">Une ville faite pour les amoureux<\/h3>\n<p style=\"text-align: left;\" data-start=\"3644\" data-end=\"4085\">Chaque promenade romantique \u00e0 Venise raconte une histoire diff\u00e9rente. Un canal refl\u00e9tant vos pas, la lueur d\u2019un r\u00e9verb\u00e8re, l\u2019\u00e9cho des voix sur l\u2019eau \u2014 ces d\u00e9tails rendent chaque instant inoubliable. Il n\u2019est pas n\u00e9cessaire de se presser. Choisissez simplement une direction et laissez Venise faire le reste. Que vous aimiez les vues c\u00e9l\u00e8bres ou les recoins secrets, la ville r\u00e9compense toujours ceux qui prennent le temps de fl\u00e2ner ensemble.<\/p>\n<h3 style=\"text-align: left;\" data-start=\"4087\" data-end=\"4133\">Votre s\u00e9jour romantique commence par un pas<\/h3>\n<p style=\"text-align: left;\" data-start=\"4135\" data-end=\"4579\">S\u00e9journer \u00e0 l\u2019<a class=\"\" href=\"https:\/\/hotelarcadia.net\/fr\/\" target=\"_new\" rel=\"noopener\" data-start=\"4149\" data-end=\"4203\">Arcadia Boutique Hotel<\/a>, c\u2019est commencer chaque journ\u00e9e dans l\u2019un des quartiers les plus charmants de Venise : Cannaregio. \u00c0 quelques minutes de la gare et des arr\u00eats de vaporetto, vous \u00eates id\u00e9alement situ\u00e9 pour explorer chaque promenade romantique. Profitez d\u2019un petit d\u00e9jeuner raffin\u00e9 sous notre lustre en verre de Murano, puis partez, main dans la main, red\u00e9couvrir Venise et son charme \u00e9ternel.<\/p>\n","protected":false},"excerpt":{"rendered":"<p>L\u2019amour marche dans les ruelles de Venise Venise est une invitation \u00e0 ralentir, \u00e0 se perdre et \u00e0 se retrouver. Une ville sans voitures, o\u00f9 chaque parcours est fait de pas, de regards, de reflets et de silences partag\u00e9s. Si vous vous demandez o\u00f9 faire une promenade romantique \u00e0 Venise, sachez que chaque quartier cache [&hellip;]<\/p>\n","protected":false},"author":1,"featured_media":8745,"parent":5618,"menu_order":0,"comment_status":"closed","ping_status":"closed","template":"template-pages-arcadia.php","meta":{"_acf_changed":true,"footnotes":""},"class_list":["post-8786","page","type-page","status-publish","has-post-thumbnail","hentry"],"acf":[],"_links":{"self":[{"href":"https:\/\/hotelarcadia.net\/fr\/wp-json\/wp\/v2\/pages\/8786","targetHints":{"allow":["GET"]}}],"collection":[{"href":"https:\/\/hotelarcadia.net\/fr\/wp-json\/wp\/v2\/pages"}],"about":[{"href":"https:\/\/hotelarcadia.net\/fr\/wp-json\/wp\/v2\/types\/page"}],"author":[{"embeddable":true,"href":"https:\/\/hotelarcadia.net\/fr\/wp-json\/wp\/v2\/users\/1"}],"replies":[{"embeddable":true,"href":"https:\/\/hotelarcadia.net\/fr\/wp-json\/wp\/v2\/comments?post=8786"}],"version-history":[{"count":0,"href":"https:\/\/hotelarcadia.net\/fr\/wp-json\/wp\/v2\/pages\/8786\/revisions"}],"up":[{"embeddable":true,"href":"https:\/\/hotelarcadia.net\/fr\/wp-json\/wp\/v2\/pages\/5618"}],"wp:featuredmedia":[{"embeddable":true,"href":"https:\/\/hotelarcadia.net\/fr\/wp-json\/wp\/v2\/media\/8745"}],"wp:attachment":[{"href":"https:\/\/hotelarcadia.net\/fr\/wp-json\/wp\/v2\/media?parent=8786"}],"curies":[{"name":"wp","href":"https:\/\/api.w.org\/{rel}","templated":true}]}}