{"id":9045,"date":"2025-08-06T13:33:45","date_gmt":"2025-08-06T13:33:45","guid":{"rendered":"https:\/\/hotelarcadia.net\/?page_id=9045"},"modified":"2025-08-06T13:42:31","modified_gmt":"2025-08-06T13:42:31","slug":"meilleur-prix-garanti","status":"publish","type":"page","link":"https:\/\/hotelarcadia.net\/fr\/meilleur-prix-garanti\/","title":{"rendered":"Votre S\u00e9jour Parfait \u00e0 Venise Commence Ici : R\u00e9servez Directement et D\u00e9couvrez le Meilleur Prix Garanti \u00e0 l&rsquo;H\u00f4tel Arcadia"},"content":{"rendered":"\n<p style=\"text-align: left;\">Bienvenue \u00e0 l&rsquo;H\u00f4tel Arcadia Venise, un joyau de l&rsquo;hospitalit\u00e9 nich\u00e9 au c\u0153ur vibrant de Cannaregio, au sein d&rsquo;un palais du XVIIe si\u00e8cle m\u00e9ticuleusement restaur\u00e9. Notre mission est de transformer chaque s\u00e9jour en une exp\u00e9rience inoubliable, faite d&rsquo;\u00e9l\u00e9gance, de confort et d&rsquo;un service impeccable. Pour vous assurer la meilleure valeur et une tranquillit\u00e9 d&rsquo;esprit absolue, nous vous invitons \u00e0 d\u00e9couvrir pourquoi la r\u00e9servation directe sur notre site officiel est toujours le choix le plus avantageux.<\/p>\n<p style=\"text-align: left;\"><b>Pourquoi R\u00e9server Directement sur hotelarcadia.net?<\/b><\/p>\n<p style=\"text-align: left;\">\u00c0 l&rsquo;H\u00f4tel Arcadia Venise, nous croyons que la transparence et les avantages tangibles doivent \u00eatre au centre de votre exp\u00e9rience de r\u00e9servation. Voici les avantages exclusifs qui vous attendent lorsque vous choisissez de r\u00e9server directement avec nous :<\/p>\n<ul style=\"text-align: left;\">\n<li>\n<p><b>Meilleur Prix Garanti :<\/b> Nous nous engageons \u00e0 vous offrir le tarif le plus comp\u00e9titif disponible pour nos chambres et suites raffin\u00e9es. Si, pour une raison quelconque, vous trouviez un prix inf\u00e9rieur ailleurs pour les m\u00eames dates et conditions, veuillez nous contacter. Non seulement nous l&rsquo;\u00e9galerons, mais nous ferons de notre mieux pour le d\u00e9passer, vous garantissant ainsi le maximum d&rsquo;\u00e9conomies.<\/p>\n<\/li>\n<li>\n<p><b>Offres et Forfaits Exclusifs :<\/b> Notre site officiel est votre porte d&rsquo;acc\u00e8s \u00e0 des promotions uniques et des forfaits sp\u00e9ciaux, con\u00e7us pour enrichir votre s\u00e9jour \u00e0 Venise. Ces offres ne sont disponibles sur aucune autre plateforme et sont cr\u00e9\u00e9es pour vous offrir une valeur ajout\u00e9e inestimable. Actuellement, vous pouvez profiter de notre <b>Offre R\u00e9servation Anticip\u00e9e<\/b>, id\u00e9ale pour des s\u00e9jours d&rsquo;au moins 3 nuits avec une r\u00e9servation effectu\u00e9e 60 jours \u00e0 l&rsquo;avance, valable pour les cat\u00e9gories Double Deluxe et Junior Suite. De plus, pour les couples, notre offre \u00ab\u00a0I Love You \u2013 Romantic Getaway in Venice\u00a0\u00bb promet une escapade sensuelle et inoubliable. Comme nous aimons le dire : \u00ab\u00a0Booking with us worth if you make it in advance!\u00a0\u00bb (R\u00e9server avec nous en vaut la peine si vous le faites \u00e0 l&rsquo;avance!).<span class=\"button-container hide-from-message-actions ng-star-inserted\">&nbsp;<\/span><\/p>\n<\/li>\n<li>\n<p><b>Flexibilit\u00e9 Sans Pr\u00e9c\u00e9dent :<\/b> Nous comprenons que les plans de voyage peuvent changer. C&rsquo;est pourquoi les r\u00e9servations directes b\u00e9n\u00e9ficient de conditions d&rsquo;annulation et de modification plus flexibles, vous offrant une plus grande s\u00e9r\u00e9nit\u00e9 et un meilleur contr\u00f4le sur votre voyage.<\/p>\n<\/li>\n<li>\n<p><b>Service Personnalis\u00e9 et Prioritaire :<\/b> Notre \u00e9quipe d\u00e9vou\u00e9e est \u00e0 votre enti\u00e8re disposition pour vous assister \u00e0 chaque \u00e9tape, de la r\u00e9servation au d\u00e9part. Sans interm\u00e9diaires, nous pouvons vous offrir une attention plus directe et personnalis\u00e9e, r\u00e9pondant rapidement \u00e0 chacun de vos besoins ou demandes sp\u00e9ciales.<\/p>\n<\/li>\n<li>\n<p><b>Avantages Exclusifs et Surclassements :<\/b> Nos clients qui r\u00e9servent directement sont souvent les premiers \u00e0 b\u00e9n\u00e9ficier d&rsquo;attentions sp\u00e9ciales, telles que des surclassements de chambre gratuits potentiels (sous r\u00e9serve de disponibilit\u00e9) ou des services suppl\u00e9mentaires qui rendront votre s\u00e9jour encore plus m\u00e9morable.<\/p>\n<\/li>\n<li>\n<p><b>Transparence Totale :<\/b> Pas de co\u00fbts cach\u00e9s, pas de frais inattendus. Le prix que vous voyez est le prix que vous payez, vous garantissant une clart\u00e9 maximale d\u00e8s le premier instant.<\/p>\n<\/li>\n<\/ul>\n<p style=\"text-align: left;\"><b>Notre Engagement envers Votre Valeur :<\/b><\/p>\n<p style=\"text-align: left;\">L&rsquo;H\u00f4tel Arcadia Venise est constamment lou\u00e9 par nos clients pour son excellent \u00ab\u00a0rapport qualit\u00e9\/prix\u00a0\u00bb. Cette r\u00e9putation est le r\u00e9sultat de notre engagement \u00e0 offrir une exp\u00e9rience de haute qualit\u00e9, avec des chambres \u00e9l\u00e9gantes, une propret\u00e9 impeccable, un emplacement strat\u00e9gique pr\u00e8s de la gare principale et un personnel attentif et professionnel qui se consacre \u00e0 vous faire sentir choy\u00e9. En r\u00e9servant directement, vous ne vous assurez pas seulement le meilleur prix, mais vous renforcez \u00e9galement notre engagement \u00e0 vous offrir une exp\u00e9rience v\u00e9nitienne authentique et d&rsquo;une valeur in\u00e9gal\u00e9e.<span class=\"button-container hide-from-message-actions ng-star-inserted\">&nbsp;<\/span><\/p>\n<p style=\"text-align: left;\"><b>Commencez Votre Voyage \u00e0 Venise avec l&rsquo;Avantage de la R\u00e9servation Directe.<\/b><\/p>\n<p style=\"text-align: left;\">Ne laissez pas les interm\u00e9diaires s&rsquo;interposer entre vous et votre s\u00e9jour parfait \u00e0 Venise. Choisissez la commodit\u00e9, la flexibilit\u00e9 et les avantages exclusifs.<\/p>\n<p style=\"text-align: left;\"><a href=\"https:\/\/www.simplebooking.it\/ibe\/hotelbooking\/search?hid=2856&amp;lang=FR\" target=\"_blank\" rel=\"noopener\"><b>R\u00e9servez Maintenant sur Notre Site Officiel<\/b><\/a><\/p>\n","protected":false},"excerpt":{"rendered":"<p>Bienvenue \u00e0 l&rsquo;H\u00f4tel Arcadia Venise, un joyau de l&rsquo;hospitalit\u00e9 nich\u00e9 au c\u0153ur vibrant de Cannaregio, au sein d&rsquo;un palais du XVIIe si\u00e8cle m\u00e9ticuleusement restaur\u00e9. Notre mission est de transformer chaque s\u00e9jour en une exp\u00e9rience inoubliable, faite d&rsquo;\u00e9l\u00e9gance, de confort et d&rsquo;un service impeccable. Pour vous assurer la meilleure valeur et une tranquillit\u00e9 d&rsquo;esprit absolue, nous [&hellip;]<\/p>\n","protected":false},"author":1,"featured_media":9061,"parent":0,"menu_order":0,"comment_status":"closed","ping_status":"closed","template":"","meta":{"_acf_changed":false,"footnotes":""},"class_list":["post-9045","page","type-page","status-publish","has-post-thumbnail","hentry"],"acf":[],"_links":{"self":[{"href":"https:\/\/hotelarcadia.net\/fr\/wp-json\/wp\/v2\/pages\/9045","targetHints":{"allow":["GET"]}}],"collection":[{"href":"https:\/\/hotelarcadia.net\/fr\/wp-json\/wp\/v2\/pages"}],"about":[{"href":"https:\/\/hotelarcadia.net\/fr\/wp-json\/wp\/v2\/types\/page"}],"author":[{"embeddable":true,"href":"https:\/\/hotelarcadia.net\/fr\/wp-json\/wp\/v2\/users\/1"}],"replies":[{"embeddable":true,"href":"https:\/\/hotelarcadia.net\/fr\/wp-json\/wp\/v2\/comments?post=9045"}],"version-history":[{"count":0,"href":"https:\/\/hotelarcadia.net\/fr\/wp-json\/wp\/v2\/pages\/9045\/revisions"}],"wp:featuredmedia":[{"embeddable":true,"href":"https:\/\/hotelarcadia.net\/fr\/wp-json\/wp\/v2\/media\/9061"}],"wp:attachment":[{"href":"https:\/\/hotelarcadia.net\/fr\/wp-json\/wp\/v2\/media?parent=9045"}],"curies":[{"name":"wp","href":"https:\/\/api.w.org\/{rel}","templated":true}]}}