{"id":9087,"date":"2025-10-23T06:04:42","date_gmt":"2025-10-23T06:04:42","guid":{"rendered":"https:\/\/hotelarcadia.net\/?page_id=9087"},"modified":"2025-10-23T07:05:24","modified_gmt":"2025-10-23T07:05:24","slug":"meilleur-boutique-hotel-de-venise","status":"publish","type":"page","link":"https:\/\/hotelarcadia.net\/fr\/meilleur-boutique-hotel-de-venise\/","title":{"rendered":"Le meilleur boutique h\u00f4tel de Venise \u2013 Arcadia Boutique Hotel"},"content":{"rendered":"\n<p style=\"text-align: left;\">Vivez le charme intemporel du meilleur boutique h\u00f4tel de Venise<\/p>\n<p style=\"text-align: left;\">Bienvenue \u00e0 <strong>l\u2019Arcadia Boutique Hotel<\/strong>, un refuge intime o\u00f9 l\u2019histoire v\u00e9nitienne rencontre le confort contemporain le plus raffin\u00e9.<br \/>Souvent d\u00e9crit par les voyageurs comme le <strong>meilleur boutique h\u00f4tel de Venise<\/strong>, l\u2019Arcadia vous invite \u00e0 d\u00e9couvrir l\u2019\u00e2me authentique de la ville \u2014 un lieu o\u00f9 l\u2019\u00e9l\u00e9gance, la chaleur et l\u2019art se rejoignent en parfaite harmonie.<\/p>\n<p style=\"text-align: left;\">Install\u00e9 dans un magnifique <strong>palais du XVIIIe si\u00e8cle<\/strong> soigneusement restaur\u00e9 au c\u0153ur du quartier historique de Cannaregio, l\u2019h\u00f4tel incarne l\u2019essence m\u00eame du charme v\u00e9nitien. \u00c0 l\u2019int\u00e9rieur, le <strong>magnifique lustre en verre de Murano<\/strong> domine l\u2019\u00e9tage noble, illuminant des tons doux, des stucs d\u00e9licats et des d\u00e9tails qui murmurent des histoires vieilles de plusieurs si\u00e8cles. Chaque instant pass\u00e9 ici ressemble \u00e0 une \u0153uvre d\u2019art vivante, empreinte de luxe discret et d\u2019une hospitalit\u00e9 gracieuse.<\/p>\n<h3 style=\"text-align: left;\">Pourquoi l\u2019Arcadia est consid\u00e9r\u00e9 comme le meilleur boutique h\u00f4tel de Venise<\/h3>\n<p style=\"text-align: left;\">Chaque s\u00e9jour \u00e0 l\u2019Arcadia est une exp\u00e9rience con\u00e7ue pour ceux qui appr\u00e9cient la beaut\u00e9 dans chaque d\u00e9tail. L\u2019h\u00f4tel combine l\u2019\u00e2me de Venise avec la sophistication du confort moderne, cr\u00e9ant un lieu \u00e0 la fois exclusif et accueillant.<\/p>\n<p style=\"text-align: left;\">Les clients soulignent souvent trois raisons qui font de l\u2019Arcadia un h\u00f4tel unique parmi les boutique h\u00f4tels de Venise :<\/p>\n<ol style=\"text-align: left;\">\n<li><p><strong>Un charme intemporel<\/strong> \u2013 du lustre en verre de Murano aux fresques du salon noble.<\/p><\/li>\n<li><p><strong>Un service personnalis\u00e9 et discret<\/strong> \u2013 notre petite \u00e9quipe accueille chaque client comme un ami cher.<\/p><\/li>\n<li><p><strong>Un environnement r\u00e9serv\u00e9 aux adultes<\/strong> \u2013 offrant une atmosph\u00e8re paisible et romantique, parfaite pour les couples.<\/p><\/li>\n<\/ol>\n<p style=\"text-align: left;\">Situ\u00e9 \u00e0 seulement dix minutes \u00e0 pied de la <strong>gare Santa Lucia<\/strong> et \u00e0 quelques pas du <strong>pont du Rialto<\/strong>, l\u2019Arcadia allie \u00e9l\u00e9gance et commodit\u00e9 in\u00e9gal\u00e9es.<\/p>\n<h3 style=\"text-align: left;\">Un palais historique o\u00f9 le pass\u00e9 rencontre le pr\u00e9sent<\/h3>\n<p style=\"text-align: left;\">Entrer \u00e0 l\u2019Arcadia, c\u2019est faire un voyage dans le temps. Le palais a \u00e9t\u00e9 restaur\u00e9 avec amour afin de pr\u00e9server son architecture historique tout en y int\u00e9grant un design moderne et subtil. Le r\u00e9sultat est un espace qui raconte l\u2019histoire de Venise \u2014 \u00e0 la fois ancienne et vibrante, classique et contemporaine.<\/p>\n<p style=\"text-align: left;\">L\u2019<strong>\u00e9tage noble<\/strong> de l\u2019h\u00f4tel conserve encore l\u2019atmosph\u00e8re de l\u2019\u00e2ge d\u2019or de la ville, lorsque la lueur des chandelles se refl\u00e9tait sur le verre de Murano et que les familles aristocratiques organisaient de somptueuses r\u00e9ceptions. Aujourd\u2019hui, les clients peuvent revivre cette magie, entour\u00e9s d\u2019art, de lumi\u00e8re douce et d\u2019une intimit\u00e9 que seuls les meilleurs boutique h\u00f4tels de Venise peuvent offrir.<\/p>\n<p style=\"text-align: left;\">Chaque chambre \u2014 de la <strong>Double Deluxe<\/strong> \u00e0 la <strong>Junior Suite<\/strong> \u2014 a \u00e9t\u00e9 pens\u00e9e comme un v\u00e9ritable sanctuaire priv\u00e9. Draps en coton \u00e9gyptien brod\u00e9s \u00e0 la main, lavabos en verre de Murano, matelas hypoallerg\u00e9niques et <strong>produits exclusifs Roberto Cavalli<\/strong> \u00e9l\u00e8vent l\u2019exp\u00e9rience \u00e0 un niveau de luxe discret et authentique.<\/p>\n<h3 style=\"text-align: left;\">Le Skyfall Bar \u2013 Un moment hors du temps<\/h3>\n<p style=\"text-align: left;\">Le <strong>Skyfall Bar<\/strong>, situ\u00e9 au c\u0153ur de l\u2019\u00e9tage noble, est l\u2019\u00e2me la plus intime de l\u2019h\u00f4tel. Ici, le temps semble suspendu tandis que vous savourez un spritz, une infusion ou un cocktail signature. Qu\u2019il s\u2019agisse de la lumi\u00e8re douce d\u2019un matin v\u00e9nitien ou de la lueur des bougies le soir, le bar est l\u2019endroit id\u00e9al pour se d\u00e9tendre, lire un livre d\u2019art ou simplement profiter du rythme paisible de la ville au-del\u00e0 des fen\u00eatres.<\/p>\n<p style=\"text-align: left;\">C\u2019est ici que les conversations s\u2019\u00e9ternisent, que les rires r\u00e9sonnent et que le v\u00e9ritable esprit de Venise se r\u00e9v\u00e8le \u2014 lentement, avec gr\u00e2ce et sinc\u00e9rit\u00e9.<\/p>\n<h3 style=\"text-align: left;\">Un havre romantique pour les couples<\/h3>\n<p style=\"text-align: left;\">L\u2019Arcadia Boutique Hotel est r\u00e9serv\u00e9 exclusivement aux adultes, ce qui en fait l\u2019un des <strong>boutique h\u00f4tels les plus romantiques de Venise<\/strong>. Le <strong>forfait \u201cI Love You\u201d<\/strong> offre aux couples un s\u00e9jour inoubliable : p\u00e9tales de roses sur le lit, bouteille de Prosecco et fraises \u00e0 l\u2019arriv\u00e9e, et petit-d\u00e9jeuner servi dans l\u2019intimit\u00e9 de votre chambre.<br \/>C\u2019est le refuge id\u00e9al pour une lune de miel, un anniversaire ou simplement pour retomber amoureux de Venise.<\/p>\n\n\n\n<h3>Nos clients en parlent le mieux<\/h3>\n<p>Parmi des centaines d\u2019avis enthousiastes, une chose est s\u00fbre : des voyageurs du monde entier d\u00e9crivent l\u2019Arcadia comme un <strong>joyau cach\u00e9<\/strong> au c\u0153ur de Venise. Les clients louent l\u2019atmosph\u00e8re chaleureuse, la propret\u00e9 impeccable et l\u2019attention personnelle qui transforment chaque s\u00e9jour en un souvenir inoubliable.<\/p>\n<blockquote>\n<p>\u00ab Un joyau au c\u0153ur de Venise. Tout \u00e9tait parfait \u2014 le personnel, le petit-d\u00e9jeuner, la beaut\u00e9 des chambres. Nous nous sommes sentis comme \u00e0 la maison. \u00bb<br \/>\u00ab L\u2019Arcadia n\u2019est pas seulement un h\u00f4tel, c\u2019est une exp\u00e9rience \u2014 \u00e9l\u00e9gante, romantique et typiquement v\u00e9nitienne. \u00bb<\/p>\n<\/blockquote>\n<p>Leurs mots refl\u00e8tent ce que nous nous effor\u00e7ons d\u2019offrir chaque jour : un s\u00e9jour non seulement beau, mais profond\u00e9ment humain.<\/p>\n<h3>D\u00e9couvrez l\u2019\u00e2me authentique de Cannaregio<\/h3>\n<p>L\u2019Arcadia est id\u00e9alement situ\u00e9 \u00e0 <strong>Cannaregio<\/strong>, l\u2019un des quartiers les plus authentiques de Venise. Loin des foules touristiques, ce quartier d\u00e9voile le rythme quotidien de la ville \u2014 ateliers d\u2019artisans, cours secr\u00e8tes et habitants profitant d\u2019un verre de vin et de cicchetti le long des <strong>Fondamenta della Misericordia<\/strong>.<\/p>\n<p>De l\u00e0, vous pouvez facilement rejoindre le <strong>Ghetto juif<\/strong>, le <strong>march\u00e9 du Rialto<\/strong> ou prendre un vaporetto vers la place Saint-Marc. Et chaque fois que vous revenez, l\u2019Arcadia vous accueille avec la paix, l\u2019\u00e9l\u00e9gance et le confort d\u2019une v\u00e9ritable maison v\u00e9nitienne.<\/p>\n\n\n<div id=\"rank-math-faq\" class=\"rank-math-block\">\n<div class=\"rank-math-list \">\n<div id=\"faq-question-68f9d3b47a600\" class=\"rank-math-list-item\">\n<h3 class=\"rank-math-question \">Qu\u2019est-ce qui fait de l\u2019Arcadia le meilleur boutique h\u00f4tel de Venise ?<\/h3>\n<div class=\"rank-math-answer \">\n\n<p>Son m\u00e9lange de charme historique, de design moderne et de service attentionn\u00e9 cr\u00e9e une exp\u00e9rience v\u00e9ritablement unique.<\/p>\n\n<\/div>\n<\/div>\n<div id=\"faq-question-68f9d3b47a603\" class=\"rank-math-list-item\">\n<h3 class=\"rank-math-question \">O\u00f9 se trouve l\u2019Arcadia Boutique Hotel ?<\/h3>\n<div class=\"rank-math-answer \">\n\n<p>Dans le quartier de Cannaregio, \u00e0 seulement dix minutes \u00e0 pied de la gare et \u00e0 proximit\u00e9 du pont du Rialto.<\/p>\n\n<\/div>\n<\/div>\n<div id=\"faq-question-68f9d3b47a604\" class=\"rank-math-list-item\">\n<h3 class=\"rank-math-question \">L\u2019Arcadia convient-il aux couples ?<\/h3>\n<div class=\"rank-math-answer \">\n\n<p>Oui. En tant que boutique h\u00f4tel r\u00e9serv\u00e9 aux adultes, il offre une atmosph\u00e8re intime et romantique id\u00e9ale pour les couples.<\/p>\n\n<\/div>\n<\/div>\n<div id=\"faq-question-68f9d3b47a605\" class=\"rank-math-list-item\">\n<h3 class=\"rank-math-question \">Quels services propose l\u2019Arcadia ?<\/h3>\n<div class=\"rank-math-answer \">\n\n<p>D\u00e9cor en verre de Murano, petit-d\u00e9jeuner gourmet, Skyfall Bar et produits exclusifs Roberto Cavalli.<\/p>\n\n<\/div>\n<\/div>\n<\/div>\n<\/div>\n\n\n<p style=\"text-align: left;\"><strong>R\u00e9servez votre s\u00e9jour \u00e0 l\u2019Arcadia Boutique Hotel<br \/><\/strong>Si vous recherchez le meilleur boutique h\u00f4tel de Venise, votre voyage s\u2019arr\u00eate ici.<br \/>Laissez l\u2019histoire, l\u2019\u00e9l\u00e9gance et la chaleur de l\u2019Arcadia faire partie de votre exp\u00e9rience v\u00e9nitienne.<br \/>R\u00e9servez directement sur notre site officiel pour profiter d\u2019avantages exclusifs et du meilleur tarif disponible.<strong><br \/><\/strong><\/p>\n\n","protected":false},"excerpt":{"rendered":"<p>Vivez le charme intemporel du meilleur boutique h\u00f4tel de Venise Bienvenue \u00e0 l\u2019Arcadia Boutique Hotel, un refuge intime o\u00f9 l\u2019histoire v\u00e9nitienne rencontre le confort contemporain le plus raffin\u00e9.Souvent d\u00e9crit par les voyageurs comme le meilleur boutique h\u00f4tel de Venise, l\u2019Arcadia vous invite \u00e0 d\u00e9couvrir l\u2019\u00e2me authentique de la ville \u2014 un lieu o\u00f9 l\u2019\u00e9l\u00e9gance, la [&hellip;]<\/p>\n","protected":false},"author":1,"featured_media":4485,"parent":0,"menu_order":0,"comment_status":"closed","ping_status":"closed","template":"","meta":{"_acf_changed":false,"footnotes":""},"class_list":["post-9087","page","type-page","status-publish","has-post-thumbnail","hentry"],"acf":[],"_links":{"self":[{"href":"https:\/\/hotelarcadia.net\/fr\/wp-json\/wp\/v2\/pages\/9087","targetHints":{"allow":["GET"]}}],"collection":[{"href":"https:\/\/hotelarcadia.net\/fr\/wp-json\/wp\/v2\/pages"}],"about":[{"href":"https:\/\/hotelarcadia.net\/fr\/wp-json\/wp\/v2\/types\/page"}],"author":[{"embeddable":true,"href":"https:\/\/hotelarcadia.net\/fr\/wp-json\/wp\/v2\/users\/1"}],"replies":[{"embeddable":true,"href":"https:\/\/hotelarcadia.net\/fr\/wp-json\/wp\/v2\/comments?post=9087"}],"version-history":[{"count":0,"href":"https:\/\/hotelarcadia.net\/fr\/wp-json\/wp\/v2\/pages\/9087\/revisions"}],"wp:featuredmedia":[{"embeddable":true,"href":"https:\/\/hotelarcadia.net\/fr\/wp-json\/wp\/v2\/media\/4485"}],"wp:attachment":[{"href":"https:\/\/hotelarcadia.net\/fr\/wp-json\/wp\/v2\/media?parent=9087"}],"curies":[{"name":"wp","href":"https:\/\/api.w.org\/{rel}","templated":true}]}}