{"id":13,"date":"2017-01-03T12:12:25","date_gmt":"2017-01-03T12:12:25","guid":{"rendered":"https:\/\/www.dev.hotelarcadia.net\/?page_id=13"},"modified":"2025-04-29T08:54:35","modified_gmt":"2025-04-29T08:54:35","slug":"dove-siamo","status":"publish","type":"page","link":"https:\/\/hotelarcadia.net\/it\/dove-siamo\/","title":{"rendered":"Dove Siamo"},"content":{"rendered":"<p>Venezia \u00e8 la citt\u00e0 pi\u00f9 bella del mondo, un luogo unico e magico, mutata nel tempo ma alla fine da sempre fedele a se stessa.<br \/>\nA lei non importa che tu sia la prima volta che la visiti o che tu la conosca anche nei sui angoli pi\u00f9 nascosti. Lei ti parla sempre dritta al cuore e una volta che sei qui, vedrai, tutto cambia ed incomincerai a vedere le cose con occhi nuovi.<br \/>\nOgni Sestriere della citt\u00e0 \u00e8 di per se unico e ricco di storia ma il nostro, Cannaregio, \u00e8 davvero il pi\u00f9 bello ed affascinate. Non mi credi?!<br \/>\nQui, a seconda del momento della giornata o delle stagioni, tutto cambia in continuazione.<br \/>\nLa mattina \u201cStrada Nova\u201d \u00e8 tutta un brulichio di attivit\u00e0, di rumori, di veneziani e uomini d\u2019affari che chiacchierano e mercanteggiano, di bar e negozi che intrattengono ospiti e turisti, come fosse il palcoscenico di un grande teatro.<br \/>\nLa sera invece, tutto si trasforma, e per magia si sente solo la brezza della laguna o il canto di un gabbiano. O di qualche innamorato&#8230;<br \/>\nBasta girare l\u2019angolo del nostro piccolo hotel e perdersi nelle calli e nelle fondamenta di Cannaregio e subito si ci pu\u00f2 immergere nella Venezia del 1700. O del 1400, del 1500 o del 1600\u2026<br \/>\nQui tutto \u00e8 un richiamo ad un passato glorioso e travagliato, un arco trilobato bizzantino di qua, un alto rilievo ottomoano laggi\u00f9, un cimitero napoleonico oltre il canale\u2026<br \/>\nTu sei proprio qui, dove il silenzio incontra l\u2019acqua e dove le stelle coccolano le tue emozioni.<\/p>\n","protected":false},"excerpt":{"rendered":"<p>Venezia \u00e8 la citt\u00e0 pi\u00f9 bella del mondo, un luogo unico e magico, mutata nel tempo ma alla fine da sempre fedele a se stessa. A lei non importa che tu sia la prima volta che la visiti o che tu la conosca anche nei sui angoli pi\u00f9 nascosti. Lei ti parla sempre dritta al [&hellip;]<\/p>\n","protected":false},"author":1,"featured_media":373,"parent":0,"menu_order":0,"comment_status":"closed","ping_status":"closed","template":"template-pages-arcadia.php","meta":{"_acf_changed":false,"footnotes":""},"class_list":["post-13","page","type-page","status-publish","has-post-thumbnail","hentry"],"acf":[],"_links":{"self":[{"href":"https:\/\/hotelarcadia.net\/it\/wp-json\/wp\/v2\/pages\/13","targetHints":{"allow":["GET"]}}],"collection":[{"href":"https:\/\/hotelarcadia.net\/it\/wp-json\/wp\/v2\/pages"}],"about":[{"href":"https:\/\/hotelarcadia.net\/it\/wp-json\/wp\/v2\/types\/page"}],"author":[{"embeddable":true,"href":"https:\/\/hotelarcadia.net\/it\/wp-json\/wp\/v2\/users\/1"}],"replies":[{"embeddable":true,"href":"https:\/\/hotelarcadia.net\/it\/wp-json\/wp\/v2\/comments?post=13"}],"version-history":[{"count":0,"href":"https:\/\/hotelarcadia.net\/it\/wp-json\/wp\/v2\/pages\/13\/revisions"}],"wp:featuredmedia":[{"embeddable":true,"href":"https:\/\/hotelarcadia.net\/it\/wp-json\/wp\/v2\/media\/373"}],"wp:attachment":[{"href":"https:\/\/hotelarcadia.net\/it\/wp-json\/wp\/v2\/media?parent=13"}],"curies":[{"name":"wp","href":"https:\/\/api.w.org\/{rel}","templated":true}]}}