{"id":1777,"date":"2017-06-16T08:21:15","date_gmt":"2017-06-16T08:21:15","guid":{"rendered":"https:\/\/www.dev.hotelarcadia.net\/la-nostra-residenza-di-charme\/staff\/"},"modified":"2022-04-13T08:26:03","modified_gmt":"2022-04-13T08:26:03","slug":"team","status":"publish","type":"page","link":"https:\/\/hotelarcadia.net\/it\/la-nostra-residenza-di-charme\/team\/","title":{"rendered":"Team"},"content":{"rendered":"<p>All\u2019Arcadia siamo tutti profondamente appassoniati del nostro lavoro, che conduciamo con devozione e professionalit\u00e0, del nostro piccolo e raffinatissimo Boutique Hotel e della nostra splendida ed unica citt\u00e0, la pi\u00f9 bella del mondo!<\/p>\n<p><strong>Ma soprattutto, siamo onorati e privilegiati di averti come ospite nella nostra casa.<\/strong><\/p>\n<p><em>Luigi ortolan<\/em><\/p>\n","protected":false},"excerpt":{"rendered":"<p>All\u2019Arcadia siamo tutti profondamente appassoniati del nostro lavoro, che conduciamo con devozione e professionalit\u00e0, del nostro piccolo e raffinatissimo Boutique Hotel e della nostra splendida ed unica citt\u00e0, la pi\u00f9 bella del mondo! Ma soprattutto, siamo onorati e privilegiati di averti come ospite nella nostra casa. Luigi ortolan<\/p>\n","protected":false},"author":1,"featured_media":1854,"parent":3003,"menu_order":0,"comment_status":"closed","ping_status":"closed","template":"template-pages-arcadia.php","meta":{"_acf_changed":false,"footnotes":""},"class_list":["post-1777","page","type-page","status-publish","has-post-thumbnail","hentry"],"acf":[],"_links":{"self":[{"href":"https:\/\/hotelarcadia.net\/it\/wp-json\/wp\/v2\/pages\/1777","targetHints":{"allow":["GET"]}}],"collection":[{"href":"https:\/\/hotelarcadia.net\/it\/wp-json\/wp\/v2\/pages"}],"about":[{"href":"https:\/\/hotelarcadia.net\/it\/wp-json\/wp\/v2\/types\/page"}],"author":[{"embeddable":true,"href":"https:\/\/hotelarcadia.net\/it\/wp-json\/wp\/v2\/users\/1"}],"replies":[{"embeddable":true,"href":"https:\/\/hotelarcadia.net\/it\/wp-json\/wp\/v2\/comments?post=1777"}],"version-history":[{"count":0,"href":"https:\/\/hotelarcadia.net\/it\/wp-json\/wp\/v2\/pages\/1777\/revisions"}],"up":[{"embeddable":true,"href":"https:\/\/hotelarcadia.net\/it\/wp-json\/wp\/v2\/pages\/3003"}],"wp:featuredmedia":[{"embeddable":true,"href":"https:\/\/hotelarcadia.net\/it\/wp-json\/wp\/v2\/media\/1854"}],"wp:attachment":[{"href":"https:\/\/hotelarcadia.net\/it\/wp-json\/wp\/v2\/media?parent=1777"}],"curies":[{"name":"wp","href":"https:\/\/api.w.org\/{rel}","templated":true}]}}