{"id":29,"date":"2017-01-03T12:14:31","date_gmt":"2017-01-03T12:14:31","guid":{"rendered":"https:\/\/www.dev.hotelarcadia.net\/?page_id=29"},"modified":"2025-11-05T07:47:43","modified_gmt":"2025-11-05T07:47:43","slug":"doppia-superior","status":"publish","type":"page","link":"https:\/\/hotelarcadia.net\/it\/camere\/doppia-superior\/","title":{"rendered":"Doppia Superior"},"content":{"rendered":"<p style=\"text-align: left;\">La camera Doppia Superior \u00e8 particolarmente adatta a chi desidera un ambiente comodo e rilassante, dove il nostro pi\u00f9 autentico stile veneziano contemporaneo si sposa con le migliori dotazioni.<br \/>\n\u00c8 dotata di pavimento in legno, Wi-Fi a bassa emissione, aria condizionata e riscaldamento regolabili in autonomia, Smart TV con Sky e canali internazionali, mini bar di ultima generazione, cassetta di sicurezza elettronica e bollitore con selezione di t\u00e8, caff\u00e8 e tisane.<br \/>\nIl materasso ipoallergenico ed il menu di guanciali a diversa densit\u00e0 sono stati selezionati con cura particolare, mentre le lenzuola ricamate sono di puro raso di cotone egiziano.<br \/>\nIl bagno, con vasca o doccia, ha uno splendido lavandino in vetro di Murano, le soffici spugne, l\u2019accappatoio e le ciabattine sono in puro cotone America e i prodotti cortesia sono un piccolo fiore all\u2019occhiello del nostro servizio, in quanto sono un\u2019esclusiva per Venezia di Roberto Cavalli per l\u2019Arcadia Boutique Hotel.<\/p>\n<p style=\"text-align: left;\">Colazione dalle 7:30 alle 10:30<br \/>\nCheck-out entro le 11:00<\/p>\n","protected":false},"excerpt":{"rendered":"<p>La camera Doppia Superior \u00e8 particolarmente adatta a chi desidera un ambiente comodo e rilassante, dove il nostro pi\u00f9 autentico stile veneziano contemporaneo si sposa con le migliori dotazioni. \u00c8 dotata di pavimento in legno, Wi-Fi a bassa emissione, aria condizionata e riscaldamento regolabili in autonomia, Smart TV con Sky e canali internazionali, mini bar [&hellip;]<\/p>\n","protected":false},"author":1,"featured_media":487,"parent":8,"menu_order":0,"comment_status":"closed","ping_status":"closed","template":"template-room-page.php","meta":{"_acf_changed":false,"footnotes":""},"class_list":["post-29","page","type-page","status-publish","has-post-thumbnail","hentry"],"acf":[],"_links":{"self":[{"href":"https:\/\/hotelarcadia.net\/it\/wp-json\/wp\/v2\/pages\/29","targetHints":{"allow":["GET"]}}],"collection":[{"href":"https:\/\/hotelarcadia.net\/it\/wp-json\/wp\/v2\/pages"}],"about":[{"href":"https:\/\/hotelarcadia.net\/it\/wp-json\/wp\/v2\/types\/page"}],"author":[{"embeddable":true,"href":"https:\/\/hotelarcadia.net\/it\/wp-json\/wp\/v2\/users\/1"}],"replies":[{"embeddable":true,"href":"https:\/\/hotelarcadia.net\/it\/wp-json\/wp\/v2\/comments?post=29"}],"version-history":[{"count":0,"href":"https:\/\/hotelarcadia.net\/it\/wp-json\/wp\/v2\/pages\/29\/revisions"}],"up":[{"embeddable":true,"href":"https:\/\/hotelarcadia.net\/it\/wp-json\/wp\/v2\/pages\/8"}],"wp:featuredmedia":[{"embeddable":true,"href":"https:\/\/hotelarcadia.net\/it\/wp-json\/wp\/v2\/media\/487"}],"wp:attachment":[{"href":"https:\/\/hotelarcadia.net\/it\/wp-json\/wp\/v2\/media?parent=29"}],"curies":[{"name":"wp","href":"https:\/\/api.w.org\/{rel}","templated":true}]}}