{"id":33,"date":"2017-01-03T12:14:59","date_gmt":"2017-01-03T12:14:59","guid":{"rendered":"https:\/\/www.dev.hotelarcadia.net\/?page_id=33"},"modified":"2025-11-06T07:28:45","modified_gmt":"2025-11-06T07:28:45","slug":"tripla","status":"publish","type":"page","link":"https:\/\/hotelarcadia.net\/it\/camere\/tripla\/","title":{"rendered":"Tripla"},"content":{"rendered":"<p style=\"text-align: left;\">La camera tripla \u00e8 stata studiata per offrire anche a tre adulti il nostro pi\u00f9 autentico modo di interpretare un soggiorno da sogno a Venezia, nel massimo comfort e con tutta la pi\u00f9 moderna tecnologia.<br \/>\nLa camera \u00e8 dotata di pavimento in legno, Wi-Fi a bassa emissione, aria condizionata e riscaldamento regolabili in autonomia, Smart TV con Sky e canali internazionali, mini bar di ultima generazione, cassetta di sicurezza elettronica, bollitore con selezione di t\u00e8, caff\u00e8 e tisane.<br \/>\nIl materasso ipoallergenico ed il menu di guanciali a diversa densit\u00e0 sono stati selezionati con particolare cura, mentre le lenzuola ricamate sono di puro raso di cotone egiziano.<br \/>\nIl bagno ha uno splendido lavandino in vetro di Murano, le soffici spugne, gli accappatioi e le ciabattine sono in puro cotone America e i prodotti cortesia sono un piccolo fiore all\u2019occhiello del nostro servizio, in quanto sono un\u2019esclusiva per Venezia di Roberto Cavalli per l\u2019Arcadia Boutique Hotel.<\/p>\n<p style=\"text-align: left;\">Colazione dalle 7:30 alle 10:30<br \/>\nCheck-out entro le 11:00<\/p>\n","protected":false},"excerpt":{"rendered":"<p>La camera tripla \u00e8 stata studiata per offrire anche a tre adulti il nostro pi\u00f9 autentico modo di interpretare un soggiorno da sogno a Venezia, nel massimo comfort e con tutta la pi\u00f9 moderna tecnologia. La camera \u00e8 dotata di pavimento in legno, Wi-Fi a bassa emissione, aria condizionata e riscaldamento regolabili in autonomia, Smart [&hellip;]<\/p>\n","protected":false},"author":1,"featured_media":820,"parent":8,"menu_order":0,"comment_status":"closed","ping_status":"closed","template":"template-room-page.php","meta":{"_acf_changed":false,"footnotes":""},"class_list":["post-33","page","type-page","status-publish","has-post-thumbnail","hentry"],"acf":[],"_links":{"self":[{"href":"https:\/\/hotelarcadia.net\/it\/wp-json\/wp\/v2\/pages\/33","targetHints":{"allow":["GET"]}}],"collection":[{"href":"https:\/\/hotelarcadia.net\/it\/wp-json\/wp\/v2\/pages"}],"about":[{"href":"https:\/\/hotelarcadia.net\/it\/wp-json\/wp\/v2\/types\/page"}],"author":[{"embeddable":true,"href":"https:\/\/hotelarcadia.net\/it\/wp-json\/wp\/v2\/users\/1"}],"replies":[{"embeddable":true,"href":"https:\/\/hotelarcadia.net\/it\/wp-json\/wp\/v2\/comments?post=33"}],"version-history":[{"count":0,"href":"https:\/\/hotelarcadia.net\/it\/wp-json\/wp\/v2\/pages\/33\/revisions"}],"up":[{"embeddable":true,"href":"https:\/\/hotelarcadia.net\/it\/wp-json\/wp\/v2\/pages\/8"}],"wp:featuredmedia":[{"embeddable":true,"href":"https:\/\/hotelarcadia.net\/it\/wp-json\/wp\/v2\/media\/820"}],"wp:attachment":[{"href":"https:\/\/hotelarcadia.net\/it\/wp-json\/wp\/v2\/media?parent=33"}],"curies":[{"name":"wp","href":"https:\/\/api.w.org\/{rel}","templated":true}]}}