{"id":5916,"date":"2025-03-26T08:10:29","date_gmt":"2025-03-26T08:10:29","guid":{"rendered":"https:\/\/www.hotelarcadia.net\/?page_id=5916"},"modified":"2025-07-16T09:32:46","modified_gmt":"2025-07-16T09:32:46","slug":"dove-fare-un-giro-romantico-in-gondola-a-venezia","status":"publish","type":"page","link":"https:\/\/hotelarcadia.net\/it\/hotel-piu-romantico-di-venezia\/dove-fare-un-giro-romantico-in-gondola-a-venezia\/","title":{"rendered":"Dove fare un giro romantico in gondola a Venezia?"},"content":{"rendered":"\n<p class=\"has-text-align-left\">Nessuna visita a Venezia \u00e8 completa senza una <strong><a data-type=\"URL\" data-id=\"https:\/\/hotelarcadia.net\/it\/exhibition\/venezia-gondola-consigli\/\" href=\"https:\/\/hotelarcadia.net\/it\/exhibition\/venezia-gondola-consigli\/\">giro romantico in gondola<\/a><\/strong>. Scivolare silenziosamente sui canali pi\u00f9 suggestivi della citt\u00e0, abbracciati e circondati dalla magia di un paesaggio unico, \u00e8 l\u2019esperienza romantica per eccellenza. Per le coppie che desiderano vivere un momento di intimit\u00e0 e meraviglia, una gondola \u00e8 il mezzo ideale per scoprire una Venezia nascosta, lontana dal caos.<\/p>\n\n\n\n<p class=\"has-text-align-left\">A pochi passi dall\u2019<strong><a href=\"https:\/\/hotelarcadia.net\/it\/lhotel-piu-romantico-di-venezia\/hotel-arcadia-rifugio-romantico-per-coppie-nel-cuore-di-venezia\/\" data-type=\"URL\" data-id=\"https:\/\/hotelarcadia.net\/it\/lhotel-piu-romantico-di-venezia\/hotel-arcadia-rifugio-romantico-per-coppie-nel-cuore-di-venezia\/\">Arcadia Boutique Hotel<\/a><\/strong>, avrete l\u2019opportunit\u00e0 di salire a bordo di una gondola e intraprendere un viaggio che diventer\u00e0 una parte indelebile della vostra storia d\u2019amore.<\/p>\n\n\n\n<h3 class=\"wp-block-heading has-text-align-left\">Una gondola che racconta storie d\u2019amore<\/h3>\n\n\n\n<p class=\"has-text-align-left\">La <strong>gondola<\/strong> \u00e8 molto pi\u00f9 di un semplice mezzo di trasporto. Con la sua forma elegante e il suo movimento lento, rappresenta la serenit\u00e0 e la bellezza di Venezia. Ognuna di queste imbarcazioni racconta storie d\u2019amore secolari, mentre attraversa i canali pi\u00f9 stretti e romantici. La <strong>serenit\u00e0 del momento<\/strong> e la <strong>vista unica<\/strong> che si ha da una gondola rendono ogni giro speciale.<\/p>\n\n\n\n<blockquote class=\"wp-block-quote has-text-align-left is-layout-flow wp-block-quote-is-layout-flow\">\n<p><strong>Consiglio romantico<\/strong>: prenotate una gondola al tramonto, quando la citt\u00e0 si tinge di sfumature dorate, per vivere un\u2019atmosfera da sogno, perfetta per un bacio.<\/p>\n<\/blockquote>\n\n\n\n<h3 class=\"wp-block-heading has-text-align-left\">Giro romantico in gondola: scopri i canali nascosti di Venezia<\/h3>\n\n\n\n<p class=\"has-text-align-left\">Sebbene i canali pi\u00f9 famosi come il <strong>Canal Grande<\/strong> siano meravigliosi, i canali pi\u00f9 stretti, nascosti e lontani dai luoghi affollati offrono una <strong>vista pi\u00f9 intima e autentica<\/strong> della citt\u00e0. Una gondola permette di attraversare angoli nascosti di Venezia che non sarebbero facilmente accessibili a piedi. Passare sotto piccoli ponti, attraversare tranquilli rii e scoprire cortili segreti sono esperienze che solo una gondola pu\u00f2 offrire.<\/p>\n\n\n\n<blockquote class=\"wp-block-quote has-text-align-left is-layout-flow wp-block-quote-is-layout-flow\">\n<p><strong>Consiglio romantico<\/strong>: chiedete al gondoliere di portarvi attraverso i canali minori del <strong>sestiere di San Marco<\/strong> o verso i canali di <strong>Cannaregio<\/strong>, per vivere una Venezia pi\u00f9 intima.<\/p>\n<\/blockquote>\n\n\n\n<h3 class=\"wp-block-heading has-text-align-left\">Un gondoliere che canta per voi<\/h3>\n\n\n\n<p class=\"has-text-align-left\">Molti gondolieri sono soliti cantare melodie tipiche mentre si muovono silenziosamente sull\u2019acqua. Immagina di goderti un viaggio a due, con le note dolci di una serenata che si fondono con i rumori dell\u2019acqua. Questo \u00e8 uno dei <strong>momenti pi\u00f9 romantici<\/strong> che una coppia possa vivere a Venezia.<\/p>\n\n\n\n<blockquote class=\"wp-block-quote has-text-align-left is-layout-flow wp-block-quote-is-layout-flow\">\n<p><strong>Consiglio romantico<\/strong>: scegliete un gondoliere che sia disposto a cantare, per aggiungere un tocco speciale alla vostra esperienza.<\/p>\n<\/blockquote>\n\n\n\n<h3 class=\"wp-block-heading has-text-align-left\">Un\u2019esperienza da condividere, un ricordo da custodire<\/h3>\n\n\n\n<p class=\"has-text-align-left\">Ogni giro in gondola \u00e8 diverso. Pu\u00f2 durare dai 30 minuti a un\u2019ora, ma ogni momento \u00e8 prezioso. Avrete l\u2019opportunit\u00e0 di fermarvi a osservare il <strong>riflesso dei palazz<\/strong>i nell\u2019acqua, scambiare sguardi affettuosi, e parlare senza fretta. Dopo aver terminato il giro, molti decidono di fermarsi per un <strong>aperitivo<\/strong> lungo uno dei canali, continuando a godersi la magia di Venezia.<\/p>\n\n\n\n<blockquote class=\"wp-block-quote has-text-align-left is-layout-flow wp-block-quote-is-layout-flow\">\n<p><strong>Consiglio romantico<\/strong>: dopo la gondola, fermatevi a <strong>Piazza San Marco<\/strong> per una passeggiata notturna sotto le luci dei lampioni. \u00c8 il modo perfetto per concludere l\u2019esperienza.<\/p>\n<\/blockquote>\n\n\n\n<h3 class=\"wp-block-heading has-text-align-left\">Cosa dicono gli ospiti dell\u2019Arcadia<\/h3>\n\n\n\n<blockquote class=\"wp-block-quote has-text-align-left is-layout-flow wp-block-quote-is-layout-flow\">\n<p>\u201cLa gondola \u00e8 stata il momento pi\u00f9 romantico del nostro viaggio. Il gondoliere ha cantato per noi mentre attraversavamo i canali. Una magia unica.\u201d<br>\u201cAbbiamo fatto una gondola privata, solo noi due. \u00c8 stata l\u2019esperienza pi\u00f9 romantica che abbiamo mai vissuto. Non possiamo che consigliare di farla!\u201d<br>\u201cIl giro in gondola \u00e8 stato perfetto, tutto \u00e8 stato organizzato dal nostro hotel. Ci siamo sentiti speciali.\u201d<\/p>\n<\/blockquote>\n\n\n\n<h3 class=\"wp-block-heading has-text-align-left\">Perch\u00e9 scegliere una gondola con l\u2019Arcadia<\/h3>\n\n\n\n<p class=\"has-text-align-left\">L\u2019<strong>Arcadia Boutique Hotel<\/strong> \u00e8 il punto di partenza ideale per organizzare il vostro giro in gondola. Il nostro staff sar\u00e0 felice di prenotare per voi un\u2019esperienza unica, scegliendo il momento e il percorso che preferite, che sia un giro al tramonto o un romantico viaggio sotto la luna.<\/p>\n\n\n\n<p class=\"has-text-align-left\"><strong>Prenota il tuo soggiorno all\u2019Arcadia Boutique Hotel<\/strong> e vivi l\u2019esperienza romantica della gondola a Venezia.<br>Oppure <strong><a href=\"https:\/\/hotelarcadia.net\/it\/\" data-type=\"URL\" data-id=\"https:\/\/hotelarcadia.net\/it\/\">contattaci<\/a><\/strong> per organizzare un giro personalizzato, con il percorso perfetto per la tua storia d\u2019amore.<\/p>\n","protected":false},"excerpt":{"rendered":"<p>Nessuna visita a Venezia \u00e8 completa senza una giro romantico in gondola. Scivolare silenziosamente sui canali pi\u00f9 suggestivi della citt\u00e0, abbracciati e circondati dalla magia di un paesaggio unico, \u00e8 l\u2019esperienza romantica per eccellenza. Per le coppie che desiderano vivere un momento di intimit\u00e0 e meraviglia, una gondola \u00e8 il mezzo ideale per scoprire una [&hellip;]<\/p>\n","protected":false},"author":1,"featured_media":6360,"parent":5620,"menu_order":0,"comment_status":"closed","ping_status":"closed","template":"","meta":{"_acf_changed":false,"footnotes":""},"class_list":["post-5916","page","type-page","status-publish","has-post-thumbnail","hentry"],"acf":[],"_links":{"self":[{"href":"https:\/\/hotelarcadia.net\/it\/wp-json\/wp\/v2\/pages\/5916","targetHints":{"allow":["GET"]}}],"collection":[{"href":"https:\/\/hotelarcadia.net\/it\/wp-json\/wp\/v2\/pages"}],"about":[{"href":"https:\/\/hotelarcadia.net\/it\/wp-json\/wp\/v2\/types\/page"}],"author":[{"embeddable":true,"href":"https:\/\/hotelarcadia.net\/it\/wp-json\/wp\/v2\/users\/1"}],"replies":[{"embeddable":true,"href":"https:\/\/hotelarcadia.net\/it\/wp-json\/wp\/v2\/comments?post=5916"}],"version-history":[{"count":0,"href":"https:\/\/hotelarcadia.net\/it\/wp-json\/wp\/v2\/pages\/5916\/revisions"}],"up":[{"embeddable":true,"href":"https:\/\/hotelarcadia.net\/it\/wp-json\/wp\/v2\/pages\/5620"}],"wp:featuredmedia":[{"embeddable":true,"href":"https:\/\/hotelarcadia.net\/it\/wp-json\/wp\/v2\/media\/6360"}],"wp:attachment":[{"href":"https:\/\/hotelarcadia.net\/it\/wp-json\/wp\/v2\/media?parent=5916"}],"curies":[{"name":"wp","href":"https:\/\/api.w.org\/{rel}","templated":true}]}}