{"id":6041,"date":"2025-03-26T11:40:14","date_gmt":"2025-03-26T11:40:14","guid":{"rendered":"https:\/\/www.hotelarcadia.net\/?page_id=6041"},"modified":"2025-04-04T07:21:35","modified_gmt":"2025-04-04T07:21:35","slug":"passeggiata-romantica-a-cannaregio","status":"publish","type":"page","link":"https:\/\/hotelarcadia.net\/it\/hotel-piu-romantico-di-venezia\/passeggiata-romantica-a-cannaregio\/","title":{"rendered":"Passeggiata romantica a Cannaregio: tra tradizione, storia e angoli segreti"},"content":{"rendered":"\n<p class=\"has-text-align-left\"><strong><a href=\"https:\/\/hotelarcadia.net\/it\/exhibition\/5-motivi-per-cui-dovresti-scegliere-cannaregio-per-il-tuo-soggiorno-venezia\/\" data-type=\"URL\" data-id=\"https:\/\/hotelarcadia.net\/it\/exhibition\/5-motivi-per-cui-dovresti-scegliere-cannaregio-per-il-tuo-soggiorno-venezia\/\">Cannaregio<\/a><\/strong> \u00e8 uno dei quartieri pi\u00f9 affascinanti e autentici di Venezia, perfetto per una <strong>passeggiata romantica<\/strong> tra <strong>storia, tradizione e angoli nascosti<\/strong>. Lontano dalle folle turistiche, questo sestiere vi permette di scoprire un lato di Venezia pi\u00f9 intimo, dove le calli strette e le fondamenta tranquille si mescolano a piccoli negozi, caff\u00e8 tradizionali e palazzi storici. Passeggiare per Cannaregio significa immergersi nell&#8217;atmosfera unica di un quartiere che conserva la sua anima veneziana.<\/p>\n\n\n\n<p class=\"has-text-align-left\">A pochi passi dall\u2019<strong>Arcadia Boutique Hotel<\/strong>, il quartiere di <strong>Cannaregio<\/strong> \u00e8 una destinazione perfetta per una passeggiata a due, dove la storia della citt\u00e0 e la tranquillit\u00e0 dei suoi vicoli offrono un&#8217;esperienza romantica lontana dal caos della citt\u00e0.<\/p>\n\n\n\n<h3 class=\"has-text-align-left wp-block-heading\">Cannaregio: un angolo di Venezia autentico<\/h3>\n\n\n\n<p class=\"has-text-align-left\">Cannaregio \u00e8 uno dei sestieri meno turistici di Venezia, ma proprio per questo motivo \u00e8 perfetto per chi cerca un&#8217;esperienza pi\u00f9 autentica. Qui, la vita quotidiana si svolge senza fretta, tra negozi storici, piccole botteghe artigiane e tradizioni che si tramandano da secoli. Camminando per le <strong>fondamenta<\/strong>, potrete godere di uno dei panorami pi\u00f9 belli di Venezia, con una vista sul <strong>Canal della Misericordia<\/strong> e sugli antichi edifici che si riflettono sull&#8217;acqua.<\/p>\n\n\n\n<blockquote class=\"wp-block-quote has-text-align-left is-layout-flow wp-block-quote-is-layout-flow\"><p class=\"\"><strong>Consiglio romantico<\/strong>: percorrete la <strong>Fondamenta della Misericordia<\/strong> a piedi e fermatevi a scattare una foto romantica sui ponti che attraversano il canale. La tranquillit\u00e0 e la bellezza del luogo sono perfette per un momento a due.<\/p><\/blockquote>\n\n\n\n<h3 class=\"has-text-align-left wp-block-heading\">Il Ghetto Ebraico: storia e bellezza senza tempo<\/h3>\n\n\n\n<p class=\"has-text-align-left\">Il <strong>Ghetto Ebraico<\/strong>, situato nel cuore di Cannaregio, \u00e8 uno dei luoghi pi\u00f9 suggestivi e storicamente significativi di Venezia. Fondato nel 1516, \u00e8 il primo <a href=\"https:\/\/hotelarcadia.net\/it\/lhotel-piu-romantico-di-venezia\/ghetto-ebraico\/\" data-type=\"URL\" data-id=\"https:\/\/hotelarcadia.net\/it\/lhotel-piu-romantico-di-venezia\/ghetto-ebraico\/\">ghetto ebraico<\/a> del mondo e conserva ancora oggi il suo fascino antico. Passeggiando tra le sue strette <strong>calli<\/strong> e i suoi <strong>piccoli ponti<\/strong>, si pu\u00f2 percepire l\u2019atmosfera unica che questo luogo emana. Le <strong>sinagoghe storiche<\/strong>, le botteghe artigiane e le antiche residenze raccontano la storia di una comunit\u00e0 che ha vissuto e prosperato a Venezia per secoli.<\/p>\n\n\n\n<blockquote class=\"wp-block-quote has-text-align-left is-layout-flow wp-block-quote-is-layout-flow\"><p class=\"\"><strong>Consiglio romantico<\/strong>: fermatevi a visitare le <strong>sinagoghe<\/strong> del Ghetto e immergetevi nella storia e nella spiritualit\u00e0 di questo angolo di Venezia. Dopo la visita, godetevi una passeggiata nel parco del Ghetto, dove la quiete regna sovrana.<\/p><\/blockquote>\n\n\n\n<h3 class=\"has-text-align-left wp-block-heading\">I caff\u00e8 storici di Cannaregio: per un aperitivo romantico<\/h3>\n\n\n\n<p class=\"has-text-align-left\">Cannaregio \u00e8 famoso per i suoi <strong>caff\u00e8 storici<\/strong> e i suoi <strong>bacari<\/strong> tradizionali. Molti dei locali del quartiere offrono un&#8217;atmosfera intima e accogliente, ideale per un <strong><a href=\"https:\/\/hotelarcadia.net\/it\/exhibition\/dove-mangiare-da-veneziano-a-cannaregio-6-locali-non-turistici\/\" data-type=\"URL\" data-id=\"https:\/\/hotelarcadia.net\/it\/exhibition\/dove-mangiare-da-veneziano-a-cannaregio-6-locali-non-turistici\/\">aperitivo romantico<\/a><\/strong>. La zona \u00e8 piena di piccoli bar e taverne, dove si pu\u00f2 assaporare un <strong>Spritz veneziano<\/strong> o un <strong>cicchetto<\/strong>, i tipici stuzzichini locali. L&#8217;atmosfera di questi luoghi, spesso caratterizzati da arredi vintage e luci soffuse, rende ogni momento speciale.<\/p>\n\n\n\n<blockquote class=\"wp-block-quote has-text-align-left is-layout-flow wp-block-quote-is-layout-flow\"><p class=\"\"><strong>Consiglio romantico<\/strong>: fermatevi in un piccolo <strong>bacaro<\/strong> lungo il canale e godetevi un bicchiere di vino, scambiandovi un sorriso mentre la citt\u00e0 lentamente si addormenta.<\/p><\/blockquote>\n\n\n\n<h3 class=\"has-text-align-left wp-block-heading\">La tranquillit\u00e0 del Canal della Misericordia<\/h3>\n\n\n\n<p class=\"has-text-align-left\">Il <strong>Canal della Misericordia<\/strong> \u00e8 uno dei canali meno frequentati di Venezia, ma offre uno dei panorami pi\u00f9 suggestivi della citt\u00e0. Passeggiando lungo le <strong><a href=\"https:\/\/hotelarcadia.net\/it\/lhotel-piu-romantico-di-venezia\/fondamenta-della-misericordia\/\" data-type=\"URL\" data-id=\"https:\/\/hotelarcadia.net\/it\/lhotel-piu-romantico-di-venezia\/fondamenta-della-misericordia\/\">fondamenta<\/a><\/strong>, con l&#8217;acqua che scorre lentamente sotto i vostri piedi e i riflessi dei palazzi sulle acque calme, potrete godere della <strong>serenit\u00e0 di un angolo nascosto<\/strong> di Venezia. Qui, il ritmo della vita sembra rallentare, e l\u2019unica compagnia che avrete sar\u00e0 quella del vostro partner e del suono delicato dell\u2019acqua che si infrange contro i muri dei palazzi.<\/p>\n\n\n\n<blockquote class=\"wp-block-quote has-text-align-left is-layout-flow wp-block-quote-is-layout-flow\"><p class=\"\"><strong>Consiglio romantico<\/strong>: passeggiate lungo il <strong>Canal della Misericordia<\/strong> al tramonto, quando il cielo si tinge di colori caldi e la citt\u00e0 si prepara per la notte. Questo \u00e8 il momento perfetto per scattare una foto insieme e fermarsi per un bacio sotto i ponti.<\/p><\/blockquote>\n\n\n\n<h3 class=\"has-text-align-left wp-block-heading\">Le tradizioni artigianali di Cannaregio<\/h3>\n\n\n\n<p class=\"has-text-align-left\">Cannaregio \u00e8 anche il cuore delle <strong>botteghe artigiane<\/strong> di Venezia. Qui potrete scoprire piccole <strong>botteghe di vetro<\/strong>, <strong>gioiellerie artigianali<\/strong> e <strong>negozi di stoffe e merletti<\/strong> dove il mestiere tradizionale \u00e8 ancora vivo. Camminando per il quartiere, avrete l&#8217;opportunit\u00e0 di acquistare oggetti unici che raccontano la storia e le tradizioni artigianali della citt\u00e0.<\/p>\n\n\n\n<blockquote class=\"wp-block-quote has-text-align-left is-layout-flow wp-block-quote-is-layout-flow\"><p class=\"\"><strong>Consiglio romantico<\/strong>: fermatevi in una delle <strong>botteghe di vetro<\/strong> e scegliete un piccolo souvenir per ricordare il vostro viaggio a Venezia. Ogni angolo di Cannaregio \u00e8 perfetto per scoprire un oggetto che rappresenti la vostra storia d\u2019amore.<\/p><\/blockquote>\n\n\n\n<h3 class=\"has-text-align-left wp-block-heading\">La magia di un angolo nascosto<\/h3>\n\n\n\n<p class=\"has-text-align-left\">Cannaregio \u00e8 il luogo ideale per <strong>una passeggiata romantica senza meta<\/strong>, dove ogni angolo pu\u00f2 riservare una nuova scoperta. Le piccole piazze tranquille, i vicoli poco frequentati e i ponti che attraversano il canale creano un\u2019atmosfera intima e serena, dove ogni passo diventa parte della vostra storia d\u2019amore.<\/p>\n\n\n\n<blockquote class=\"wp-block-quote has-text-align-left is-layout-flow wp-block-quote-is-layout-flow\"><p class=\"\"><strong>Consiglio romantico<\/strong>: attraversate uno dei <strong>ponti di Cannaregio<\/strong> e fermatevi ad ammirare il panorama sul canale, mentre la luce del tramonto rende l\u2019acqua ancora pi\u00f9 magica.<\/p><\/blockquote>\n\n\n\n<h3 class=\"has-text-align-left wp-block-heading\">Testimonianze romantiche dalle coppie dell\u2019Arcadia<\/h3>\n\n\n\n<blockquote class=\"wp-block-quote has-text-align-left is-layout-flow wp-block-quote-is-layout-flow\"><p>\u201cCannaregio \u00e8 stato il nostro angolo segreto a Venezia. Abbiamo passato ore a passeggiare nel quartiere, fermandoci in un bacaro per un bicchiere di vino.\u201d<br>\u201cIl Ghetto Ebraico \u00e8 stato un luogo emozionante e silenzioso dove abbiamo potuto parlare e riflettere insieme.\u201d<br>\u201cLa passeggiata lungo il Canal della Misericordia al tramonto \u00e8 stata un momento di pura magia. Non avremmo potuto chiedere di pi\u00f9.\u201d<\/p><\/blockquote>\n\n\n\n<h3 class=\"has-text-align-left wp-block-heading\">Consigli dallo staff Arcadia<\/h3>\n\n\n\n<blockquote class=\"wp-block-quote has-text-align-left is-layout-flow wp-block-quote-is-layout-flow\"><p class=\"\">\u201cVisitate Cannaregio al mattino presto per godervi la <strong>calma del quartiere<\/strong> prima che arrivi la folla.\u201d<br>\u201cFermatevi in uno dei <strong>caff\u00e8 storici<\/strong> e assaporate un momento tranquillo con il vostro partner.\u201d<br>\u201cEsplorate le <strong>botteghe artigiane<\/strong> e scoprirete angoli nascosti di Venezia che non troverete nelle guide turistiche.\u201d<\/p><\/blockquote>\n\n\n\n<p class=\"has-text-align-left\"><strong>Prenota il tuo soggiorno all\u2019Arcadia Boutique Hotel<\/strong> e scopri la magia di Cannaregio, uno dei quartieri pi\u00f9 romantici di Venezia.<br>Oppure <strong><a href=\"https:\/\/hotelarcadia.net\/it\/\" data-type=\"URL\" data-id=\"https:\/\/hotelarcadia.net\/it\/\">contattaci<\/a><\/strong> per suggerimenti personalizzati sulla tua passeggiata romantica attraverso la citt\u00e0.<\/p>\n\n\n\n<hr class=\"wp-block-separator\"\/>\n","protected":false},"excerpt":{"rendered":"<p>Cannaregio \u00e8 uno dei quartieri pi\u00f9 affascinanti e autentici di Venezia, perfetto per una passeggiata romantica tra storia, tradizione e angoli nascosti. Lontano dalle folle turistiche, questo sestiere vi permette di scoprire un lato di Venezia pi\u00f9 intimo, dove le calli strette e le fondamenta tranquille si mescolano a piccoli negozi, caff\u00e8 tradizionali e palazzi [&hellip;]<\/p>\n","protected":false},"author":1,"featured_media":6335,"parent":5620,"menu_order":0,"comment_status":"closed","ping_status":"closed","template":"","meta":{"_acf_changed":false,"footnotes":""},"class_list":["post-6041","page","type-page","status-publish","has-post-thumbnail","hentry"],"acf":[],"_links":{"self":[{"href":"https:\/\/hotelarcadia.net\/it\/wp-json\/wp\/v2\/pages\/6041","targetHints":{"allow":["GET"]}}],"collection":[{"href":"https:\/\/hotelarcadia.net\/it\/wp-json\/wp\/v2\/pages"}],"about":[{"href":"https:\/\/hotelarcadia.net\/it\/wp-json\/wp\/v2\/types\/page"}],"author":[{"embeddable":true,"href":"https:\/\/hotelarcadia.net\/it\/wp-json\/wp\/v2\/users\/1"}],"replies":[{"embeddable":true,"href":"https:\/\/hotelarcadia.net\/it\/wp-json\/wp\/v2\/comments?post=6041"}],"version-history":[{"count":0,"href":"https:\/\/hotelarcadia.net\/it\/wp-json\/wp\/v2\/pages\/6041\/revisions"}],"up":[{"embeddable":true,"href":"https:\/\/hotelarcadia.net\/it\/wp-json\/wp\/v2\/pages\/5620"}],"wp:featuredmedia":[{"embeddable":true,"href":"https:\/\/hotelarcadia.net\/it\/wp-json\/wp\/v2\/media\/6335"}],"wp:attachment":[{"href":"https:\/\/hotelarcadia.net\/it\/wp-json\/wp\/v2\/media?parent=6041"}],"curies":[{"name":"wp","href":"https:\/\/api.w.org\/{rel}","templated":true}]}}