{"id":6447,"date":"2025-03-31T07:52:18","date_gmt":"2025-03-31T07:52:18","guid":{"rendered":"https:\/\/www.hotelarcadia.net\/?page_id=6447"},"modified":"2025-04-04T09:11:01","modified_gmt":"2025-04-04T09:11:01","slug":"biennale-di-venezia","status":"publish","type":"page","link":"https:\/\/hotelarcadia.net\/it\/hotel-piu-romantico-di-venezia\/biennale-di-venezia\/","title":{"rendered":"Biennale di Venezia: Un viaggio romantico nell&#8217;arte contemporanea"},"content":{"rendered":"\n<p class=\"has-text-align-left\">La <strong><a href=\"https:\/\/hotelarcadia.net\/it\/exhibition\/biennale-darte-2024-stranieri-ovunque-per-la-60esima-edizione\/\" data-type=\"URL\" data-id=\"https:\/\/hotelarcadia.net\/it\/exhibition\/biennale-darte-2024-stranieri-ovunque-per-la-60esima-edizione\/\">Biennale di Venezia<\/a><\/strong> \u00e8 una delle manifestazioni artistiche pi\u00f9 prestigiose al mondo e un&#8217;occasione unica per le coppie che vogliono vivere un&#8217;<strong>esperienza culturale<\/strong> indimenticabile. Ogni anno, centinaia di artisti e curatori internazionali si riuniscono per presentare le loro opere d&#8217;arte in una delle citt\u00e0 pi\u00f9 romantiche del mondo. La Biennale \u00e8 un&#8217;esperienza che va oltre l&#8217;arte: \u00e8 una <strong>celebrazione della creativit\u00e0<\/strong>, della <strong>passione<\/strong> e della <strong>bellezza<\/strong> che pu\u00f2 essere apprezzata ancor di pi\u00f9 in compagnia del proprio partner.<\/p>\n\n\n\n<h3 class=\"has-text-align-left wp-block-heading\">Un evento che celebra l&#8217;arte e la cultura contemporanea<\/h3>\n\n\n\n<p class=\"has-text-align-left\">La Biennale di Venezia non \u00e8 solo un&#8217;esposizione, ma una vera e propria <strong>esperienza<\/strong> <strong>immersiva<\/strong> nel mondo dell&#8217;arte contemporanea. Ogni edizione si concentra su un tema diverso e offre una visione unica delle <strong>tendenze artistiche globali<\/strong>. Passeggiando tra i padiglioni, le gallerie e i giardini, le coppie possono scoprire nuove forme d&#8217;arte, sperimentare <strong>emozioni<\/strong> e <strong>riflessioni<\/strong> insieme e lasciare che l&#8217;arte ispiri e unisca ancora di pi\u00f9 il loro legame.<\/p>\n\n\n\n<blockquote class=\"wp-block-quote has-text-align-left is-layout-flow wp-block-quote-is-layout-flow\"><p class=\"\"><strong>Consiglio romantico<\/strong>: prendetevi il tempo per esplorare il <strong>Giardino delle Nazioni<\/strong> dove ogni padiglione nazionale offre una visione unica della cultura e dell&#8217;arte. Sar\u00e0 un&#8217;esperienza che stimoler\u00e0 conversazioni interessanti e profonde.<\/p><\/blockquote>\n\n\n\n<h3 class=\"has-text-align-left wp-block-heading\">Un&#8217;arte che unisce le persone<\/h3>\n\n\n\n<p class=\"has-text-align-left\">L&#8217;arte \u00e8 sempre stata un mezzo per <strong>unire le persone<\/strong>, per evocare emozioni e stimolare la riflessione. Alla Biennale, questo avviene ogni giorno, con opere che affrontano <strong>temi universali<\/strong> come l&#8217;amore, la libert\u00e0, la societ\u00e0 e l&#8217;individualit\u00e0. Ogni opera d&#8217;arte \u00e8 un&#8217;opportunit\u00e0 per esplorare nuove idee insieme al proprio <strong>partner<\/strong>, per creare ricordi condivisi e arricchire la propria esperienza di vita. La Biennale \u00e8 una celebrazione della <strong>diversit\u00e0 culturale<\/strong> e delle <strong>emozioni<\/strong> che l&#8217;arte pu\u00f2 suscitare.<\/p>\n\n\n\n<blockquote class=\"wp-block-quote has-text-align-left is-layout-flow wp-block-quote-is-layout-flow\"><p class=\"\"><strong>Consiglio romantico<\/strong>: dopo aver visitato i padiglioni, prendetevi un momento per riflettere su ci\u00f2 che avete visto e discutere insieme le opere che vi hanno emozionato di pi\u00f9. Potrete anche scattare delle foto di coppia davanti alle opere d&#8217;arte che vi sono piaciute.<\/p><\/blockquote>\n\n\n\n<h3 class=\"has-text-align-left wp-block-heading\">Passeggiata romantica tra i padiglioni e i giardini<\/h3>\n\n\n\n<p class=\"has-text-align-left\">La Biennale di Venezia non \u00e8 solo arte: \u00e8 anche un&#8217;occasione per vivere la citt\u00e0 attraverso le sue <strong>architetture moderne<\/strong> e i suoi <strong>giardini storici<\/strong>. Passeggiare tra le opere d&#8217;arte all&#8217;aperto e i padiglioni immersi nel <strong>verde<\/strong> \u00e8 una vera e propria esperienza sensoriale. Ogni angolo dei Giardini della Biennale o dell&#8217;Arsenale offre un&#8217;opportunit\u00e0 per godersi la <strong>bellezza<\/strong> della citt\u00e0 e, allo stesso tempo, la <strong>magnificenza<\/strong> delle installazioni artistiche. Con il partner, sar\u00e0 facile lasciarsi ispirare dalla vista e immergersi completamente nell&#8217;esperienza.<\/p>\n\n\n\n<blockquote class=\"wp-block-quote has-text-align-left is-layout-flow wp-block-quote-is-layout-flow\"><p class=\"\"><strong>Consiglio romantico<\/strong>: non dimenticate di visitare il <strong>Giardino delle Viole<\/strong>, un angolo pi\u00f9 tranquillo dove potrete rilassarvi insieme e godere della bellezza della natura e dell&#8217;arte in un&#8217;atmosfera serena.<\/p><\/blockquote>\n\n\n\n<h3 class=\"has-text-align-left wp-block-heading\">Un&#8217;opportunit\u00e0 per esplorare nuovi mondi insieme<\/h3>\n\n\n\n<p class=\"has-text-align-left\">Alla Biennale di Venezia, ogni edizione \u00e8 diversa e ogni artista porta la propria <strong>visione del mondo<\/strong>. Partecipare a questa manifestazione vi permetter\u00e0 di scoprire insieme <strong>nuovi<\/strong> <strong>concetti<\/strong>, nuovi <strong>linguaggi<\/strong> e nuove <strong>emozioni<\/strong>. Sia che si tratti di arte visiva, scultura, performance o installazioni interattive, la Biennale \u00e8 un luogo dove l&#8217;arte incontra il pubblico in modo <strong>diretto<\/strong> e <strong>coinvolgente<\/strong>. Per le coppie che amano l&#8217;arte, questo \u00e8 il luogo ideale per creare nuovi ricordi e condividere un&#8217;esperienza unica.<\/p>\n\n\n\n<blockquote class=\"wp-block-quote has-text-align-left is-layout-flow wp-block-quote-is-layout-flow\"><p class=\"\"><strong>Consiglio romantico<\/strong>: scegliete un&#8217;opera d&#8217;arte che vi affascina entrambi e dedicate un momento a esplorarla in profondit\u00e0, riflettendo insieme sul messaggio che l&#8217;artista vuole trasmettere.<\/p><\/blockquote>\n\n\n\n<h3 class=\"has-text-align-left wp-block-heading\">Testimonianze romantiche delle coppie dell\u2019Arcadia<\/h3>\n\n\n\n<blockquote class=\"wp-block-quote has-text-align-left is-layout-flow wp-block-quote-is-layout-flow\"><p class=\"\">\u201cLa Biennale \u00e8 stata una delle esperienze pi\u00f9 speciali del nostro soggiorno a Venezia. Passeggiare tra le opere d&#8217;arte e discutere insieme le nostre impressioni \u00e8 stato un modo fantastico per entrare ancora di pi\u00f9 in sintonia.\u201d<br>\u201cCi siamo innamorati di un&#8217;installazione d&#8217;arte che rappresentava il concetto di amore universale. \u00c8 stato bellissimo esplorare la Biennale insieme e scoprire quante opere ci abbiano emozionato.\u201d<br>\u201cOgni angolo della Biennale ci ha sorpreso. La possibilit\u00e0 di passeggiare nei giardini e tra le installazioni ci ha regalato momenti di grande intimit\u00e0 e riflessione.\u201d<\/p><\/blockquote>\n\n\n\n<h3 class=\"has-text-align-left wp-block-heading\">Consigli dallo staff Arcadia<\/h3>\n\n\n\n<blockquote class=\"wp-block-quote has-text-align-left is-layout-flow wp-block-quote-is-layout-flow\"><p class=\"\">\u201cDurante la visita alla Biennale, prendetevi il tempo per <strong>scoprire i giardini e le sculture all&#8217;aperto<\/strong>. Le opere all&#8217;aperto sono perfette per una passeggiata romantica e per fare delle foto insieme.\u201d<br>\u201cNon dimenticate di partecipare agli <strong>eventi e alle performance<\/strong> in programma. Spesso, la Biennale organizza eventi speciali che aggiungono un tocco unico all&#8217;esperienza.\u201d<br>\u201cSe cercate un po&#8217; di relax dopo una lunga giornata, vi consiglio di fare una <strong>pausa nei caff\u00e8 storici di Venezia<\/strong> per riflettere sull&#8217;arte e godervi un momento di tranquillit\u00e0.\u201d<\/p><\/blockquote>\n\n\n\n<p class=\"has-text-align-left\"><strong>Prenota il tuo soggiorno all\u2019Arcadia Boutique Hotel<\/strong> e vivi un&#8217;esperienza unica alla <strong>Biennale di Venezia<\/strong>.<br>Oppure <strong><a href=\"https:\/\/hotelarcadia.net\/it\/\" data-type=\"URL\" data-id=\"https:\/\/hotelarcadia.net\/it\/\">contattaci<\/a><\/strong> per maggiori informazioni su come organizzare la tua visita alla Biennale.<\/p>\n","protected":false},"excerpt":{"rendered":"<p>La Biennale di Venezia \u00e8 una delle manifestazioni artistiche pi\u00f9 prestigiose al mondo e un&#8217;occasione unica per le coppie che vogliono vivere un&#8217;esperienza culturale indimenticabile. Ogni anno, centinaia di artisti e curatori internazionali si riuniscono per presentare le loro opere d&#8217;arte in una delle citt\u00e0 pi\u00f9 romantiche del mondo. La Biennale \u00e8 un&#8217;esperienza che va [&hellip;]<\/p>\n","protected":false},"author":1,"featured_media":6449,"parent":5620,"menu_order":0,"comment_status":"closed","ping_status":"closed","template":"","meta":{"_acf_changed":false,"footnotes":""},"class_list":["post-6447","page","type-page","status-publish","has-post-thumbnail","hentry"],"acf":[],"_links":{"self":[{"href":"https:\/\/hotelarcadia.net\/it\/wp-json\/wp\/v2\/pages\/6447","targetHints":{"allow":["GET"]}}],"collection":[{"href":"https:\/\/hotelarcadia.net\/it\/wp-json\/wp\/v2\/pages"}],"about":[{"href":"https:\/\/hotelarcadia.net\/it\/wp-json\/wp\/v2\/types\/page"}],"author":[{"embeddable":true,"href":"https:\/\/hotelarcadia.net\/it\/wp-json\/wp\/v2\/users\/1"}],"replies":[{"embeddable":true,"href":"https:\/\/hotelarcadia.net\/it\/wp-json\/wp\/v2\/comments?post=6447"}],"version-history":[{"count":0,"href":"https:\/\/hotelarcadia.net\/it\/wp-json\/wp\/v2\/pages\/6447\/revisions"}],"up":[{"embeddable":true,"href":"https:\/\/hotelarcadia.net\/it\/wp-json\/wp\/v2\/pages\/5620"}],"wp:featuredmedia":[{"embeddable":true,"href":"https:\/\/hotelarcadia.net\/it\/wp-json\/wp\/v2\/media\/6449"}],"wp:attachment":[{"href":"https:\/\/hotelarcadia.net\/it\/wp-json\/wp\/v2\/media?parent=6447"}],"curies":[{"name":"wp","href":"https:\/\/api.w.org\/{rel}","templated":true}]}}