{"id":8,"date":"2017-01-03T10:23:32","date_gmt":"2017-01-03T10:23:32","guid":{"rendered":"https:\/\/www.dev.hotelarcadia.net\/?page_id=8"},"modified":"2025-04-29T07:16:22","modified_gmt":"2025-04-29T07:16:22","slug":"camere","status":"publish","type":"page","link":"https:\/\/hotelarcadia.net\/it\/camere\/","title":{"rendered":"Camere"},"content":{"rendered":"<p>&#8220;L\u2019Arcadia \u00e8 un <strong>piccolo, raffinatissimo ed elegante Boutique Hotel<\/strong> incastonato nei piani nobili di un <strong>Palazzo Veneziano del XVII secolo<\/strong>.<br \/>\nIl restauro che la mia famiglia ha realizzato \u00e8 stato condotto cercando di preservare il pi\u00f9 possibile l\u2019architettura e i <strong>decori originali dell\u2019edificio<\/strong>, e portando dentro queste mura tutta la passione e l\u2019amore che abbiamo per il nostro lavoro e per questa citt\u00e0.<br \/>\nSoggiornare qui significa comprendere le origini e la storia di questo edificio e condividere la nostra missione familiare, votata all\u2019accoglienza.<br \/>\n<strong>L\u2019Arcadia Boutique per noi non \u00e8 solo un hotel, \u00e8 la nostra casa.<\/strong><br \/>\nSoggiornare qui significa anche condividere un piccolo pezzo di vita della nostra meravigliosa citt\u00e0, capendone i suoi delicati e surreali equilibri, sempre divisi tra terra, acqua ed aria.<br \/>\nLa risultante del nostro lavoro di conservazione \u00e8 uno spazio elegante e confortevole, dove antico e contemporaneo si fondono con un\u2019insolita fluidit\u00e0.&#8221;<\/p>\n<p><strong>L\u2019Arcadia Boutique Hotel ha poche camere<\/strong>, e sebbene ognuna sia diversa dall\u2019altra per misura e disposizione, ognuna di essa \u00e8 dotata delle migliori attrezzature ed accessori. Tutti scelti con una cura maniacale e con il solo ed unico desiderio di garantirti un comfort di prim\u2019ordine e un soggiorno di assoluta qualit\u00e0.<br \/>\nLa vera qualit\u00e0, cos\u00ec come il minimo dettaglio, sono per noi importanti e qui nulla \u00e8 lasciato al caso. Credici.<br \/>\nIl logo ufficiale dell\u2019Arcadia \u00e8 un arco trilobato stilizzato e rappresenta la <strong>magica fusione tra oriente ed occidente<\/strong>.<br \/>\n\u00c8 una sintesi della nostra filosofia ed \u00e8 quello che abbiamo scelto per questo piccolo hotel di charme. Potrai trovarlo in molti dei nostri decori e particolari d\u2019arredo, sia all\u2019interno delle camere che negli spazi comuni, e suggella il nostro costante impegno nel trattare con onore e rispetto ogni singola emozione che vorrai condividere qui con noi.<\/p>\n","protected":false},"excerpt":{"rendered":"<p>&#8220;L\u2019Arcadia \u00e8 un piccolo, raffinatissimo ed elegante Boutique Hotel incastonato nei piani nobili di un Palazzo Veneziano del XVII secolo. Il restauro che la mia famiglia ha realizzato \u00e8 stato condotto cercando di preservare il pi\u00f9 possibile l\u2019architettura e i decori originali dell\u2019edificio, e portando dentro queste mura tutta la passione e l\u2019amore che abbiamo [&hellip;]<\/p>\n","protected":false},"author":1,"featured_media":0,"parent":0,"menu_order":0,"comment_status":"closed","ping_status":"closed","template":"template-pages-arcadia.php","meta":{"_acf_changed":false,"footnotes":""},"class_list":["post-8","page","type-page","status-publish","hentry"],"acf":[],"_links":{"self":[{"href":"https:\/\/hotelarcadia.net\/it\/wp-json\/wp\/v2\/pages\/8","targetHints":{"allow":["GET"]}}],"collection":[{"href":"https:\/\/hotelarcadia.net\/it\/wp-json\/wp\/v2\/pages"}],"about":[{"href":"https:\/\/hotelarcadia.net\/it\/wp-json\/wp\/v2\/types\/page"}],"author":[{"embeddable":true,"href":"https:\/\/hotelarcadia.net\/it\/wp-json\/wp\/v2\/users\/1"}],"replies":[{"embeddable":true,"href":"https:\/\/hotelarcadia.net\/it\/wp-json\/wp\/v2\/comments?post=8"}],"version-history":[{"count":0,"href":"https:\/\/hotelarcadia.net\/it\/wp-json\/wp\/v2\/pages\/8\/revisions"}],"wp:attachment":[{"href":"https:\/\/hotelarcadia.net\/it\/wp-json\/wp\/v2\/media?parent=8"}],"curies":[{"name":"wp","href":"https:\/\/api.w.org\/{rel}","templated":true}]}}