{"id":8339,"date":"2025-05-19T09:24:33","date_gmt":"2025-05-19T09:24:33","guid":{"rendered":"https:\/\/hotelarcadia.net\/?page_id=8339"},"modified":"2025-07-21T10:02:54","modified_gmt":"2025-07-21T10:02:54","slug":"fuga-romantica-a-venezia","status":"publish","type":"page","link":"https:\/\/hotelarcadia.net\/it\/hotel-piu-romantico-di-venezia\/fuga-romantica-a-venezia\/","title":{"rendered":"Qual \u00e8 l&#8217;hotel Ideale per una Fuga Romantica a Venezia?"},"content":{"rendered":"\n<p class=\"\" style=\"text-align: left;\" data-start=\"265\" data-end=\"770\">Venezia \u00e8 da sempre una delle citt\u00e0 pi\u00f9 romantiche al mondo, un luogo dove la bellezza senza tempo, i canali sereni e l&#8217;atmosfera magica creano il perfetto scenario per una fuga romantica. L&#8217;<strong data-start=\"456\" data-end=\"482\">Arcadia Boutique Hotel<\/strong>, situato nel cuore di <strong data-start=\"505\" data-end=\"519\">Cannaregio<\/strong>, \u00e8 la scelta ideale per le coppie che desiderano vivere un&#8217;esperienza unica nella citt\u00e0 della Serenissima. Con la sua posizione centrale, camere eleganti e un servizio impeccabile, l&#8217;Arcadia offre l&#8217;ambiente perfetto per un soggiorno indimenticabile.<\/p>\n<h3 class=\"\" style=\"text-align: left;\" data-start=\"772\" data-end=\"819\">Un&#8217;Atmosfera Romantica nel Cuore di Venezia<\/h3>\n<p class=\"\" style=\"text-align: left;\" data-start=\"821\" data-end=\"1254\">L&#8217;<strong data-start=\"823\" data-end=\"849\">Arcadia Boutique Hotel<\/strong> \u00e8 il luogo dove l&#8217;eleganza veneziana si unisce a comfort moderni e a un&#8217;accoglienza calorosa. Il nostro hotel \u00e8 stato progettato per offrire alle coppie un&#8217;atmosfera intima e raffinata, dove ogni dettaglio \u00e8 pensato per farvi sentire a casa e coccolati. Le camere, arredate con gusto, sono perfette per un soggiorno romantico, e ogni angolo dell&#8217;hotel riflette la bellezza e l&#8217;armonia tipiche di Venezia.<\/p>\n<blockquote data-start=\"1256\" data-end=\"1479\">\n<p class=\"\" style=\"text-align: left;\" data-start=\"1258\" data-end=\"1479\"><strong data-start=\"1258\" data-end=\"1281\">Consiglio romantico<\/strong>: Prenotate una <a href=\"https:\/\/hotelarcadia.net\/it\/hotel-piu-romantico-di-venezia\/junior-suite-e-deluxe-le-camere-perfette-per-una-fuga-amore\/\"><strong data-start=\"1297\" data-end=\"1313\">Junior Suite<\/strong> o una <strong data-start=\"1320\" data-end=\"1337\">Doppia Deluxe<\/strong><\/a> per godervi un\u2019esperienza ancora pi\u00f9 esclusiva. La vista dei canali veneziani dalla vostra finestra render\u00e0 il soggiorno ancora pi\u00f9 speciale.<\/p>\n<\/blockquote>\n<h3 class=\"\" style=\"text-align: left;\" data-start=\"1481\" data-end=\"1528\">Posizione Strategica per Esplorare la Citt\u00e0<\/h3>\n<p class=\"\" style=\"text-align: left;\" data-start=\"1530\" data-end=\"1963\">L&#8217;hotel \u00e8 situato a pochi passi dal <a href=\"https:\/\/hotelarcadia.net\/it\/hotel-piu-romantico-di-venezia\/ponte-delle-guglie\/\"><strong data-start=\"1566\" data-end=\"1588\">Ponte delle Guglie<\/strong><\/a> e dal <a href=\"https:\/\/hotelarcadia.net\/it\/hotel-piu-romantico-di-venezia\/passeggiata-romantica-sul-ponte-di-rialto\/\"><strong data-start=\"1595\" data-end=\"1614\">Ponte di Rialto<\/strong><\/a>, il che lo rende perfetto per esplorare a piedi la citt\u00e0. In pochi minuti, potrete passeggiare tra i luoghi pi\u00f9 romantici di Venezia, come <a href=\"https:\/\/hotelarcadia.net\/it\/hotel-piu-romantico-di-venezia\/passeggiata-romantica-in-piazza-san-marco\/\"><strong data-start=\"1754\" data-end=\"1774\">Piazza San Marco<\/strong><\/a> e il <strong data-start=\"1780\" data-end=\"1796\">Canal Grande<\/strong>. Se preferite, la fermata del vaporetto pi\u00f9 vicina, <strong data-start=\"1849\" data-end=\"1861\">Marcuola<\/strong>, \u00e8 a soli due minuti a piedi, permettendovi di accedere facilmente ai trasporti pubblici della citt\u00e0.<\/p>\n<blockquote data-start=\"1965\" data-end=\"2211\">\n<p class=\"\" style=\"text-align: left;\" data-start=\"1967\" data-end=\"2211\"><strong data-start=\"1967\" data-end=\"1990\">Consiglio romantico<\/strong>: Godetevi una passeggiata serale mano nella mano lungo il <strong data-start=\"2049\" data-end=\"2065\">Canal Grande<\/strong> o nelle tranquille <a href=\"https:\/\/hotelarcadia.net\/it\/hotel-piu-romantico-di-venezia\/fondamenta-della-misericordia\/\"><strong data-start=\"2085\" data-end=\"2118\">Fondamenta della Misericordia<\/strong><\/a>, un angolo poco conosciuto di Venezia che offre una vista affascinante e intima della citt\u00e0.<\/p>\n<\/blockquote>\n<h3 class=\"\" style=\"text-align: left;\" data-start=\"2213\" data-end=\"2257\">Una Fuga Romantica all&#8217;Hotel Arcadia<\/h3>\n<p class=\"\" style=\"text-align: left;\" data-start=\"2259\" data-end=\"2747\">L\u2019<strong data-start=\"2261\" data-end=\"2287\">Arcadia Boutique Hotel<\/strong> \u00e8 la scelta perfetta per una fuga romantica grazie alla sua combinazione di comfort e charme. Ogni mattina, potrete iniziare la giornata con una colazione servita sotto il <strong data-start=\"2460\" data-end=\"2483\">soffitto affrescato<\/strong> della nostra sala principale, un ambiente elegante che riflette lo stile veneziano. La colazione include prelibatezze fresche e di alta qualit\u00e0, come <strong data-start=\"2634\" data-end=\"2648\">cappuccini<\/strong> e <strong data-start=\"2651\" data-end=\"2672\">dolci artigianali<\/strong>, che vi daranno la carica per un&#8217;altra giornata di esplorazioni a Venezia.<\/p>\n<blockquote data-start=\"2749\" data-end=\"2949\">\n<p class=\"\" style=\"text-align: left;\" data-start=\"2751\" data-end=\"2949\"><strong data-start=\"2751\" data-end=\"2774\">Consiglio romantico<\/strong>: Concludete la giornata con un drink nel nostro <a href=\"https:\/\/hotelarcadia.net\/it\/hotel-piu-romantico-di-venezia\/skyfall-bar\/\"><strong data-start=\"2823\" data-end=\"2838\">Skyfall Bar<\/strong><\/a>, dove potrete gustare un aperitivo mentre osservate il tramonto, circondati da un&#8217;atmosfera elegante e serena.<\/p>\n<\/blockquote>\n<h3 class=\"\" data-start=\"2951\" data-end=\"2996\">Un&#8217;Esperienza Romantica e Indimenticabile<\/h3>\n<p class=\"\" style=\"text-align: left;\" data-start=\"2998\" data-end=\"3386\">Venezia \u00e8 una citt\u00e0 che invita alla <strong data-start=\"3034\" data-end=\"3046\">scoperta<\/strong> e alla <strong data-start=\"3054\" data-end=\"3068\">meraviglia<\/strong>. Una passeggiata nei suoi vicoli, un giro in gondola al tramonto o una cena romantica in uno dei tanti ristoranti affacciati sui canali, sono esperienze che renderanno il vostro soggiorno davvero speciale. All&#8217;<strong data-start=\"3279\" data-end=\"3305\">Arcadia Boutique Hotel<\/strong>, offriamo un&#8217;ospitalit\u00e0 esclusiva per chi cerca la perfezione in ogni dettaglio.<\/p>\n<blockquote data-start=\"3388\" data-end=\"3535\">\n<p class=\"\" style=\"text-align: left;\" data-start=\"3390\" data-end=\"3535\"><strong data-start=\"3390\" data-end=\"3413\">Consiglio romantico<\/strong>: Non dimenticate di fare una <a href=\"https:\/\/hotelarcadia.net\/it\/hotel-piu-romantico-di-venezia\/passeggiata-romantica-in-gondola\/\"><strong data-start=\"3443\" data-end=\"3459\">gondola ride<\/strong><\/a> privata, per vivere l&#8217;autentica magia di Venezia in un modo intimo e unico.<\/p>\n<\/blockquote>\n<h3 class=\"\" style=\"text-align: left;\" data-start=\"3537\" data-end=\"3593\">Prenota la tua Fuga Romantica all&#8217;Hotel Arcadia<\/h3>\n<p class=\"\" style=\"text-align: left;\" data-start=\"3595\" data-end=\"3958\">Se stai cercando il luogo perfetto per una <strong data-start=\"3638\" data-end=\"3666\">fuga romantica a Venezia<\/strong>, l&#8217;<strong data-start=\"3670\" data-end=\"3696\">Arcadia Boutique Hotel<\/strong> \u00e8 la scelta ideale. Con camere eleganti, un ambiente raffinato e un servizio impeccabile, il nostro hotel ti offrir\u00e0 un&#8217;esperienza unica che rimarr\u00e0 nel cuore. Prenota oggi stesso e inizia a pianificare la tua <strong data-start=\"3907\" data-end=\"3925\">fuga romantica<\/strong> nella citt\u00e0 pi\u00f9 bella del mondo.<\/p>\n<blockquote data-start=\"3960\" data-end=\"4127\">\n<p class=\"\" style=\"text-align: left;\" data-start=\"3962\" data-end=\"4127\"><a href=\"https:\/\/hotelarcadia.net\/it\/\"><strong data-start=\"3962\" data-end=\"4022\">Prenota ora il tuo soggiorno romantico all&#8217;Hotel Arcadia<\/strong><\/a> e vivi la magia di Venezia in un\u2019atmosfera esclusiva e intima. <strong data-start=\"4086\" data-end=\"4100\">Contattaci<\/strong> per maggiori informazioni.<\/p>\n<\/blockquote>\n<h3 class=\"\" data-start=\"4134\" data-end=\"4189\">&nbsp;<\/h3>\n","protected":false},"excerpt":{"rendered":"<p>Venezia \u00e8 da sempre una delle citt\u00e0 pi\u00f9 romantiche al mondo, un luogo dove la bellezza senza tempo, i canali sereni e l&#8217;atmosfera magica creano il perfetto scenario per una fuga romantica. L&#8217;Arcadia Boutique Hotel, situato nel cuore di Cannaregio, \u00e8 la scelta ideale per le coppie che desiderano vivere un&#8217;esperienza unica nella citt\u00e0 della [&hellip;]<\/p>\n","protected":false},"author":1,"featured_media":9005,"parent":5620,"menu_order":0,"comment_status":"closed","ping_status":"closed","template":"","meta":{"_acf_changed":false,"footnotes":""},"class_list":["post-8339","page","type-page","status-publish","has-post-thumbnail","hentry"],"acf":[],"_links":{"self":[{"href":"https:\/\/hotelarcadia.net\/it\/wp-json\/wp\/v2\/pages\/8339","targetHints":{"allow":["GET"]}}],"collection":[{"href":"https:\/\/hotelarcadia.net\/it\/wp-json\/wp\/v2\/pages"}],"about":[{"href":"https:\/\/hotelarcadia.net\/it\/wp-json\/wp\/v2\/types\/page"}],"author":[{"embeddable":true,"href":"https:\/\/hotelarcadia.net\/it\/wp-json\/wp\/v2\/users\/1"}],"replies":[{"embeddable":true,"href":"https:\/\/hotelarcadia.net\/it\/wp-json\/wp\/v2\/comments?post=8339"}],"version-history":[{"count":0,"href":"https:\/\/hotelarcadia.net\/it\/wp-json\/wp\/v2\/pages\/8339\/revisions"}],"up":[{"embeddable":true,"href":"https:\/\/hotelarcadia.net\/it\/wp-json\/wp\/v2\/pages\/5620"}],"wp:featuredmedia":[{"embeddable":true,"href":"https:\/\/hotelarcadia.net\/it\/wp-json\/wp\/v2\/media\/9005"}],"wp:attachment":[{"href":"https:\/\/hotelarcadia.net\/it\/wp-json\/wp\/v2\/media?parent=8339"}],"curies":[{"name":"wp","href":"https:\/\/api.w.org\/{rel}","templated":true}]}}