{"id":8371,"date":"2025-05-19T10:59:27","date_gmt":"2025-05-19T10:59:27","guid":{"rendered":"https:\/\/hotelarcadia.net\/?page_id=8371"},"modified":"2025-07-21T11:33:42","modified_gmt":"2025-07-21T11:33:42","slug":"anniversario-a-venezia","status":"publish","type":"page","link":"https:\/\/hotelarcadia.net\/it\/hotel-piu-romantico-di-venezia\/anniversario-a-venezia\/","title":{"rendered":"Qual \u00e8 l&#8217;hotel Ideale per l&#8217;Anniversario a Venezia?"},"content":{"rendered":"\n<p class=\"\" style=\"text-align: left;\" data-start=\"218\" data-end=\"878\">Venezia \u00e8 la citt\u00e0 dell\u2019amore, e non c&#8217;\u00e8 luogo migliore per festeggiare un <strong data-start=\"293\" data-end=\"309\">anniversario<\/strong> speciale che la Serenissima. Le sue <strong data-start=\"346\" data-end=\"355\">calli<\/strong> piene di storia, i <strong data-start=\"375\" data-end=\"385\">canali<\/strong> tranquilli e l&#8217;atmosfera romantica che si respira in ogni angolo la rendono la destinazione perfetta per celebrare una data speciale con il proprio partner. L&#8217;<strong data-start=\"545\" data-end=\"571\">Arcadia Boutique Hotel<\/strong>, nel cuore del quartiere di <strong data-start=\"600\" data-end=\"614\">Cannaregio<\/strong>, \u00e8 il posto ideale dove trascorrere un <strong data-start=\"654\" data-end=\"686\">anniversario indimenticabile<\/strong>. Con la sua posizione centrale, camere eleganti e un servizio impeccabile, l&#8217;Arcadia offre tutto ci\u00f2 che una coppia potrebbe desiderare per festeggiare l&#8217;amore e la durata del proprio legame.<\/p>\n<h3 class=\"\" style=\"text-align: left;\" data-start=\"880\" data-end=\"917\">Anniversario a Venezia: un Ambiente Romantico e Raffinato<\/h3>\n<p class=\"\" style=\"text-align: left;\" data-start=\"919\" data-end=\"1531\">L\u2019<strong data-start=\"921\" data-end=\"947\">Arcadia Boutique Hotel<\/strong> si distingue per la sua atmosfera intima e romantica, che crea il perfetto rifugio per le coppie. Ogni dettaglio dell&#8217;hotel \u00e8 pensato per offrire comfort e raffinatezza. Le camere, arredate con gusto ed eleganza, sono un rifugio ideale per le coppie in cerca di intimit\u00e0 e tranquillit\u00e0. Le <a href=\"https:\/\/hotelarcadia.net\/it\/hotel-piu-romantico-di-venezia\/junior-suite-e-deluxe-le-camere-perfette-per-una-fuga-amore\/\"><strong data-start=\"1238\" data-end=\"1254\">Junior Suite<\/strong> e le <strong data-start=\"1260\" data-end=\"1277\">Camere Deluxe<\/strong><\/a> offrono ambienti spaziosi, decorati con materiali pregiati come il legno e il cotone egiziano, e dotati di tutti i comfort moderni. La qualit\u00e0 del servizio, unita all\u2019eleganza dell\u2019ambiente, render\u00e0 il vostro anniversario un&#8217;esperienza davvero speciale.<\/p>\n<blockquote data-start=\"1533\" data-end=\"1714\">\n<p class=\"\" style=\"text-align: left;\" data-start=\"1535\" data-end=\"1714\"><strong data-start=\"1535\" data-end=\"1558\">Consiglio romantico<\/strong>: Prenotate una <strong data-start=\"1574\" data-end=\"1590\">Junior Suite<\/strong> con vista sui canali di Venezia, dove potrete sorseggiare un aperitivo insieme e ammirare il tramonto sul <strong data-start=\"1697\" data-end=\"1713\">Canal Grande<\/strong>.<\/p>\n<\/blockquote>\n<h3 class=\"\" style=\"text-align: left;\" data-start=\"1716\" data-end=\"1749\">Una Colazione Indimenticabile<\/h3>\n<p class=\"\" style=\"text-align: left;\" data-start=\"1751\" data-end=\"2341\">Ogni giornata all&#8217;<strong data-start=\"1769\" data-end=\"1795\">Arcadia Boutique Hotel<\/strong> inizia con una <strong data-start=\"1811\" data-end=\"1824\">colazione<\/strong> che promette di deliziare tutti i sensi. Servita in una delle sale pi\u00f9 affascinanti dell&#8217;hotel, la colazione comprende una selezione di dolci freschi, <strong data-start=\"1976\" data-end=\"2001\">marmellate biologiche<\/strong>, <strong data-start=\"2003\" data-end=\"2020\">frutta fresca<\/strong>, <strong data-start=\"2022\" data-end=\"2030\">uova<\/strong> e il famoso <strong data-start=\"2043\" data-end=\"2067\">cappuccino veneziano<\/strong>. Iniziare la giornata con una colazione cos\u00ec ricca e gustosa \u00e8 il modo perfetto per celebrare un anniversario. Inoltre, il nostro staff si assicurer\u00e0 che ogni dettaglio sia curato, per offrirvi un servizio personalizzato che render\u00e0 il vostro soggiorno ancora pi\u00f9 speciale.<\/p>\n<blockquote data-start=\"2343\" data-end=\"2482\">\n<p class=\"\" style=\"text-align: left;\" data-start=\"2345\" data-end=\"2482\"><strong data-start=\"2345\" data-end=\"2368\">Consiglio romantico<\/strong>: Scegliete di fare colazione <strong data-start=\"2398\" data-end=\"2424\">privatamente in <a href=\"https:\/\/hotelarcadia.net\/it\/hotel-piu-romantico-di-venezia\/junior-suite-e-deluxe-le-camere-perfette-per-una-fuga-amore\/\">camera<\/a><\/strong>, per un inizio di giornata ancora pi\u00f9 intimo e rilassato.<\/p>\n<\/blockquote>\n<h3 class=\"\" style=\"text-align: left;\" data-start=\"2484\" data-end=\"2530\">La Location Perfetta per Esplorare Venezia<\/h3>\n<p class=\"\" style=\"text-align: left;\" data-start=\"2532\" data-end=\"3025\">L&#8217;<strong data-start=\"2534\" data-end=\"2560\">Arcadia Boutique Hotel<\/strong> \u00e8 situato a pochi passi da alcuni dei luoghi pi\u00f9 romantici e iconici di Venezia. Il <a href=\"https:\/\/hotelarcadia.net\/it\/hotel-piu-romantico-di-venezia\/passeggiata-romantica-sul-ponte-di-rialto\/\"><strong data-start=\"2645\" data-end=\"2664\">Ponte di Rialto<\/strong><\/a>, <a href=\"https:\/\/hotelarcadia.net\/it\/hotel-piu-romantico-di-venezia\/passeggiata-romantica-in-piazza-san-marco\/\"><strong data-start=\"2666\" data-end=\"2686\">Piazza San Marco<\/strong><\/a> e il <strong data-start=\"2692\" data-end=\"2708\">Canal Grande<\/strong> sono tutti facilmente raggiungibili a piedi, permettendo alle coppie di esplorare la citt\u00e0 e scoprire angoli nascosti che solo i veneziani conoscono. La <strong data-start=\"2862\" data-end=\"2884\">zona di Cannaregio<\/strong>, dove si trova l\u2019hotel, \u00e8 perfetta per passeggiate romantiche lontane dalla folla, dove poter godere della bellezza autentica della citt\u00e0.<\/p>\n<blockquote data-start=\"3027\" data-end=\"3223\">\n<p class=\"\" style=\"text-align: left;\" data-start=\"3029\" data-end=\"3223\"><strong data-start=\"3029\" data-end=\"3052\">Consiglio romantico<\/strong>: Passeggiate mano nella mano attraverso le <a href=\"https:\/\/hotelarcadia.net\/it\/hotel-piu-romantico-di-venezia\/fondamenta-della-misericordia\/\"><strong data-start=\"3096\" data-end=\"3129\">Fondamenta della Misericordia<\/strong><\/a>, un&#8217;area tranquilla e affascinante di Venezia, perfetta per scattare foto romantiche insieme.<\/p>\n<\/blockquote>\n<h3 class=\"\" style=\"text-align: left;\" data-start=\"3225\" data-end=\"3272\">Un Soggiorno Indimenticabile allo Skyfall Bar<\/h3>\n<p class=\"\" style=\"text-align: left;\" data-start=\"3274\" data-end=\"3706\">Dopo una giornata di esplorazioni o una visita ai luoghi pi\u00f9 suggestivi di Venezia, <a href=\"https:\/\/hotelarcadia.net\/it\/hotel-piu-romantico-di-venezia\/skyfall-bar\/\"><strong data-start=\"3358\" data-end=\"3373\">Skyfall Bar<\/strong><\/a> dell\u2019hotel \u00e8 il luogo ideale per rilassarsi e godere di un momento intimo. Con la sua atmosfera elegante e raffinata, il bar offre una selezione di aperitivi, cocktail e tisane da gustare mentre si ammira la vista panoramica sulla citt\u00e0. \u00c8 il posto perfetto per un brindisi romantico, per celebrare l\u2019amore e il vostro anniversario.<\/p>\n<blockquote data-start=\"3708\" data-end=\"3867\">\n<p class=\"\" style=\"text-align: left;\" data-start=\"3710\" data-end=\"3867\"><strong data-start=\"3710\" data-end=\"3733\">Consiglio romantico<\/strong>: Prenotate un <strong data-start=\"3748\" data-end=\"3775\">cocktail personalizzato<\/strong> per il vostro anniversario e godetevi una vista unica di Venezia dalla terrazza dell&#8217;hotel.<\/p>\n<\/blockquote>\n<h3 class=\"\" style=\"text-align: left;\" data-start=\"3869\" data-end=\"3908\">Anniversario a Venezia: un&#8217;Esperienza Romantica Inimitabile<\/h3>\n<p class=\"\" style=\"text-align: left;\" data-start=\"3910\" data-end=\"4470\">Venezia \u00e8 una citt\u00e0 che emana romanticismo da ogni angolo. Una cena a lume di candela in uno dei ristoranti sul <strong data-start=\"4022\" data-end=\"4038\">Canal Grande<\/strong>, un giro in <a href=\"https:\/\/hotelarcadia.net\/it\/hotel-piu-romantico-di-venezia\/passeggiata-romantica-in-gondola\/\"><strong data-start=\"4051\" data-end=\"4062\">gondola<\/strong><\/a> sotto le stelle o una passeggiata nei <strong data-start=\"4101\" data-end=\"4128\">giardini della Biennale<\/strong> sono esperienze che renderanno il vostro anniversario davvero indimenticabile. L\u2019<strong data-start=\"4210\" data-end=\"4236\">Arcadia Boutique Hotel<\/strong> offre l\u2019ambiente perfetto per completare questo viaggio romantico. Con il suo stile unico, il servizio esclusivo e l&#8217;atmosfera raffinata, ogni coppia trover\u00e0 il modo di celebrare l&#8217;amore e di rendere il proprio anniversario speciale.<\/p>\n<blockquote data-start=\"4472\" data-end=\"4652\">\n<p class=\"\" style=\"text-align: left;\" data-start=\"4474\" data-end=\"4652\"><strong data-start=\"4474\" data-end=\"4497\">Consiglio romantico<\/strong>: Concludete la giornata con una <strong data-start=\"4530\" data-end=\"4554\">gondola ride privata<\/strong> al tramonto, un&#8217;esperienza che vi lascer\u00e0 senza parole e che rimarr\u00e0 per sempre nei vostri cuori.<\/p>\n<\/blockquote>\n<h3 class=\"\" style=\"text-align: left;\" data-start=\"4654\" data-end=\"4718\">Prenota il Tuo Soggiorno per un Anniversario Indimenticabile<\/h3>\n<p class=\"\" style=\"text-align: left;\" data-start=\"4720\" data-end=\"5117\">Se stai cercando il luogo ideale per celebrare il tuo anniversario a Venezia, l\u2019<strong data-start=\"4800\" data-end=\"4826\">Arcadia Boutique Hotel<\/strong> \u00e8 la scelta perfetta. Con la sua <strong data-start=\"4860\" data-end=\"4882\">posizione centrale<\/strong>, le camere eleganti e il servizio impeccabile, l&#8217;hotel offrir\u00e0 un&#8217;esperienza esclusiva che render\u00e0 ogni momento speciale. Prenota oggi stesso e inizia a pianificare il tuo anniversario romantico nella citt\u00e0 pi\u00f9 affascinante del mondo.<\/p>\n<blockquote data-start=\"5119\" data-end=\"5291\">\n<p class=\"\" style=\"text-align: left;\" data-start=\"5121\" data-end=\"5291\"><a href=\"https:\/\/hotelarcadia.net\/it\/\"><strong data-start=\"5121\" data-end=\"5181\">Prenota ora il tuo soggiorno romantico all&#8217;Hotel Arcadia<\/strong><\/a> e festeggia il tuo anniversario in un\u2019atmosfera esclusiva e intima. <strong data-start=\"5250\" data-end=\"5264\">Contattaci<\/strong> per maggiori informazioni.<\/p>\n<\/blockquote>\n","protected":false},"excerpt":{"rendered":"<p>Venezia \u00e8 la citt\u00e0 dell\u2019amore, e non c&#8217;\u00e8 luogo migliore per festeggiare un anniversario speciale che la Serenissima. Le sue calli piene di storia, i canali tranquilli e l&#8217;atmosfera romantica che si respira in ogni angolo la rendono la destinazione perfetta per celebrare una data speciale con il proprio partner. L&#8217;Arcadia Boutique Hotel, nel cuore [&hellip;]<\/p>\n","protected":false},"author":1,"featured_media":9023,"parent":5620,"menu_order":0,"comment_status":"closed","ping_status":"closed","template":"","meta":{"_acf_changed":false,"footnotes":""},"class_list":["post-8371","page","type-page","status-publish","has-post-thumbnail","hentry"],"acf":[],"_links":{"self":[{"href":"https:\/\/hotelarcadia.net\/it\/wp-json\/wp\/v2\/pages\/8371","targetHints":{"allow":["GET"]}}],"collection":[{"href":"https:\/\/hotelarcadia.net\/it\/wp-json\/wp\/v2\/pages"}],"about":[{"href":"https:\/\/hotelarcadia.net\/it\/wp-json\/wp\/v2\/types\/page"}],"author":[{"embeddable":true,"href":"https:\/\/hotelarcadia.net\/it\/wp-json\/wp\/v2\/users\/1"}],"replies":[{"embeddable":true,"href":"https:\/\/hotelarcadia.net\/it\/wp-json\/wp\/v2\/comments?post=8371"}],"version-history":[{"count":0,"href":"https:\/\/hotelarcadia.net\/it\/wp-json\/wp\/v2\/pages\/8371\/revisions"}],"up":[{"embeddable":true,"href":"https:\/\/hotelarcadia.net\/it\/wp-json\/wp\/v2\/pages\/5620"}],"wp:featuredmedia":[{"embeddable":true,"href":"https:\/\/hotelarcadia.net\/it\/wp-json\/wp\/v2\/media\/9023"}],"wp:attachment":[{"href":"https:\/\/hotelarcadia.net\/it\/wp-json\/wp\/v2\/media?parent=8371"}],"curies":[{"name":"wp","href":"https:\/\/api.w.org\/{rel}","templated":true}]}}