{"id":8488,"date":"2025-05-20T09:28:00","date_gmt":"2025-05-20T09:28:00","guid":{"rendered":"https:\/\/hotelarcadia.net\/?page_id=8488"},"modified":"2025-07-18T08:09:15","modified_gmt":"2025-07-18T08:09:15","slug":"hotel-ideale-per-un-weekend-romantico-a-venezia","status":"publish","type":"page","link":"https:\/\/hotelarcadia.net\/it\/hotel-piu-romantico-di-venezia\/hotel-ideale-per-un-weekend-romantico-a-venezia\/","title":{"rendered":"Qual \u00e8 l&#8217;hotel Ideale per un Weekend Romantico a Venezia?"},"content":{"rendered":"\n<p class=\"\" style=\"text-align: left;\" data-start=\"147\" data-end=\"852\">Venezia \u00e8 una delle destinazioni pi\u00f9 romantiche al mondo, una citt\u00e0 che ha ispirato poeti, artisti e innamorati per secoli. Con i suoi canali sereni, le sue piazze affascinanti e l&#8217;atmosfera unica che permea ogni angolo della citt\u00e0, Venezia \u00e8 la meta ideale per un <strong data-start=\"412\" data-end=\"433\">weekend romantico<\/strong>. Che si tratti di una passeggiata mano nella mano lungo il <strong data-start=\"493\" data-end=\"509\">Canal Grande<\/strong>, di una cena a lume di candela in un ristorante affacciato sul mare, o di un giro in <strong data-start=\"595\" data-end=\"606\">gondola<\/strong> al tramonto, Venezia offre innumerevoli opportunit\u00e0 per vivere momenti speciali con il proprio partner. L\u2019<strong data-start=\"713\" data-end=\"739\">Arcadia Boutique Hotel<\/strong>, situato nel cuore di <strong data-start=\"762\" data-end=\"776\">Cannaregio<\/strong>, \u00e8 il punto di partenza perfetto per il vostro weekend romantico a Venezia.<\/p>\n<h3 class=\"\" style=\"text-align: left;\" data-start=\"854\" data-end=\"912\">Una Posizione Centrale e Ideale per Esplorare la Citt\u00e0<\/h3>\n<p class=\"\" style=\"text-align: left;\" data-start=\"914\" data-end=\"1486\">L&#8217;<strong data-start=\"916\" data-end=\"942\">Arcadia Boutique Hotel<\/strong> \u00e8 situato in una posizione strategica, a pochi passi dal <a href=\"https:\/\/hotelarcadia.net\/it\/hotel-piu-romantico-di-venezia\/ponte-delle-guglie\/\"><strong data-start=\"1000\" data-end=\"1022\">Ponte delle Guglie<\/strong><\/a> e dal <a href=\"https:\/\/hotelarcadia.net\/it\/hotel-piu-romantico-di-venezia\/passeggiata-romantica-sul-ponte-di-rialto\/\"><strong data-start=\"1029\" data-end=\"1048\">Ponte di Rialto<\/strong><\/a>, in una delle zone pi\u00f9 autentiche di Venezia. La sua posizione centrale permette di esplorare facilmente i luoghi pi\u00f9 iconici della citt\u00e0, come <a href=\"https:\/\/hotelarcadia.net\/it\/hotel-piu-romantico-di-venezia\/passeggiata-romantica-in-piazza-san-marco\/\"><strong data-start=\"1193\" data-end=\"1213\">Piazza San Marco<\/strong><\/a>, il <strong data-start=\"1218\" data-end=\"1236\">Palazzo Ducale<\/strong>, e il <strong data-start=\"1243\" data-end=\"1259\">Canal Grande<\/strong>, tutti raggiungibili a piedi in pochi minuti. Dopo una giornata di visite turistiche, l\u2019hotel offre un rifugio tranquillo e romantico dove le coppie possono rilassarsi e godere della bellezza di Venezia in un\u2019atmosfera serena.<\/p>\n<blockquote data-start=\"1488\" data-end=\"1698\">\n<p class=\"\" style=\"text-align: left;\" data-start=\"1490\" data-end=\"1698\"><strong data-start=\"1490\" data-end=\"1513\">Consiglio romantico<\/strong>: Passeggiate lungo le <a href=\"https:\/\/hotelarcadia.net\/it\/hotel-piu-romantico-di-venezia\/fondamenta-della-misericordia\/\"><strong data-start=\"1536\" data-end=\"1569\">Fondamenta della Misericordia<\/strong><\/a>, un angolo tranquillo di Venezia, lontano dalla folla, e fermatevi in un piccolo caff\u00e8 per gustare una cioccolata calda insieme.<\/p>\n<\/blockquote>\n<h3 class=\"\" style=\"text-align: left;\" data-start=\"1700\" data-end=\"1761\">Camere Eleganti per un Soggiorno Confortevole e Romantico<\/h3>\n<p class=\"\" style=\"text-align: left;\" data-start=\"1763\" data-end=\"2347\">Le camere dell&#8217;<strong data-start=\"1778\" data-end=\"1804\">Arcadia Boutique Hotel<\/strong> sono progettate per offrire il massimo comfort e un&#8217;atmosfera romantica. Ogni camera \u00e8 unica e arredata con eleganza, utilizzando materiali pregiati come il <strong data-start=\"1962\" data-end=\"1971\">legno<\/strong> e il <strong data-start=\"1977\" data-end=\"1996\">cotone egiziano<\/strong>. Le <a href=\"https:\/\/hotelarcadia.net\/it\/hotel-piu-romantico-di-venezia\/junior-suite-e-deluxe-le-camere-perfette-per-una-fuga-amore\/\"><strong data-start=\"2001\" data-end=\"2017\">Junior Suite<\/strong> e le <strong data-start=\"2023\" data-end=\"2040\">Camere Deluxe<\/strong><\/a> offrono ampi spazi dove le coppie possono godersi la privacy e il comfort, mentre la vista sui canali di Venezia aggiunge un tocco romantico in pi\u00f9. Ogni dettaglio, dai letti confortevoli agli esclusivi prodotti per il corpo <strong data-start=\"2266\" data-end=\"2285\">Roberto Cavalli<\/strong>, \u00e8 pensato per garantire un soggiorno esclusivo e rilassante.<\/p>\n<blockquote data-start=\"2349\" data-end=\"2517\">\n<p class=\"\" style=\"text-align: left;\" data-start=\"2351\" data-end=\"2517\"><strong data-start=\"2351\" data-end=\"2374\">Consiglio romantico<\/strong>: Prenotate una <strong data-start=\"2390\" data-end=\"2406\">Junior Suite<\/strong> con vista sul canale e svegliatevi ogni mattina con la vista mozzafiato di Venezia che si riflette nell\u2019acqua.<\/p>\n<\/blockquote>\n<h3 class=\"\" style=\"text-align: left;\" data-start=\"2519\" data-end=\"2584\">Un&#8217;Esperienza Gastronomica Unica per il Tuo Weekend Romantico<\/h3>\n<p class=\"\" style=\"text-align: left;\" data-start=\"2586\" data-end=\"3187\">Inizia la giornata con una colazione indimenticabile, servita nel nostro elegante salone con il <strong data-start=\"2682\" data-end=\"2715\">lampadario in vetro di Murano<\/strong> che sovrasta il tavolo. La nostra colazione include una selezione di <strong data-start=\"2785\" data-end=\"2806\">dolci artigianali<\/strong>, <strong data-start=\"2808\" data-end=\"2833\">marmellate biologiche<\/strong>, <strong data-start=\"2835\" data-end=\"2851\">uova fresche<\/strong> e <strong data-start=\"2854\" data-end=\"2868\">cappuccini<\/strong>, il tutto preparato con ingredienti freschi e di alta qualit\u00e0. Una colazione ideale per dare il via a una giornata di esplorazione nella citt\u00e0 di Venezia. Per chi desidera un&#8217;esperienza pi\u00f9 intima, la <strong data-start=\"3070\" data-end=\"3093\">colazione in camera<\/strong> \u00e8 disponibile, permettendo alle coppie di godere di un risveglio sereno nella propria stanza.<\/p>\n<blockquote data-start=\"3189\" data-end=\"3390\">\n<p class=\"\" style=\"text-align: left;\" data-start=\"3191\" data-end=\"3390\"><strong data-start=\"3191\" data-end=\"3214\">Consiglio romantico<\/strong>: Per un&#8217;esperienza ancora pi\u00f9 esclusiva, prenotate la <a href=\"https:\/\/hotelarcadia.net\/it\/hotel-piu-romantico-di-venezia\/coccole-firmate-arcadia\/\"><strong data-start=\"3269\" data-end=\"3292\">colazione in camera<\/strong><\/a> e godetevi un momento romantico, lontani dalla confusione, circondati dalla bellezza della citt\u00e0.<\/p>\n<\/blockquote>\n<h3 class=\"\" style=\"text-align: left;\" data-start=\"3392\" data-end=\"3428\">Relax e Benessere al Skyfall Bar<\/h3>\n<p class=\"\" style=\"text-align: left;\" data-start=\"3430\" data-end=\"3899\">Per completare il vostro weekend romantico, lo <a href=\"https:\/\/hotelarcadia.net\/it\/hotel-piu-romantico-di-venezia\/skyfall-bar\/\"><strong data-start=\"3477\" data-end=\"3492\">Skyfall Bar<\/strong><\/a> dell&#8217;hotel \u00e8 il posto perfetto per rilassarsi con un drink mentre ammirate la vista su Venezia. Con la sua atmosfera elegante e tranquilla, \u00e8 il luogo ideale per sorseggiare un <strong data-start=\"3670\" data-end=\"3682\">cocktail<\/strong> preparato su misura o una <strong data-start=\"3709\" data-end=\"3730\">tisane rilassante<\/strong> mentre vi godete la serata. Il bar \u00e8 anche un&#8217;ottima scelta per un brindisi speciale con il proprio partner, celebrando l&#8217;amore e la magia che solo Venezia pu\u00f2 offrire.<\/p>\n<blockquote data-start=\"3901\" data-end=\"4079\">\n<p class=\"\" style=\"text-align: left;\" data-start=\"3903\" data-end=\"4079\"><strong data-start=\"3903\" data-end=\"3926\">Consiglio romantico<\/strong>: Approfittate di una serata speciale con un <strong data-start=\"3971\" data-end=\"3998\">cocktail personalizzato<\/strong> al <strong data-start=\"4002\" data-end=\"4017\">Skyfall Bar<\/strong>, mentre osservate il tramonto e ammirate la citt\u00e0 illuminata.<\/p>\n<\/blockquote>\n<h3 class=\"\" style=\"text-align: left;\" data-start=\"4081\" data-end=\"4121\">Un Weekend Romantico Indimenticabile<\/h3>\n<p class=\"\" style=\"text-align: left;\" data-start=\"4123\" data-end=\"4646\">Venezia \u00e8 una citt\u00e0 che ispira l&#8217;amore e la magia. Ogni angolo della citt\u00e0, dai suoi <strong data-start=\"4208\" data-end=\"4225\">ponti storici<\/strong> ai suoi <strong data-start=\"4234\" data-end=\"4255\">giardini nascosti<\/strong>, \u00e8 un luogo perfetto per scoprire l\u2019autentica bellezza di questa citt\u00e0 unica. L\u2019<strong data-start=\"4336\" data-end=\"4362\">Arcadia Boutique Hotel<\/strong> offre il comfort e l\u2019eleganza per completare un weekend romantico da sogno, garantendo un&#8217;esperienza esclusiva. Dopo una giornata di esplorazioni, tornate nel cuore di Venezia e rilassatevi nel nostro hotel, dove l&#8217;ospitalit\u00e0 e il servizio sono pensati per farvi sentire come a casa.<\/p>\n<blockquote data-start=\"4648\" data-end=\"4819\">\n<p class=\"\" style=\"text-align: left;\" data-start=\"4650\" data-end=\"4819\"><strong data-start=\"4650\" data-end=\"4673\">Consiglio romantico<\/strong>: Non perdere l\u2019occasione di fare un <strong data-start=\"4710\" data-end=\"4729\">giro in <a href=\"https:\/\/hotelarcadia.net\/it\/hotel-piu-romantico-di-venezia\/passeggiata-romantica-in-gondola\/\">gondola<\/a><\/strong> al tramonto, un&#8217;esperienza romantica che render\u00e0 il vostro soggiorno ancora pi\u00f9 speciale.<\/p>\n<\/blockquote>\n<h3 class=\"\" style=\"text-align: left;\" data-start=\"4821\" data-end=\"4875\">Prenota il Tuo Weekend Romantico all&#8217;Hotel Arcadia<\/h3>\n<p class=\"\" style=\"text-align: left;\" data-start=\"4877\" data-end=\"5239\">Se desiderate un <strong data-start=\"4894\" data-end=\"4915\">weekend romantico<\/strong> indimenticabile a Venezia, l&#8217;<strong data-start=\"4945\" data-end=\"4971\">Arcadia Boutique Hotel<\/strong> \u00e8 la scelta perfetta. Con la sua <strong data-start=\"5005\" data-end=\"5027\">posizione centrale<\/strong>, le camere eleganti, e un servizio impeccabile, l\u2019hotel \u00e8 l\u2019ideale per una fuga romantica nella citt\u00e0 pi\u00f9 affascinante del mondo. Prenotate oggi stesso e iniziate a pianificare la vostra <a href=\"https:\/\/hotelarcadia.net\/it\/hotel-piu-romantico-di-venezia\/fuga-romantica-a-venezia\/\"><strong data-start=\"5215\" data-end=\"5238\">fuga romantica<\/strong><\/a>.<\/p>\n<blockquote data-start=\"5241\" data-end=\"5369\">\n<p class=\"\" style=\"text-align: left;\" data-start=\"5243\" data-end=\"5369\"><a href=\"https:\/\/hotelarcadia.net\/it\/\"><strong data-start=\"5243\" data-end=\"5303\">Prenota ora il tuo soggiorno romantico all&#8217;Hotel Arcadia<\/strong><\/a> e vivi la magia di Venezia. <strong data-start=\"5332\" data-end=\"5346\">Contattaci<\/strong> per maggiori dettagli.<\/p>\n<\/blockquote>\n\n\n","protected":false},"excerpt":{"rendered":"<p>Venezia \u00e8 una delle destinazioni pi\u00f9 romantiche al mondo, una citt\u00e0 che ha ispirato poeti, artisti e innamorati per secoli. Con i suoi canali sereni, le sue piazze affascinanti e l&#8217;atmosfera unica che permea ogni angolo della citt\u00e0, Venezia \u00e8 la meta ideale per un weekend romantico. Che si tratti di una passeggiata mano nella [&hellip;]<\/p>\n","protected":false},"author":1,"featured_media":8489,"parent":5620,"menu_order":0,"comment_status":"closed","ping_status":"closed","template":"","meta":{"_acf_changed":false,"footnotes":""},"class_list":["post-8488","page","type-page","status-publish","has-post-thumbnail","hentry"],"acf":[],"_links":{"self":[{"href":"https:\/\/hotelarcadia.net\/it\/wp-json\/wp\/v2\/pages\/8488","targetHints":{"allow":["GET"]}}],"collection":[{"href":"https:\/\/hotelarcadia.net\/it\/wp-json\/wp\/v2\/pages"}],"about":[{"href":"https:\/\/hotelarcadia.net\/it\/wp-json\/wp\/v2\/types\/page"}],"author":[{"embeddable":true,"href":"https:\/\/hotelarcadia.net\/it\/wp-json\/wp\/v2\/users\/1"}],"replies":[{"embeddable":true,"href":"https:\/\/hotelarcadia.net\/it\/wp-json\/wp\/v2\/comments?post=8488"}],"version-history":[{"count":0,"href":"https:\/\/hotelarcadia.net\/it\/wp-json\/wp\/v2\/pages\/8488\/revisions"}],"up":[{"embeddable":true,"href":"https:\/\/hotelarcadia.net\/it\/wp-json\/wp\/v2\/pages\/5620"}],"wp:featuredmedia":[{"embeddable":true,"href":"https:\/\/hotelarcadia.net\/it\/wp-json\/wp\/v2\/media\/8489"}],"wp:attachment":[{"href":"https:\/\/hotelarcadia.net\/it\/wp-json\/wp\/v2\/media?parent=8488"}],"curies":[{"name":"wp","href":"https:\/\/api.w.org\/{rel}","templated":true}]}}