{"id":9043,"date":"2025-08-06T13:41:52","date_gmt":"2025-08-06T13:41:52","guid":{"rendered":"https:\/\/hotelarcadia.net\/?page_id=9043"},"modified":"2025-08-06T13:41:53","modified_gmt":"2025-08-06T13:41:53","slug":"miglior-prezzo-garantito","status":"publish","type":"page","link":"https:\/\/hotelarcadia.net\/it\/miglior-prezzo-garantito\/","title":{"rendered":"Il Tuo Soggiorno Perfetto a Venezia Inizia Qui: Prenota Direttamente e Scopri il Miglior Prezzo Garantito all&#8217;Hotel Arcadia"},"content":{"rendered":"\n<p style=\"text-align: left;\">Benvenuti all&#8217;Hotel Arcadia Venezia, un gioiello di ospitalit\u00e0 incastonato nel cuore pulsante di Cannaregio, all&#8217;interno di un palazzo del XVII secolo meticolosamente restaurato. La nostra missione \u00e8 trasformare ogni soggiorno in un&#8217;esperienza indimenticabile, fatta di eleganza, comfort e un servizio impeccabile. Per assicurarti il massimo valore e la tranquillit\u00e0 assoluta, ti invitiamo a scoprire perch\u00e9 la prenotazione diretta sul nostro sito ufficiale \u00e8 sempre la scelta pi\u00f9 vantaggiosa.<\/p>\n<p style=\"text-align: left;\"><b>Perch\u00e9 Prenotare Direttamente su hotelarcadia.net?<\/b><\/p>\n<p style=\"text-align: left;\">All&#8217;Hotel Arcadia Venezia, crediamo che la trasparenza e i benefici tangibili debbano essere al centro della tua esperienza di prenotazione. Ecco i vantaggi esclusivi che ti attendono quando scegli di prenotare direttamente con noi:<\/p>\n<ul style=\"text-align: left;\">\n<li>\n<p><b>Miglior Prezzo Garantito:<\/b> Ci impegniamo a offrirti la tariffa pi\u00f9 competitiva disponibile per le nostre raffinate camere e suite. Se, per qualsiasi motivo, dovessi trovare un prezzo inferiore altrove per le stesse date e condizioni, ti preghiamo di contattarci. Non solo lo eguaglieremo, ma faremo del nostro meglio per superarlo, garantendoti il massimo risparmio.<\/p>\n<\/li>\n<li>\n<p><b>Offerte e Pacchetti Esclusivi:<\/b> Il nostro sito ufficiale \u00e8 la tua porta d&#8217;accesso a promozioni uniche e pacchetti speciali, pensati per arricchire il tuo soggiorno a Venezia. Queste offerte non sono disponibili su nessun&#8217;altra piattaforma e sono create per offrirti un valore aggiunto inestimabile. Attualmente, puoi approfittare della nostra <b>Offerta Prenotazione Anticipata<\/b>, ideale per soggiorni di almeno 3 notti con prenotazione effettuata 60 giorni prima, valida per le categorie Double Deluxe e Junior Suite. Inoltre, per le coppie, la nostra offerta &#8220;I Love You \u2013 Romantic Getaway in Venice&#8221; promette una fuga sensuale e indimenticabile. Come amiamo dire: &#8220;Prenotare con noi conviene se lo fai in anticipo!&#8221;.<span class=\"button-container hide-from-message-actions ng-star-inserted\">&nbsp; &nbsp;<\/span><\/p>\n<\/li>\n<li>\n<p><b>Flessibilit\u00e0 Senza Precedenti:<\/b> Comprendiamo che i piani di viaggio possono cambiare. Per questo, le prenotazioni dirette godono di condizioni di cancellazione e modifica pi\u00f9 flessibili, offrendoti una maggiore serenit\u00e0 e controllo sul tuo viaggio.<\/p>\n<\/li>\n<li>\n<p><b>Servizio Personalizzato e Prioritario:<\/b> Il nostro team dedicato \u00e8 a tua completa disposizione per assisterti in ogni fase, dalla prenotazione al check-out. Senza intermediari, possiamo offrirti un&#8217;attenzione pi\u00f9 diretta e personalizzata, rispondendo prontamente a ogni tua esigenza o richiesta speciale.<\/p>\n<\/li>\n<li>\n<p><b>Vantaggi Esclusivi e Upgrade:<\/b> I nostri ospiti che prenotano direttamente sono spesso i primi a beneficiare di attenzioni speciali, come potenziali upgrade di camera gratuiti (soggetti a disponibilit\u00e0) o servizi aggiuntivi che renderanno il tuo soggiorno ancora pi\u00f9 memorabile.<\/p>\n<\/li>\n<li>\n<p><b>Trasparenza Totale:<\/b> Nessun costo nascosto, nessuna commissione inattesa. Il prezzo che vedi \u00e8 il prezzo che paghi, garantendoti la massima chiarezza fin dal primo momento.<\/p>\n<\/li>\n<\/ul>\n<p style=\"text-align: left;\"><b>Il Nostro Impegno per il Tuo Valore:<\/b><\/p>\n<p style=\"text-align: left;\">L&#8217;Hotel Arcadia Venezia \u00e8 costantemente elogiato dai nostri ospiti per l&#8217;eccellente &#8220;rapporto qualit\u00e0\/prezzo&#8221;. Questa reputazione \u00e8 il risultato del nostro impegno nel fornire un&#8217;esperienza di alta qualit\u00e0, con camere eleganti, pulizia impeccabile, una posizione strategica vicino alla stazione ferroviaria principale e un personale attento e professionale che si dedica a farti sentire coccolato. Prenotando direttamente, non solo ti assicuri il miglior prezzo, ma rafforzi anche il nostro impegno a offrirti un&#8217;esperienza veneziana autentica e di valore ineguagliabile.<span class=\"button-container hide-from-message-actions ng-star-inserted\"> &nbsp;<\/span><\/p>\n<p style=\"text-align: left;\"><b>Inizia il Tuo Viaggio a Venezia con il Vantaggio della Prenotazione Diretta.<\/b><\/p>\n<p style=\"text-align: left;\">Non lasciare che intermediari si frappongano tra te e il tuo soggiorno perfetto a Venezia. Scegli la convenienza, la flessibilit\u00e0 e i vantaggi esclusivi.<\/p>\n<p style=\"text-align: left;\"><a href=\"https:\/\/www.simplebooking.it\/ibe\/hotelbooking\/search?hid=2856&amp;lang=IT\" target=\"_blank\" rel=\"noopener\"><b>Prenota Ora sul Nostro Sito Ufficiale<\/b><\/a><\/p>\n","protected":false},"excerpt":{"rendered":"<p>Benvenuti all&#8217;Hotel Arcadia Venezia, un gioiello di ospitalit\u00e0 incastonato nel cuore pulsante di Cannaregio, all&#8217;interno di un palazzo del XVII secolo meticolosamente restaurato. La nostra missione \u00e8 trasformare ogni soggiorno in un&#8217;esperienza indimenticabile, fatta di eleganza, comfort e un servizio impeccabile. Per assicurarti il massimo valore e la tranquillit\u00e0 assoluta, ti invitiamo a scoprire perch\u00e9 [&hellip;]<\/p>\n","protected":false},"author":1,"featured_media":9069,"parent":0,"menu_order":0,"comment_status":"closed","ping_status":"closed","template":"","meta":{"_acf_changed":false,"footnotes":""},"class_list":["post-9043","page","type-page","status-publish","has-post-thumbnail","hentry"],"acf":[],"_links":{"self":[{"href":"https:\/\/hotelarcadia.net\/it\/wp-json\/wp\/v2\/pages\/9043","targetHints":{"allow":["GET"]}}],"collection":[{"href":"https:\/\/hotelarcadia.net\/it\/wp-json\/wp\/v2\/pages"}],"about":[{"href":"https:\/\/hotelarcadia.net\/it\/wp-json\/wp\/v2\/types\/page"}],"author":[{"embeddable":true,"href":"https:\/\/hotelarcadia.net\/it\/wp-json\/wp\/v2\/users\/1"}],"replies":[{"embeddable":true,"href":"https:\/\/hotelarcadia.net\/it\/wp-json\/wp\/v2\/comments?post=9043"}],"version-history":[{"count":0,"href":"https:\/\/hotelarcadia.net\/it\/wp-json\/wp\/v2\/pages\/9043\/revisions"}],"wp:featuredmedia":[{"embeddable":true,"href":"https:\/\/hotelarcadia.net\/it\/wp-json\/wp\/v2\/media\/9069"}],"wp:attachment":[{"href":"https:\/\/hotelarcadia.net\/it\/wp-json\/wp\/v2\/media?parent=9043"}],"curies":[{"name":"wp","href":"https:\/\/api.w.org\/{rel}","templated":true}]}}