{"id":9085,"date":"2025-10-23T05:57:47","date_gmt":"2025-10-23T05:57:47","guid":{"rendered":"https:\/\/hotelarcadia.net\/?page_id=9085"},"modified":"2025-10-23T07:05:24","modified_gmt":"2025-10-23T07:05:24","slug":"miglior-boutique-hotel-di-venezia","status":"publish","type":"page","link":"https:\/\/hotelarcadia.net\/it\/miglior-boutique-hotel-di-venezia\/","title":{"rendered":"Il miglior boutique hotel di Venezia \u2013 Arcadia Boutique Hotel"},"content":{"rendered":"\n<p style=\"text-align: left;\">Vivi il fascino senza tempo del miglior boutique hotel di Venezia<\/p>\n<p style=\"text-align: left;\" data-start=\"688\" data-end=\"1019\">Benvenuto all\u2019<strong data-start=\"699\" data-end=\"725\">Arcadia Boutique Hotel<\/strong>, un rifugio intimo dove la storia veneziana incontra il comfort contemporaneo pi\u00f9 raffinato.<br data-start=\"805\" data-end=\"808\" \/>Spesso descritto dai viaggiatori come il <strong data-start=\"844\" data-end=\"877\">miglior boutique hotel di Venezia<\/strong>, l\u2019Arcadia ti invita a scoprire l\u2019anima autentica della citt\u00e0 \u2014 un luogo dove eleganza, calore e arte si fondono in perfetta armonia.<\/p>\n<p style=\"text-align: left;\" data-start=\"1021\" data-end=\"1451\">Situato in un magnifico <strong data-start=\"1054\" data-end=\"1077\">palazzo del XVIII secolo<\/strong> splendidamente restaurato nel cuore dello storico sestiere di Cannaregio, l\u2019hotel racchiude l\u2019essenza del vero fascino veneziano. All\u2019interno, il <strong data-start=\"1185\" data-end=\"1224\">maestoso lampadario in vetro di Murano<\/strong> domina il piano nobile, illuminando tonalit\u00e0 morbide, stucchi preziosi e dettagli che sussurrano storie di secoli passati. Ogni momento qui \u00e8 come vivere dentro un dipinto, circondato da un lusso discreto e da un\u2019accoglienza raffinata.<\/p>\n<h3 style=\"text-align: left;\" data-start=\"1458\" data-end=\"1521\">Perch\u00e9 l\u2019Arcadia \u00e8 considerato il miglior boutique hotel di Venezia<\/h3>\n<p style=\"text-align: left;\" data-start=\"1523\" data-end=\"1760\">Ogni soggiorno all\u2019Arcadia \u00e8 un\u2019esperienza pensata per chi ama la bellezza in ogni dettaglio. L\u2019hotel unisce l\u2019anima di Venezia all\u2019eleganza del comfort moderno, creando un luogo che \u00e8 al tempo stesso esclusivo e accogliente.<\/p>\n<p style=\"text-align: left;\" data-start=\"1762\" data-end=\"1865\">Gli ospiti sottolineano spesso tre motivi che rendono l\u2019Arcadia unico tra i boutique hotel di Venezia:<\/p>\n<ol style=\"text-align: left;\" data-start=\"1866\" data-end=\"2159\">\n<li data-start=\"1866\" data-end=\"1961\">\n<p data-start=\"1869\" data-end=\"1961\"><strong data-start=\"1869\" data-end=\"1899\">Un\u2019eleganza senza tempo<\/strong> \u2013 dal lampadario in vetro di Murano agli affreschi del salone nobile.<\/p>\n<\/li>\n<li data-start=\"1962\" data-end=\"2059\">\n<p data-start=\"1965\" data-end=\"2059\"><strong data-start=\"1965\" data-end=\"1999\">Servizio personalizzato e discreto<\/strong> \u2013 il nostro piccolo team accoglie ogni ospite come un caro amico.<\/p>\n<\/li>\n<li data-start=\"2060\" data-end=\"2159\">\n<p data-start=\"2063\" data-end=\"2159\"><strong data-start=\"2063\" data-end=\"2093\">Ambiente solo per adulti<\/strong> \u2013 offre un\u2019atmosfera tranquilla e romantica, perfetta per le coppie.<\/p>\n<\/li>\n<\/ol>\n<p style=\"text-align: left;\" data-start=\"2161\" data-end=\"2326\">Situato a soli dieci minuti a piedi dalla <strong data-start=\"2196\" data-end=\"2225\">stazione ferroviaria di Santa Lucia<\/strong> e a pochi passi dal <strong data-start=\"2254\" data-end=\"2271\">Ponte di Rialto<\/strong>, l\u2019Arcadia unisce eleganza e comodit\u00e0 impareggiabili.<\/p>\n<h3 style=\"text-align: left;\" data-start=\"2333\" data-end=\"2387\">Un palazzo storico dove passato e presente si incontrano<\/h3>\n<p style=\"text-align: left;\" data-start=\"2389\" data-end=\"2664\">Entrare all\u2019Arcadia \u00e8 come fare un salto in un\u2019altra epoca. Il palazzo \u00e8 stato restaurato con amore per preservarne l\u2019architettura originale, integrando al contempo un design moderno e raffinato. Il risultato \u00e8 uno spazio che racconta la storia di Venezia \u2014 antica e vibrante, classica e contemporanea allo stesso tempo.<\/p>\n<p style=\"text-align: left;\" data-start=\"2666\" data-end=\"2983\">Il <strong data-start=\"2678\" data-end=\"2693\">piano nobile<\/strong> dell\u2019hotel conserva ancora l\u2019atmosfera dell\u2019et\u00e0 d\u2019oro veneziana, quando la luce delle candele si rifletteva sul vetro di Murano e le famiglie patrizie ospitavano sontuosi ricevimenti. Oggi, gli ospiti possono rivivere quella magia circondati da arte, luce soffusa e un senso di intimit\u00e0 che solo i migliori boutique hotel di Venezia sanno offrire.<\/p>\n<p style=\"text-align: left;\" data-start=\"2985\" data-end=\"3275\">Ogni camera \u2014 dalla <strong data-start=\"3006\" data-end=\"3023\">Doppia Deluxe<\/strong> alla <strong data-start=\"3031\" data-end=\"3047\">Junior Suite<\/strong> \u2014 \u00e8 stata creata come un santuario privato. Lenzuola di cotone egiziano ricamato a mano, lavandini in vetro di Murano, materassi ipoallergenici e <strong data-start=\"3183\" data-end=\"3222\">prodotti esclusivi Roberto Cavalli<\/strong> elevano l\u2019esperienza a un livello di lusso sobrio e autentico.<\/p>\n<h3 style=\"text-align: left;\" data-start=\"4039\" data-end=\"4081\">Lo Skyfall Bar \u2013 Un momento fuori dal tempo<\/h3>\n<p style=\"text-align: left;\" data-start=\"4083\" data-end=\"4464\">Il <strong data-start=\"4087\" data-end=\"4102\">Skyfall Bar<\/strong>, situato nel cuore del piano nobile, rappresenta l\u2019anima pi\u00f9 intima dell\u2019hotel. Qui il tempo sembra fermarsi mentre sorseggi uno spritz, una tisana o un cocktail d\u2019autore. Che sia nella luce morbida del mattino veneziano o al chiarore delle candele serali, il bar \u00e8 l\u2019ambiente ideale per rilassarsi, leggere un libro d\u2019arte o semplicemente godere del ritmo della citt\u00e0 che scorre oltre le finestre.<\/p>\n<p style=\"text-align: left;\" data-start=\"4466\" data-end=\"4603\">\u00c8 qui che le conversazioni si dilatano, le risate riecheggiano e il vero spirito di Venezia si rivela \u2014 lentamente, con grazia e sincerit\u00e0.<\/p>\n<h3 style=\"text-align: left;\" data-start=\"4610\" data-end=\"4642\">Un rifugio romantico per coppie<\/h3>\n<p style=\"text-align: left;\" data-start=\"4644\" data-end=\"5068\">L\u2019Arcadia Boutique Hotel \u00e8 pensato esclusivamente per adulti, il che lo rende uno dei <strong data-start=\"4724\" data-end=\"4767\">boutique hotel pi\u00f9 romantici di Venezia<\/strong>. Il <strong data-start=\"4773\" data-end=\"4797\">pacchetto \u201cI Love You\u201d<\/strong> offre alle coppie un soggiorno indimenticabile: petali di rosa sul letto, una bottiglia di Prosecco e fragole all\u2019arrivo, e la colazione servita in camera.<br data-start=\"4956\" data-end=\"4959\" \/>\u00c8 il rifugio perfetto per anniversari, lune di miele o semplicemente per innamorarsi di nuovo di Venezia.<\/p>\n\n\n\n<h3 data-start=\"5075\" data-end=\"5101\">I nostri ospiti lo raccontano meglio di noi<\/h3>\n<p data-start=\"5103\" data-end=\"5372\">Tra centinaia di recensioni entusiaste, una cosa \u00e8 certa: viaggiatori da tutto il mondo definiscono l\u2019Arcadia un <strong data-start=\"5199\" data-end=\"5213\">gioiello nascosto<\/strong> nel cuore di Venezia. Gli ospiti lodano l\u2019atmosfera accogliente, la pulizia impeccabile e l\u2019attenzione personale che trasforma ogni soggiorno in un ricordo prezioso.<\/p>\n<blockquote data-start=\"5374\" data-end=\"5608\">\n<p data-start=\"5376\" data-end=\"5608\">\u201cUn gioiello nel cuore di Venezia. Tutto perfetto \u2014 lo staff, la colazione, la bellezza delle camere. Ci siamo sentiti davvero a casa.\u201d<br data-start=\"5508\" data-end=\"5511\" \/>\u201cL\u2019Arcadia non \u00e8 solo un hotel, \u00e8 un\u2019esperienza \u2014 elegante, romantica e autenticamente veneziana.\u201d<\/p>\n<\/blockquote>\n<p data-start=\"5610\" data-end=\"5720\">Le loro parole riflettono ci\u00f2 che cerchiamo di offrire ogni giorno: un soggiorno non solo bello, ma profondamente umano.<\/p>\n<h3 data-start=\"5727\" data-end=\"5771\">Scopri l\u2019anima autentica di Cannaregio<\/h3>\n<p data-start=\"5773\" data-end=\"6070\">L\u2019Arcadia si trova nel cuore di <strong data-start=\"5806\" data-end=\"5820\">Cannaregio<\/strong>, uno dei quartieri pi\u00f9 autentici di Venezia. Lontano dai percorsi turistici pi\u00f9 affollati, questo sestiere rivela il ritmo quotidiano della citt\u00e0 \u2014 botteghe artigiane, cortili nascosti e veneziani che gustano cicchetti lungo le <strong data-start=\"6034\" data-end=\"6067\">Fondamenta della Misericordia<\/strong>.<\/p>\n<p data-start=\"6072\" data-end=\"6300\">Da qui puoi raggiungere facilmente il <strong data-start=\"6110\" data-end=\"6127\">Ghetto Ebraico<\/strong>, il <strong data-start=\"6129\" data-end=\"6146\">Mercato di Rialto<\/strong> o prendere un vaporetto per Piazza San Marco. E ogni volta che torni, l\u2019Arcadia ti accoglie con la pace, l\u2019eleganza e il comfort di una vera casa veneziana.<\/p>\n<p data-start=\"6072\" data-end=\"6300\"> <\/p>\n\n\n<div id=\"rank-math-faq\" class=\"rank-math-block\">\n<div class=\"rank-math-list \">\n<div id=\"faq-question-68f9d3b48a2b8\" class=\"rank-math-list-item\">\n<h3 class=\"rank-math-question \">Cosa rende l\u2019Arcadia il miglior boutique hotel di Venezia?<\/h3>\n<div class=\"rank-math-answer \">\n\n<p>La sua combinazione di fascino storico, design moderno e servizio autentico crea un\u2019esperienza davvero unica.<\/p>\n\n<\/div>\n<\/div>\n<div id=\"faq-question-68f9d3b48a2ba\" class=\"rank-math-list-item\">\n<h3 class=\"rank-math-question \">Dove si trova l\u2019Arcadia Boutique Hotel?<\/h3>\n<div class=\"rank-math-answer \">\n\n<p>Nel sestiere di Cannaregio, a soli dieci minuti a piedi dalla stazione ferroviaria e vicino al Ponte di Rialto.<\/p>\n\n<\/div>\n<\/div>\n<div id=\"faq-question-68f9d3b48a2bb\" class=\"rank-math-list-item\">\n<h3 class=\"rank-math-question \">L\u2019Arcadia \u00e8 adatto alle coppie?<\/h3>\n<div class=\"rank-math-answer \">\n\n<p>S\u00ec. Essendo un boutique hotel per soli adulti, offre un\u2019atmosfera intima e romantica ideale per le coppie.<\/p>\n\n<\/div>\n<\/div>\n<div id=\"faq-question-68f9d3b48a2bc\" class=\"rank-math-list-item\">\n<h3 class=\"rank-math-question \">Quali servizi offre l\u2019Arcadia?<\/h3>\n<div class=\"rank-math-answer \">\n\n<p>Arredi in vetro di Murano, colazione gourmet, Skyfall Bar e prodotti esclusivi Roberto Cavalli.<\/p>\n\n<\/div>\n<\/div>\n<\/div>\n<\/div>\n\n\n<p style=\"text-align: left;\"><strong>Prenota il tuo soggiorno all\u2019Arcadia Boutique Hotel<br \/><\/strong>Se stai cercando il miglior boutique hotel di Venezia, il tuo viaggio finisce qui.<br data-start=\"7078\" data-end=\"7081\" \/>Lascia che la storia, l\u2019eleganza e il calore dell\u2019Arcadia diventino parte della tua esperienza veneziana.<br data-start=\"7160\" data-end=\"7163\" \/>Prenota direttamente dal nostro sito ufficiale per usufruire di vantaggi esclusivi e della migliore tariffa disponibile.<strong><br \/><\/strong><\/p>\n\n","protected":false},"excerpt":{"rendered":"<p>Vivi il fascino senza tempo del miglior boutique hotel di Venezia Benvenuto all\u2019Arcadia Boutique Hotel, un rifugio intimo dove la storia veneziana incontra il comfort contemporaneo pi\u00f9 raffinato.Spesso descritto dai viaggiatori come il miglior boutique hotel di Venezia, l\u2019Arcadia ti invita a scoprire l\u2019anima autentica della citt\u00e0 \u2014 un luogo dove eleganza, calore e arte [&hellip;]<\/p>\n","protected":false},"author":1,"featured_media":4487,"parent":0,"menu_order":0,"comment_status":"closed","ping_status":"closed","template":"","meta":{"_acf_changed":false,"footnotes":""},"class_list":["post-9085","page","type-page","status-publish","has-post-thumbnail","hentry"],"acf":[],"_links":{"self":[{"href":"https:\/\/hotelarcadia.net\/it\/wp-json\/wp\/v2\/pages\/9085","targetHints":{"allow":["GET"]}}],"collection":[{"href":"https:\/\/hotelarcadia.net\/it\/wp-json\/wp\/v2\/pages"}],"about":[{"href":"https:\/\/hotelarcadia.net\/it\/wp-json\/wp\/v2\/types\/page"}],"author":[{"embeddable":true,"href":"https:\/\/hotelarcadia.net\/it\/wp-json\/wp\/v2\/users\/1"}],"replies":[{"embeddable":true,"href":"https:\/\/hotelarcadia.net\/it\/wp-json\/wp\/v2\/comments?post=9085"}],"version-history":[{"count":0,"href":"https:\/\/hotelarcadia.net\/it\/wp-json\/wp\/v2\/pages\/9085\/revisions"}],"wp:featuredmedia":[{"embeddable":true,"href":"https:\/\/hotelarcadia.net\/it\/wp-json\/wp\/v2\/media\/4487"}],"wp:attachment":[{"href":"https:\/\/hotelarcadia.net\/it\/wp-json\/wp\/v2\/media?parent=9085"}],"curies":[{"name":"wp","href":"https:\/\/api.w.org\/{rel}","templated":true}]}}